{"id":137,"date":"2024-04-28T22:21:51","date_gmt":"2024-04-28T22:21:51","guid":{"rendered":"https:\/\/blog.yoopies.lu\/recherche-intervenant-domicile-informations1\/"},"modified":"2025-06-12T08:47:40","modified_gmt":"2025-06-12T08:47:40","slug":"recherche-intervenant-domicile-informations1","status":"publish","type":"page","link":"https:\/\/yoopies.lu\/c\/recherche-intervenant-domicile-informations1\/","title":{"rendered":"Je cherche un intervenant \u00e0 domicile : Guide complet 2024 pour les familles"},"content":{"rendered":"<p><p><strong>Vous &ecirc;tes &agrave; la recherche d&rsquo;un intervenant &agrave; domicile pour la garde d&rsquo;enfants, le soutien scolaire, le m&eacute;nage, l&rsquo;aide aux personnes d&eacute;pendantes ou la garde d&rsquo;animaux ?  Vous souhaitez avoir l&rsquo;esprit tranquille lorsque vous partez travailler ou lorsque vous sortez vous d&eacute;compresser? Nous nous occupons de tout ! <\/strong><\/p>\n<p>L&rsquo;aide &agrave; domicile appara&icirc;t aujourd&rsquo;hui comme la r&eacute;ponse id&eacute;ale &agrave; toutes vos demandes. Yoopies, premi&egrave;re plateforme de services &agrave; domicile en France, vous propose tous types de services. Que vous soyez parents, seniors, personnes en situation de handicap, &eacute;tudiants, notre objectif est de r&eacute;pondre &agrave; vos besoins. Yoopies s&rsquo;occupe de la mise en relation et l&rsquo;assistance dans les d&eacute;marches administratives. En effet, vous pouvez b&eacute;n&eacute;ficier d&rsquo;un accompagnement administratif et juridique personnalis&eacute; ainsi que de notre automatisation des d&eacute;marches. <\/p>\n<p><strong>On vous donne conseils et astuces, que vous retrouverez dans les articles r&eacute;dig&eacute;s par nos experts.  <\/strong><\/p>\n<h2><strong>Sommaire <\/strong><\/h2>\n<ul>\n<li><a href=\"https:\/\/#h2-2\">Garde d&rsquo;enfants<\/a><\/li>\n<li><a href=\"https:\/\/#h2-3\">Soutien scolaire <\/a><\/li>\n<li><a href=\"https:\/\/#h2-4\">M&eacute;nage <\/a><\/li>\n<li><a href=\"https:\/\/#h2-5\">Garde d&rsquo;animaux<\/a><\/li>\n<li><a href=\"https:\/\/#h2-6\">Aide &agrave; la personne <\/a><\/li>\n<li><a href=\"https:\/\/#h2-7\">Le magazine des parents<\/a><\/li>\n<li><a href=\"https:\/\/#h2-8\">Informations pour embaucher un salari&eacute; &agrave; domicile <\/a><\/li>\n<li><a href=\"https:\/\/#h2-9\">Trouver un auto-entrepreneur<\/a><\/li>\n<\/ul>\n<p class=\"block-img\"><img decoding=\"async\" src=\"https:\/\/yoopies.lu\/c\/wp-content\/uploads\/sites\/11\/2024\/04\/7b056860-4be2-4489-9850-56138b9e4b80_pexels-fauxels-3184422-1.jpg\" alt=\"\"><\/p>\n<h3><\/h3>\n<\/p>\n<p><h3><\/h3>\n<h2><a target=\"_blank\" rel=\"noopener\" href=\"https:\/\/yoopies.lu\/baby-sitting\"><strong>Garde d&rsquo;enfants<\/strong><\/a><\/h2>\n<\/p>\n<p>Dans le monde d&rsquo;aujourd&rsquo;hui, g&eacute;rer les enfants et le travail en m&ecirc;me temps est devenu difficile. Votre planning peut parfois &ecirc;tre compliqu&eacute;, les grands-parents ne sont pas toujours pr&egrave;s et disponibles, alors trouver une baby-sitter, une nounou ou une assistante maternelle devient la meilleure solution pour les parents. <\/p>\n<p>Vous voulez trouver un(e) baby-sitter qui pourra garder vos enfants r&eacute;guli&egrave;rement ? Les <a target=\"_blank\" rel=\"noopener\" href=\"https:\/\/yoopies.lu\/c\/annonce-baby-sitting-lettre-de-motivation-garde-d-enfant\">annonces babysitting<\/a> ainsi que les <a target=\"_blank\" rel=\"noopener\" href=\"https:\/\/yoopies.lu\/c\/annonce-assistante-maternelle\">annonces assistante maternelle<\/a> sont nombreuses. Vous avez plut&ocirc;t besoin d&rsquo;un baby-sitting occasionnel ? Votre baby-sitter vous remplacera en votre absence &agrave; n&rsquo;importe quel moment de la journ&eacute;e, m&ecirc;me pendant que vous t&eacute;l&eacute;travaillez dans la pi&egrave;ce d&rsquo;&agrave; c&ocirc;t&eacute;. Gardez en t&ecirc;te que vos enfants doivent bien s&rsquo;entendre avec votre baby-sitter et se sentir en confiance avec elle ! Ainsi, renseignez de fa&ccedil;on claire tous vos besoins dans la description de votre profil. Vous pourrez, ainsi, &eacute;viter les malentendus et gagner du temps.<\/p>\n<p><strong>Pour tout ce qui concerne les actualit&eacute;s et la r&eacute;glementation de la garde d&rsquo;enfants, ainsi que nos conseils pour trouver la meilleure nounou, baby-sitter et assistante maternelle pour vos tout-petits, consultez notre liste de guides.<\/strong><\/p>\n<\/p>\n<p class=\"block-img\"><img decoding=\"async\" src=\"https:\/\/yoopies.lu\/c\/wp-content\/uploads\/sites\/11\/2024\/04\/9b500a0e-3eb5-460c-a3b3-51a21c679611_baby-.jpg\" alt=\"\"><\/p>\n<\/p>\n<p><h2><strong><a target=\"_blank\" rel=\"noopener\" href=\"https:\/\/yoopies.lu\/soutien-scolaire\">Soutien Scolaire<\/a>\t<\/strong><\/h2>\n<\/p>\n<p>Votre enfant est tr&egrave;s studieux en classe mais a du mal &agrave; s&rsquo;organiser seul ? Dans ce cas, le soutien scolaire lui permettra de&nbsp;remettre &agrave; plat les m&eacute;thodes de travail&nbsp;en reprenant les fondamentaux : un espace de travail au calme et d&eacute;di&eacute; &agrave; l&rsquo;apprentissage, un planning d&eacute;fini et une m&eacute;thodologie expliqu&eacute;e.<\/p>\n<p>Si les notes de votre enfant n&rsquo;augmentent pas malgr&eacute; un travail acharn&eacute;, c&rsquo;est souvent li&eacute; &agrave; sa m&eacute;thodologie de travail ! Cela demande une organisation rigoureuse et l&rsquo;&eacute;l&egrave;ve n&rsquo;y parvient peut-&ecirc;tre pas seul. Faire appel &agrave; un&nbsp;professeur de soutien scolaire&nbsp;p&eacute;dagogue lui permettra de&nbsp;reprendre les bases d&rsquo;une bonne m&eacute;thodologie de travail&nbsp;pour maintenir ses notes.<\/p>\n<p>Avec un professeur particulier, votre enfant b&eacute;n&eacute;ficie de cours particuliers personnalis&eacute;s et peut ainsi poser toutes les questions qu&rsquo;il souhaite pour comprendre et avancer dans son cursus scolaire. Le professeur particulier sera l&agrave; pour rattraper toutes les difficult&eacute;s scolaires que peut rencontrer votre enfant ! <\/p>\n<p>Aujourd&rsquo;hui, g&eacute;rer les devoirs des enfants et votre travail en m&ecirc;me temps est devenu tr&egrave;s compliqu&eacute; ! Si vous rentrez tard du boulot, savoir que votre enfant est avec un professeur particulier et re&ccedil;oit de l&rsquo;aide aux devoirs peut vous &ecirc;tre rassurant. Vous savez qu&rsquo;une personne exp&eacute;riment&eacute;e s&rsquo;occupe des devoirs de votre enfant et veille &agrave; son l&rsquo;&eacute;volution scolaire. Votre temps libre avec vos enfants pourra alors &ecirc;tre consacr&eacute; &agrave; des activit&eacute;s plus agr&eacute;ables que les devoirs.<\/p>\n<p>N&rsquo;h&eacute;sitez plus ! Trouvez votre professeur particulier parmi les nombreuses <a target=\"_blank\" rel=\"noopener\" href=\"https:\/\/yoopies.lu\/c\/annonces-cours-particuliers\">annonces de cours particuliers<\/a> pr&eacute;sentes sur la plateforme. <\/p>\n<p><strong>Des conseils sont fournis pour vous aider &agrave; trouver les meilleurs professeurs de soutien scolaire pour des cours &agrave; domicile et cours en ligne dans les articles r&eacute;dig&eacute;s par nos experts. <\/strong><\/p>\n<\/p>\n<p class=\"block-img\"><img decoding=\"async\" src=\"https:\/\/yoopies.lu\/c\/wp-content\/uploads\/sites\/11\/2024\/04\/9e597736-dd39-43be-8566-bb77cf7c06db_overhead-shot-office-accessories-white-background.jpg\" alt=\"\"><\/p>\n<h3><strong><br \/>\n<\/strong><\/h3>\n<\/p>\n<p><h2><a target=\"_blank\" rel=\"noopener\" href=\"https:\/\/yoopies.lu\/menage\"><strong>M&eacute;nage&nbsp;<\/strong><\/a><\/h2>\n<\/p>\n<p>Travailler toute la journ&eacute;e, pr&eacute;parer le repas, s&rsquo;occuper des enfants et de leurs devoirs, faire les courses&hellip; Vos journ&eacute;es sont charg&eacute;es et vous n&rsquo;avez plus  le temps pour le m&eacute;nage ? Vous avez s&ucirc;rement besoin d&rsquo;aide ! Faites appel &agrave; une aide m&eacute;nag&egrave;re ou une femme de m&eacute;nage. C&rsquo;est la solution qu&rsquo;il vous faut. Nombreuses sont les <a target=\"_blank\" rel=\"noopener\" href=\"https:\/\/yoopies.lu\/c\/annonces-aide-menagere\">annonces d&rsquo;aide m&eacute;nag&egrave;re<\/a> sur la plateforme Yoopies ! <\/p>\n<p>Une aide m&eacute;nag&egrave;re est un professionnel qui se rend directement chez vous pour s&rsquo;occuper de votre m&eacute;nage. Vous lui expliquez les&nbsp;t&acirc;ches m&eacute;nag&egrave;res&nbsp;&agrave; r&eacute;aliser et votre&nbsp;femme de m&eacute;nage&nbsp;s&rsquo;en occupe pour vous.<\/p>\n<p>Votre aide m&eacute;nag&egrave;re assurera le d&eacute;poussi&eacute;rage de vos meubles, le nettoyage des vitres, le nettoyage de la salle de bain, le nettoyage des sols. Elle peut &eacute;galement s&rsquo;occuper de l&rsquo;entretien de vos linges, du changement des draps dans les chambres ou encore du rangement dans votre cuisine. Tout d&eacute;pendra de vos besoins ! Qu&rsquo;il s&rsquo;agisse d&rsquo;un besoin r&eacute;gulier de m&eacute;nage ou d&rsquo;un besoin ponctuel &agrave; vos retours de vacances par exemple, nos aides m&eacute;nag&egrave;res seront l&agrave; pour vous soulager ! <\/p>\n<p><strong>Toutes les informations dont vous pourriez avoir besoin pour trouver la meilleure aide m&eacute;nag&egrave;re ou femme de m&eacute;nage &agrave; domicile. Nous vous invitons &agrave; consulter nos articles pleins de conseils et d&rsquo;astuces sur ce service &agrave; domicile. <\/strong><\/p>\n<\/p>\n<p class=\"block-img\"><img decoding=\"async\" src=\"https:\/\/yoopies.lu\/c\/wp-content\/uploads\/sites\/11\/2024\/04\/b2086d59-5fdd-494f-a4b1-a04bda9964f2_pexels-karolina-grabowska-4239033.jpg\" alt=\"\"><\/p>\n<\/p>\n<p><h2><strong><a target=\"_blank\" rel=\"noopener\" href=\"https:\/\/yoopies.lu\/garde-animaux\">Garde d&rsquo;animaux<\/a>&nbsp;<\/strong><\/h2>\n<\/p>\n<p>Si vous &ecirc;tes propri&eacute;taire d&rsquo;un ou plusieurs animaux de compagnie, il est indispensable d&rsquo;assurer leur bien-&ecirc;tre au quotidien. Aujourd&rsquo;hui, continuer de prendre soin d&rsquo;eux, m&ecirc;me si vous manquez de temps n&rsquo;est pas une mission impossible.  En effet, il existe aujourd&rsquo;hui des solutions de garde d&rsquo;animaux tr&egrave;s flexibles pour assurer le bien-&ecirc;tre de vos compagnons ainsi qu&rsquo;un meilleur confort &agrave; travers le pet sitting. Eh oui ! Le principe est en plus tr&egrave;s simple&nbsp;: pendant votre absence, vous confiez votre animal de compagnie &agrave; un pet-sitter qui prendra soin de lui jusqu&rsquo;&agrave; votre retour. Plusieurs types de garde d&rsquo;animaux sont possibles selon vos besoins : la garde chez le<a target=\"_self\" rel=\"noopener\" href=\"https:\/\/yoopies.lu\/garde-animaux\"> pet-sitter<\/a>, la garde &agrave; votre domicile, les gardes de nuit ou encore la garde pour de la promenade. <\/p>\n<p><strong>Pour trouver la solution id&eacute;ale pour votre animal de compagnie, ne cherchez pas plus loin que nos articles de garde d&rsquo;animaux &agrave; domicile ! <\/strong><\/p>\n<\/p>\n<p class=\"block-img\"><img decoding=\"async\" src=\"https:\/\/yoopies.lu\/c\/wp-content\/uploads\/sites\/11\/2024\/04\/05149fd8-612d-4b8c-a116-5657daf467ae_pexels-sam-lion-5733178.jpg\" alt=\"\"><\/p>\n<\/p>\n<p><h2><a target=\"_blank\" rel=\"noopener\" href=\"https:\/\/yoopies.lu\/aide-a-domicile\"><strong>Aide &agrave; la personne<\/strong><\/a><\/h2>\n<\/p>\n<p>Pour les personnes d&eacute;pendantes, pourquoi ne pas engager une aide &agrave; la personne &agrave; domicile ? Cette aide leur permettra de conserver une vie sociale.<\/p>\n<p>L&rsquo;aide &agrave; la personne comprend l&rsquo;aide &agrave; l&rsquo;autonomie (aide &agrave; la toilette, pr&eacute;sence de nuit, aide au lever et au coucher), l&rsquo;aide aux repas, ou encore l&rsquo;assistance administrative. <\/p>\n<p>Vous pouvez &eacute;galement avoir recours &agrave; l&rsquo;aide &agrave; la personne pour un accompagnement aux courses pour permettre &agrave; la personne d&eacute;pendante d&rsquo;aller au march&eacute; sans avoir &agrave; tirer un caddie ou porter les sacs par exemple, ou encore pour un accompagnement &agrave; la promenade qui leur permettra de rendre possible un exercice quotidien tout en &eacute;vitant le risque de chute de la personne d&eacute;pendante.<\/p>\n<\/p>\n<p><strong>Trouvez ici toutes les informations dont vous aurez besoin pour am&eacute;liorer la qualit&eacute; de vie d&rsquo;une personne &acirc;g&eacute;e. Nous vous invitons &agrave; consulter notre guide.<\/strong><\/p>\n<\/p>\n<p class=\"block-img\"><img decoding=\"async\" src=\"https:\/\/yoopies.lu\/c\/wp-content\/uploads\/sites\/11\/2024\/04\/f75df33d-2881-4b9c-ae15-5162768bbc23_pexels-andrea-piacquadio-3831187.jpg\" alt=\"\"><\/p>\n<\/p>\n<p><h2><\/h2>\n<\/p>\n<p class=\"block-img\"><img decoding=\"async\" src=\"https:\/\/yoopies.lu\/c\/wp-content\/uploads\/sites\/11\/2024\/04\/efa893f4-d94c-47e5-afb2-3a9ba6a37156_pexels-freestocksorg-818650.jpg\" alt=\"\"><\/p>\n<\/p>\n<p><h2><strong>Salari&eacute; &agrave; domicile <\/strong><\/h2>\n<\/p>\n<p>Vous allez devenir particulier employeur ! Le salari&eacute; est directement recrut&eacute;, d&eacute;clar&eacute; et r&eacute;mun&eacute;r&eacute; par le particulier, sans aucun interm&eacute;diaire. Comme tous les employ&eacute;s, il\/elle doit b&eacute;n&eacute;ficier d&rsquo;une couverture sociale compl&egrave;te, de ch&ocirc;mage, de cong&eacute; pay&eacute; etc. Si vous employez directement un salari&eacute;, vous avez &eacute;galement l&rsquo;obligation de le d&eacute;clarer. <\/p>\n<p><strong>Vous souhaitez embaucher un salari&eacute; &agrave; domicile pour la garde d&rsquo;enfants, le soutien scolaire, le m&eacute;nage, l&rsquo;aide aux personnes d&eacute;pendantes ou la garde d&rsquo;animaux ? Vous pouvez b&eacute;n&eacute;ficier d&rsquo;un accompagnement administratif et juridique pour l&#8217;emploi de votre salari&eacute; gr&acirc;ce &agrave; notre guide. <\/strong><\/p>\n<\/p>\n<p class=\"block-img\"><img decoding=\"async\" src=\"https:\/\/yoopies.lu\/c\/wp-content\/uploads\/sites\/11\/2024\/04\/8ec8dc6f-3e4c-44f2-a5c9-2acd4d5722bf_pexels-andrea-piacquadio-3771097.jpg\" alt=\"\"><\/p>\n<\/p>\n<h2><strong>Trouver un auto-entrepreneur <\/strong><\/h2>\n<\/p>\n<p>Le nombre d&rsquo;auto-entrepreneur pour des services &agrave; domicile et &agrave; la personne&nbsp;ne cesse d&rsquo;augmenter ces derni&egrave;res ann&eacute;es. En effet, de plus en plus de personnes souhaitent&nbsp;devenir auto-entrepreneur. Ces professionnels sont de plus en plus nombreux &agrave;&nbsp;se d&eacute;clarer sous le statut auto-entrepreneur. Ils exercent principalement des&nbsp;activit&eacute;s de m&eacute;nage, d&rsquo;aide &agrave; la personne, de garde d&rsquo;enfants ou encore de soutien scolaire &agrave; domicile. &nbsp;Ce besoin est en hausse avec le vieillissement de la population et les carri&egrave;res de plus en plus prenantes !<\/p>\n<p><strong>Vous souhaitez trouver un auto-entrepreneur pour la garde d&rsquo;enfants, le soutien scolaire, le m&eacute;nage, l&rsquo;aide aux personnes d&eacute;pendantes ou la garde d&rsquo;animaux ? Vous pouvez b&eacute;n&eacute;ficier d&rsquo;un accompagnement administratif et juridique pour l&#8217;emploi de votre salari&eacute; gr&acirc;ce &agrave; notre guide.<\/strong><\/p>\n<\/p>\n<p class=\"block-img\"><img decoding=\"async\" src=\"https:\/\/yoopies.lu\/c\/wp-content\/uploads\/sites\/11\/2024\/04\/687aaa22-9714-442b-84d2-7484592e1847_pexels-cottonbro-4065617.jpg\" alt=\"trouver un auto-entrepreneur \"><\/p>\n<\/p>\n<p><p>A tr&egrave;s vite sur Yoopies!<\/p>\n<\/p>\n<p><p><strong>Pas encore inscrit(e) sur Yoopies ?<\/strong><\/p>\n<\/p>\n<p><a class=\"button\" href=\"https:\/\/yoopies.lu\/registration\">Je m&rsquo;inscris<\/a><\/p>\n","protected":false},"excerpt":{"rendered":"<p>Vous &ecirc;tes &agrave; la recherche d&rsquo;un intervenant &agrave; domicile pour la garde d&rsquo;enfants, le soutien &hellip; <\/p>\n","protected":false},"author":10,"featured_media":147,"parent":0,"menu_order":0,"comment_status":"closed","ping_status":"closed","template":"","meta":{"_acf_changed":false,"footnotes":""},"class_list":["post-137","page","type-page","status-publish","has-post-thumbnail","hentry"],"acf":[],"yoast_head":"<!-- This site is optimized with the Yoast SEO plugin v26.9 - https:\/\/yoast.com\/product\/yoast-seo-wordpress\/ -->\n<title>Je cherche un intervenant \u00e0 domicile - informations\u00a0<\/title>\n<meta name=\"description\" content=\"Vous cherchez un intervenant \u00e0 domicile, toutes les informations et r\u00e9ponses \u00e0 vos questions dans les articles \u00e9crits par nos experts dans ce guide complet.\" \/>\n<meta name=\"robots\" content=\"index, follow, max-snippet:-1, max-image-preview:large, max-video-preview:-1\" \/>\n<link rel=\"canonical\" href=\"https:\/\/yoopies.lu\/c\/recherche-intervenant-domicile-informations1\/\" \/>\n<meta property=\"og:locale\" content=\"fr_FR\" \/>\n<meta property=\"og:type\" content=\"article\" \/>\n<meta property=\"og:title\" content=\"Je cherche un intervenant \u00e0 domicile - informations\u00a0\" \/>\n<meta property=\"og:description\" content=\"Vous cherchez un intervenant \u00e0 domicile, toutes les informations et r\u00e9ponses \u00e0 vos questions dans les articles \u00e9crits par nos experts dans ce guide complet.\" \/>\n<meta property=\"og:url\" content=\"https:\/\/yoopies.lu\/c\/recherche-intervenant-domicile-informations1\/\" \/>\n<meta property=\"og:site_name\" content=\"Yoopies Luxembourg\" \/>\n<meta property=\"article:modified_time\" content=\"2025-06-12T08:47:40+00:00\" \/>\n<meta property=\"og:image\" content=\"https:\/\/yoopies.lu\/c\/wp-content\/uploads\/sites\/11\/2024\/04\/5c5a1d77-98e3-4161-830f-b6e9d6da8013-pexels-tima-miroshnichenko-5813746.jpg\" \/>\n\t<meta property=\"og:image:width\" content=\"1200\" \/>\n\t<meta property=\"og:image:height\" content=\"1800\" \/>\n\t<meta property=\"og:image:type\" content=\"image\/jpeg\" \/>\n<meta name=\"twitter:card\" content=\"summary_large_image\" \/>\n<meta name=\"twitter:label1\" content=\"Dur\u00e9e de lecture estim\u00e9e\" \/>\n\t<meta name=\"twitter:data1\" content=\"9 minutes\" \/>\n<script type=\"application\/ld+json\" class=\"yoast-schema-graph\">{\"@context\":\"https:\/\/schema.org\",\"@graph\":[{\"@type\":\"WebPage\",\"@id\":\"https:\/\/yoopies.lu\/c\/recherche-intervenant-domicile-informations1\/\",\"url\":\"https:\/\/yoopies.lu\/c\/recherche-intervenant-domicile-informations1\/\",\"name\":\"Je cherche un intervenant \u00e0 domicile - informations\u00a0\",\"isPartOf\":{\"@id\":\"https:\/\/yoopies.lu\/c\/#website\"},\"primaryImageOfPage\":{\"@id\":\"https:\/\/yoopies.lu\/c\/recherche-intervenant-domicile-informations1\/#primaryimage\"},\"image\":{\"@id\":\"https:\/\/yoopies.lu\/c\/recherche-intervenant-domicile-informations1\/#primaryimage\"},\"thumbnailUrl\":\"https:\/\/yoopies.lu\/c\/wp-content\/uploads\/sites\/11\/2024\/04\/5c5a1d77-98e3-4161-830f-b6e9d6da8013-pexels-tima-miroshnichenko-5813746.jpg\",\"datePublished\":\"2024-04-28T22:21:51+00:00\",\"dateModified\":\"2025-06-12T08:47:40+00:00\",\"description\":\"Vous cherchez un intervenant \u00e0 domicile, toutes les informations et r\u00e9ponses \u00e0 vos questions dans les articles \u00e9crits par nos experts dans ce guide complet.\",\"breadcrumb\":{\"@id\":\"https:\/\/yoopies.lu\/c\/recherche-intervenant-domicile-informations1\/#breadcrumb\"},\"inLanguage\":\"fr-FR\",\"potentialAction\":[{\"@type\":\"ReadAction\",\"target\":[\"https:\/\/yoopies.lu\/c\/recherche-intervenant-domicile-informations1\/\"]}]},{\"@type\":\"ImageObject\",\"inLanguage\":\"fr-FR\",\"@id\":\"https:\/\/yoopies.lu\/c\/recherche-intervenant-domicile-informations1\/#primaryimage\",\"url\":\"https:\/\/yoopies.lu\/c\/wp-content\/uploads\/sites\/11\/2024\/04\/5c5a1d77-98e3-4161-830f-b6e9d6da8013-pexels-tima-miroshnichenko-5813746.jpg\",\"contentUrl\":\"https:\/\/yoopies.lu\/c\/wp-content\/uploads\/sites\/11\/2024\/04\/5c5a1d77-98e3-4161-830f-b6e9d6da8013-pexels-tima-miroshnichenko-5813746.jpg\",\"width\":1200,\"height\":1800},{\"@type\":\"BreadcrumbList\",\"@id\":\"https:\/\/yoopies.lu\/c\/recherche-intervenant-domicile-informations1\/#breadcrumb\",\"itemListElement\":[{\"@type\":\"ListItem\",\"position\":1,\"name\":\"Home\",\"item\":\"https:\/\/yoopies.lu\/c\/\"},{\"@type\":\"ListItem\",\"position\":2,\"name\":\"Je cherche un intervenant \u00e0 domicile : Guide complet 2024 pour les familles\"}]},{\"@type\":\"WebSite\",\"@id\":\"https:\/\/yoopies.lu\/c\/#website\",\"url\":\"https:\/\/yoopies.lu\/c\/\",\"name\":\"Yoopies Luxembourg\",\"description\":\"\",\"potentialAction\":[{\"@type\":\"SearchAction\",\"target\":{\"@type\":\"EntryPoint\",\"urlTemplate\":\"https:\/\/yoopies.lu\/c\/?s={search_term_string}\"},\"query-input\":{\"@type\":\"PropertyValueSpecification\",\"valueRequired\":true,\"valueName\":\"search_term_string\"}}],\"inLanguage\":\"fr-FR\"}]}<\/script>\n<!-- \/ Yoast SEO plugin. -->","yoast_head_json":{"title":"Je cherche un intervenant \u00e0 domicile - informations\u00a0","description":"Vous cherchez un intervenant \u00e0 domicile, toutes les informations et r\u00e9ponses \u00e0 vos questions dans les articles \u00e9crits par nos experts dans ce guide complet.","robots":{"index":"index","follow":"follow","max-snippet":"max-snippet:-1","max-image-preview":"max-image-preview:large","max-video-preview":"max-video-preview:-1"},"canonical":"https:\/\/yoopies.lu\/c\/recherche-intervenant-domicile-informations1\/","og_locale":"fr_FR","og_type":"article","og_title":"Je cherche un intervenant \u00e0 domicile - informations\u00a0","og_description":"Vous cherchez un intervenant \u00e0 domicile, toutes les informations et r\u00e9ponses \u00e0 vos questions dans les articles \u00e9crits par nos experts dans ce guide complet.","og_url":"https:\/\/yoopies.lu\/c\/recherche-intervenant-domicile-informations1\/","og_site_name":"Yoopies Luxembourg","article_modified_time":"2025-06-12T08:47:40+00:00","og_image":[{"width":1200,"height":1800,"url":"https:\/\/yoopies.lu\/c\/wp-content\/uploads\/sites\/11\/2024\/04\/5c5a1d77-98e3-4161-830f-b6e9d6da8013-pexels-tima-miroshnichenko-5813746.jpg","type":"image\/jpeg"}],"twitter_card":"summary_large_image","twitter_misc":{"Dur\u00e9e de lecture estim\u00e9e":"9 minutes"},"schema":{"@context":"https:\/\/schema.org","@graph":[{"@type":"WebPage","@id":"https:\/\/yoopies.lu\/c\/recherche-intervenant-domicile-informations1\/","url":"https:\/\/yoopies.lu\/c\/recherche-intervenant-domicile-informations1\/","name":"Je cherche un intervenant \u00e0 domicile - informations\u00a0","isPartOf":{"@id":"https:\/\/yoopies.lu\/c\/#website"},"primaryImageOfPage":{"@id":"https:\/\/yoopies.lu\/c\/recherche-intervenant-domicile-informations1\/#primaryimage"},"image":{"@id":"https:\/\/yoopies.lu\/c\/recherche-intervenant-domicile-informations1\/#primaryimage"},"thumbnailUrl":"https:\/\/yoopies.lu\/c\/wp-content\/uploads\/sites\/11\/2024\/04\/5c5a1d77-98e3-4161-830f-b6e9d6da8013-pexels-tima-miroshnichenko-5813746.jpg","datePublished":"2024-04-28T22:21:51+00:00","dateModified":"2025-06-12T08:47:40+00:00","description":"Vous cherchez un intervenant \u00e0 domicile, toutes les informations et r\u00e9ponses \u00e0 vos questions dans les articles \u00e9crits par nos experts dans ce guide complet.","breadcrumb":{"@id":"https:\/\/yoopies.lu\/c\/recherche-intervenant-domicile-informations1\/#breadcrumb"},"inLanguage":"fr-FR","potentialAction":[{"@type":"ReadAction","target":["https:\/\/yoopies.lu\/c\/recherche-intervenant-domicile-informations1\/"]}]},{"@type":"ImageObject","inLanguage":"fr-FR","@id":"https:\/\/yoopies.lu\/c\/recherche-intervenant-domicile-informations1\/#primaryimage","url":"https:\/\/yoopies.lu\/c\/wp-content\/uploads\/sites\/11\/2024\/04\/5c5a1d77-98e3-4161-830f-b6e9d6da8013-pexels-tima-miroshnichenko-5813746.jpg","contentUrl":"https:\/\/yoopies.lu\/c\/wp-content\/uploads\/sites\/11\/2024\/04\/5c5a1d77-98e3-4161-830f-b6e9d6da8013-pexels-tima-miroshnichenko-5813746.jpg","width":1200,"height":1800},{"@type":"BreadcrumbList","@id":"https:\/\/yoopies.lu\/c\/recherche-intervenant-domicile-informations1\/#breadcrumb","itemListElement":[{"@type":"ListItem","position":1,"name":"Home","item":"https:\/\/yoopies.lu\/c\/"},{"@type":"ListItem","position":2,"name":"Je cherche un intervenant \u00e0 domicile : Guide complet 2024 pour les familles"}]},{"@type":"WebSite","@id":"https:\/\/yoopies.lu\/c\/#website","url":"https:\/\/yoopies.lu\/c\/","name":"Yoopies Luxembourg","description":"","potentialAction":[{"@type":"SearchAction","target":{"@type":"EntryPoint","urlTemplate":"https:\/\/yoopies.lu\/c\/?s={search_term_string}"},"query-input":{"@type":"PropertyValueSpecification","valueRequired":true,"valueName":"search_term_string"}}],"inLanguage":"fr-FR"}]}},"_links":{"self":[{"href":"https:\/\/yoopies.lu\/c\/wp-json\/wp\/v2\/pages\/137","targetHints":{"allow":["GET"]}}],"collection":[{"href":"https:\/\/yoopies.lu\/c\/wp-json\/wp\/v2\/pages"}],"about":[{"href":"https:\/\/yoopies.lu\/c\/wp-json\/wp\/v2\/types\/page"}],"author":[{"embeddable":true,"href":"https:\/\/yoopies.lu\/c\/wp-json\/wp\/v2\/users\/10"}],"replies":[{"embeddable":true,"href":"https:\/\/yoopies.lu\/c\/wp-json\/wp\/v2\/comments?post=137"}],"version-history":[{"count":1,"href":"https:\/\/yoopies.lu\/c\/wp-json\/wp\/v2\/pages\/137\/revisions"}],"predecessor-version":[{"id":148,"href":"https:\/\/yoopies.lu\/c\/wp-json\/wp\/v2\/pages\/137\/revisions\/148"}],"wp:featuredmedia":[{"embeddable":true,"href":"https:\/\/yoopies.lu\/c\/wp-json\/wp\/v2\/media\/147"}],"wp:attachment":[{"href":"https:\/\/yoopies.lu\/c\/wp-json\/wp\/v2\/media?parent=137"}],"curies":[{"name":"wp","href":"https:\/\/api.w.org\/{rel}","templated":true}]}}