{"id":258,"date":"2022-07-26T17:35:17","date_gmt":"2022-07-26T17:35:17","guid":{"rendered":"https:\/\/blog.yoopies.lu\/que-faire-lete-au-luxembourg\/"},"modified":"2025-06-12T08:47:40","modified_gmt":"2025-06-12T08:47:40","slug":"que-faire-lete-au-luxembourg","status":"publish","type":"page","link":"https:\/\/yoopies.lu\/c\/que-faire-lete-au-luxembourg\/","title":{"rendered":"Que faire l&rsquo;\u00e9t\u00e9 au Luxembourg ?"},"content":{"rendered":"<figure><img decoding=\"async\" src=\"https:\/\/yoopies.lu\/c\/wp-content\/uploads\/sites\/11\/2022\/07\/35914a97-8c00-4622-ac68-25afe3ebee89-holidays28129.jpg\" \/><\/figure>\n<p><p>Au Luxembourg, il y a tout, du cin&eacute;ma au parc d&rsquo;attractions, en passant par les activit&eacute;s de plein air, les visites culturelles et les balades &agrave; l&rsquo;air frais. Voici des id&eacute;es d&rsquo;activit&eacute;s pour les personnes en panne d&rsquo;inspiration !<\/p>\n<\/p>\n<figure><img decoding=\"async\" src=\"https:\/\/yoopies.lu\/c\/wp-content\/uploads\/sites\/11\/2022\/07\/789efadf-cee8-4451-a91e-c9011936c331-holidays28229.jpg\" \/><\/figure>\n<p><h2><strong>Devenez une reine ou un roi le temps d&rsquo;une journ&eacute;e!<\/strong><\/h2>\n<\/p>\n<p>Si vous cherchez comment vous plonger dans <strong>l&rsquo;esprit m&eacute;di&eacute;val<\/strong>, vous avez de la chance. Luxembourg-Ville offre d<strong>e nombreux ch&acirc;teaux et palais &agrave; d&eacute;couvrir.<\/strong><\/p>\n<p>Le ch&acirc;teau de Beaufort, <a href=\"https:\/\/www.visitluxembourg.com\/fr\/chateau-d-useldange\">le ch&acirc;teau d&rsquo;Useldange<\/a> et le <a href=\"https:\/\/www.castle-bourscheid.lu\/wp5\/fr\/visiter\/\">ch&acirc;teau de Bourscheid <\/a>sont tous ouverts pendant les mois d&rsquo;&eacute;t&eacute; et proposent de magnifiques &eacute;v&eacute;nements qui vous feront remonter le temps.<\/p>\n<p>Si vous voulez visiter une forteresse et vous approcher des canons ou vous promener dans <a href=\"https:\/\/www.luxembourg-city.com\/fr\/adresse\/fortification\/casemates-du-bock#\">les casemates<\/a> (les salles souterraines), c&rsquo;est l&rsquo;endroit id&eacute;al pour vous !<\/p>\n<p>Et si vous en voulez encore, n&rsquo;oubliez pas <a href=\"https:\/\/www.visitluxembourg.com\/fr\/palais-grand-ducal\">le Palais Grand-Ducal<\/a> ! Il ouvre ses portes de juillet &agrave; septembre pour que tout le monde puisse profiter de la visite de ce lieu &eacute;tonnant !<\/p>\n<p><strong>Vous trouverez encore plus d&rsquo;informations via les liens suivants : <\/strong><\/p>\n<p><a href=\"https:\/\/beaufortcastles.com\/fr\/history\/\">| Histoire (beaufortcastles.com)<\/a><\/p>\n<p><a href=\"https:\/\/castle-vianden.lu\/fr\/\">Schloss Vianden (castle-vianden.lu)<\/a><\/p>\n<p><a href=\"https:\/\/www.visitluxembourg.com\/fr\/casemates-du-bock\">Visit Luxembourg: Bienvenue au Luxemburg &#8211; visitluxembourg.com<\/a><\/p>\n<\/p>\n<figure><img decoding=\"async\" src=\"https:\/\/yoopies.lu\/c\/wp-content\/uploads\/sites\/11\/2022\/07\/cdf3258e-88f1-4143-aadb-80e8c1083228-holidays28329.jpg\" \/><\/figure>\n<p><h2><strong>Un plouf dans l&rsquo;eau! <\/strong><\/h2>\n<\/p>\n<p><em>L&rsquo;&eacute;t&eacute; rime &eacute;videmment avec baignade ! Et surtout en ces fortes chaleurs, nous r&ecirc;vons tous d&rsquo;une chose : se rafra&icirc;chir ! <\/em><\/p>\n<p><strong>Voici une liste de nos piscines pr&eacute;f&eacute;r&eacute;es :<\/strong><\/p>\n<p>&#8211; <a href=\"https:\/\/www.aquanatour.lu\/home\/bad\/\">Bad &#8211; Aqua Nat&rsquo;Our (aquanatour.lu)<\/a><\/p>\n<p>&#8211; <a href=\"http:\/\/visitremich.lu\/fr\/que-faire\/loisirs-et-sports\/piscine\/\">Remich<\/a> <\/p>\n<p>&#8211; <a href=\"https:\/\/vianden.lu\/fr\/schwimmbad\/\">La piscine de Vianden<\/a> (ferm&eacute;e pour travaux de r&eacute;novation)<\/p>\n<p>&#8211; <a href=\"https:\/\/grevenmacher.lu\/sports\/bain-en-plein-air\/\">Grevenmacher<\/a><\/p>\n<p>&#8211; <a href=\"https:\/\/www.echternacherbrueck.de\/schwimmbad\/fr\">Echternach<\/a><\/p>\n<p>&#8211; <a href=\"https:\/\/www.visitbeaufort.lu\/fr\/que-faire\/sport-loisir\/piscine\">Beaufort<\/a><\/p>\n<p>&#8211; <a href=\"https:\/\/www.parc-hotel.lu\/fr\/home\">Parc Hotel Alvisse (parc-hotel.lu)<\/a><\/p>\n<p>&#8211; L<a href=\"https:\/\/www.visitluxembourg.com\/fr\/piko-piscine-kordall-rodange\">a Piscine Piko &agrave; Rodange<\/a><\/p>\n<p>&#8211; <a href=\"https:\/\/www.dudelange.lu\/index.php\/infrastructures-sportives\/piscine-en-plein-air\/\">La piscine de Dudelange<\/a><\/p>\n<\/p>\n<p><em>Il n&rsquo;y a pas que les piscines pour se rafra&icirc;chir ! Pensez aussi <strong>aux plans d&rsquo;eau naturels comme les lacs par exemple, voici une liste de nos endroits favoris : <\/strong><\/em><\/p>\n<ul>\n<li><a href=\"https:\/\/www.visiter-la-sarre.fr\/Media\/Attractions\/Aire-de-jeux-aquatiques-Losheim#\/article\/44a28e1e-ddee-49b5-8a20-54c47fe2d6a0\">L&rsquo;aire de jeu de Saarland <\/a> Situ&eacute;e entre le jardin du lac et la plage, cette aire de jeux aquatiques d&rsquo;une surface de 2 000 m&sup2; propose divers &eacute;quipements de jeux adapt&eacute;s aux enfants de tous &acirc;ges. Un cours d&rsquo;eau &agrave; ciel ouvert aliment&eacute; par l&rsquo;eau du lac serpente le terrain.\n<\/li>\n<li><strong>Le lac de la Haute-S&ucirc;re <\/strong>et <a href=\"https:\/\/www.visit-eislek.lu\/fr\">la r&eacute;gion de &Eacute;islek,<\/a> entour&eacute; de for&ecirc;ts et de collines o&ugrave; vous pourrez vous y balader le temps d&rsquo;une ou plusieurs journ&eacute;es! \n<\/li>\n<li><strong>Le lac de Remerschen : paddles, barbecue, activit&eacute;s, pateaugoires, plage&#8230; L&rsquo;endroit id&eacute;al en &eacute;t&eacute; ! <\/strong><br \/>\nVous pouvez acheter vos billets en ligne ! Plus d&rsquo;informations en <a href=\"https:\/\/visitluxembourg.regiondo.fr\/erliefnisbaggerweier-1-entree-journee-153272\">cliquant ici<\/a> !\n<\/li>\n<li><strong>La zone de baignade de Conchibois :  <\/strong>un lac entour&eacute; de verdures et avec de nombreuses activit&eacute;s &agrave; faire! Plus d&rsquo;informations en <a href=\"https:\/\/www.luxembourg-belge.be\/diffusio\/fr\/voir-faire\/sports-detente\/piscine-baignade\/saint-leger\/le-lac-de-conchibois_TFO8872.php\">cliquant ici <\/a>\n<\/li>\n<li>Se baigner dans <strong>l&rsquo;Ourthe &agrave; Maboge <\/strong>&#8211; plus d&rsquo;informations en<a href=\"https:\/\/www.luxembourg-belge.be\/diffusio\/fr\/voir-faire\/visiter\/villes-villages\/maboge\/le-village-de-maboge-et-sa-plage-sur-l-ourthe_TFO12673.php\"> cliquant ici <\/a>\n<\/li>\n<li>Le domaine <strong>du lac Cherapont<\/strong> &#8211; plus di&rsquo;nformations en <a href=\"https:\/\/www.luxembourg-belge.be\/diffusio\/fr\/voir-faire\/sports-detente\/piscine-baignade\/gouvy\/domaine-du-lac-de-cherapont_TFO9002.php\">cliquant ici<\/a>\n<\/li>\n<li><a href=\"https:\/\/lacmadine.com\/\">Le lac M&eacute;dine en Lorraine <\/a>&#8211; vous pourrez y faire de nombreuses activit&eacute;s nautiques, profiter de la nature et du lac &#8211; pour une journ&eacute;e ou plusieurs jours.\n<\/li>\n<li><strong>Lac de Weiswampach <\/strong>&#8211; une base de loisirs o&ugrave; vous pourrez pratiquer des sports nautiques tels que la p&ecirc;che ou le p&eacute;dalo et vous y promener &#8211; plus d&rsquo;informations en <a href=\"https:\/\/www.visitluxembourg.com\/fr\/lacs-de-weiswampach\">cliquant ici.<\/a>\n<\/li>\n<li> <strong>Lac d&rsquo;Echternach <\/strong>&#8211; un lac artificel de 30 ha id&eacute;al pour les journ&eacute;es entre amis ou en famille pour une pause rafra&icirc;chissante ! Plus d&rsquo;informations en <a href=\"https:\/\/www.visitluxembourg.com\/fr\/le-lac-d-echternach\">cliquant ici.<\/a>\n<\/li>\n<\/ul>\n<figure><img decoding=\"async\" src=\"https:\/\/yoopies.lu\/c\/wp-content\/uploads\/sites\/11\/2022\/07\/9dad8c8d-5350-49ef-96dd-38a0fb5d27ae-holidays28429.jpg\" \/><\/figure>\n<p><h2><strong>Se chouchouter ! <\/strong><\/h2>\n<\/p>\n<p><em>C&rsquo;est l&rsquo;&eacute;t&eacute;, il fait beau et chaud et cela nous rend de bonne humeur ! Et envie de prendre soin de nous, alors quoi de mieux pour cela ? Se faire dorloter dans un spa ! Massage, thermes, jacuzzi, relaxation&#8230; voici notre s&eacute;lection des spas les plus agr&eacute;ables o&ugrave; vous aurez l&rsquo;impression de rena&icirc;tre compl&egrave;tement !<\/em><\/p>\n<\/p>\n<p>&#8211;  Le <a href=\"https:\/\/www.chateau-urspelt.lu\/chateau\/\">Chateau-urspelt<\/a> , un merveilleux spa nich&eacute; dans un ch&acirc;teau pour vous donner l&rsquo;impression d&rsquo;&ecirc;tre une reine <\/p>\n<p>&#8211;  <a href=\"https:\/\/saarland-therme.de\/fr\/\">Saarland Therme (saarland-therme.de)<\/a> Des thermes typiques pour une journ&eacute;e de relaxation intense  <\/p>\n<p>&#8211; <a href=\"https:\/\/www.mondorf.lu\/fr\/forme-bien-etre\/spa\">Luxembourg spa int&eacute;rieur &amp; ext&eacute;rieur, jacuzzi | Domaine Thermal (mondorf.lu)<\/a> : de nombreux &eacute;quipements pour vous faire du bien !<\/p>\n<p>&#8211; <a href=\"https:\/\/www.pidal.lu\/pidal-spa\">PIDAL spa|l&rsquo;espace bien-&ecirc;tre &amp; soins corporels de PIDAL &#8211; Pidal<\/a> : le bien-&ecirc;tre &agrave; l&rsquo;&eacute;tat pur ! <\/p>\n<p>&#8211; <a href=\"https:\/\/www.spa-sentosa.com\/\">SENTOSA &ndash; Spa Privatif &ndash; Massage &ndash; Hamman &ndash; Sauna (spa-sentosa.com)<\/a>: tout y est pour passer un moment de d&eacute;tente intense !<\/p>\n<p>&#8211;<a href=\"https:\/\/oa6.lu\/\"> OA6 &#8211; LU <\/a>: \u00ab\u00a0votre bien-&ecirc;tre &agrave; port&eacute;e de mains\u00a0\u00bb<\/p>\n<\/p>\n<figure><img decoding=\"async\" src=\"https:\/\/yoopies.lu\/c\/wp-content\/uploads\/sites\/11\/2022\/07\/86df2f2d-9d38-42f3-a812-5fad02865280-holidays28529.jpg\" \/><\/figure>\n<p><h2><strong>Des visites culturelles<\/strong><\/h2>\n<\/p>\n<p>Si vous aimez l&rsquo;art, les mus&eacute;es du Luxembourg sont incontournables. Les mus&eacute;es offrent une alternative parfaite pour les journ&eacute;es moins ensoleill&eacute;es. <\/p>\n<p>Voici notre s&eacute;lection des lieux &agrave; visiter : <\/p>\n<ul>\n<li><strong>Visitez l&rsquo;ancien Palais Royal de Luxembourg&nbsp;&#8211; <a href=\"https:\/\/monarchie.lu\/fr\/comment-visiter-le-palais-grand-ducal\">plus d&rsquo;infos ici<\/a><\/strong><\/li>\n<li><strong>Le mus&eacute;e national du mus&eacute;e d&rsquo;art contemporain (MAM) &#8211;<a href=\"https:\/\/www.visitluxembourg.com\/fr\/museum-of-modern-art-mudam-luxembourg\"> plus d&rsquo;infos ici<\/a><\/strong><\/li>\n<li><strong> Le Grand Th&eacute;&acirc;tre National de Luxembourg &#8211; <a href=\"https:\/\/www.tnl.lu\/\">plus d&rsquo;infos ici<\/a><\/strong><\/li>\n<li><strong>La Place du Jeu de Paume (Jardin du Palais Royal) &#8211; <\/strong><\/li>\n<\/ul>\n<figure><img decoding=\"async\" src=\"https:\/\/yoopies.lu\/c\/wp-content\/uploads\/sites\/11\/2022\/07\/60af73db-2661-4578-9e29-3327e0b4a7d3-holidays28629.jpg\" \/><\/figure>\n<p><h2><strong>Les parcs d&rsquo;attraction \/ zoos<\/strong><\/h2>\n<\/p>\n<p><em>Les parcs d&rsquo;attraction ou les zoos sont des activit&eacute;s ludiques et originales en &eacute;t&eacute; ! D&eacute;couvrez notre s&eacute;lection des meilleurs parcs au Luxembourg et alentours <\/em><\/p>\n<ul>\n<li><strong>Parcs d&rsquo;attraction&nbsp; <\/strong><br \/>\n&#8211; <a href=\"https:\/\/www.walygatorparc.com\/\">Walygator Parc<\/a> <br \/>\n&#8211;<a href=\"https:\/\/parc-merveilleux.lu\">Parc merveilleux<\/a>  \n<\/li>\n<li><strong>Parcs aventure&nbsp;<\/strong> <br \/>\n&#8211; <a href=\"https:\/\/aventure.lu\/fr\">Parc Le&rsquo;h &#8211; Parc d&rsquo;aventure &#8211; Luxembourg<\/a> <br \/>\n&#8211; <a href=\"https:\/\/steinfort-adventure.lu\/\">Steinfort Adventure &ndash; Parc Accrobranche (steinfort-adventure.lu)<\/a>\n<\/li>\n<li><strong>Les Zoos \/ aquarium<\/strong><\/li>\n<li><a href=\"https:\/\/zoo-amneville.com\/\">Zoo d&rsquo;Amn&eacute;ville <\/a>: l&rsquo;un des plus grands zoos d&rsquo;Europe o&ugrave; vous aurez l&rsquo;occasion de d&eacute;couvrir de nombreux animaux tous plus impressionnants les uns que les autres!<\/li>\n<li><a href=\"https:\/\/www.visitluxembourg.com\/fr\/aquarium-wasserbillig\">L&rsquo;aquarium Wasserbillig<\/a> : d&eacute;couvrez les fonds marins comme si vous y &eacute;tiez ! \n<\/li>\n<\/ul>\n<figure><img decoding=\"async\" src=\"https:\/\/yoopies.lu\/c\/wp-content\/uploads\/sites\/11\/2022\/07\/840c8976-b855-49bd-b886-48617f06eec6-holidays28729.jpg\" \/><\/figure>\n<p><h2><strong>Prendre un bol d&rsquo;air frais<\/strong><\/h2>\n<\/p>\n<p><em>Au Luxembourg, les activit&eacute;s ne manquent pas pour vous occuper: &eacute;quitation, paintball, skateboard, ou tout simplement passer du temps avec les amis. Vous pouvez m&ecirc;me louer un v&eacute;lo et explorer la campagne ! D&eacute;couvrez des parcs, for&ecirc;ts, promenades&#8230; &agrave; explorer cet &eacute;t&eacute; !<\/em><\/p>\n<ul>\n<li>Les parcs &#8211; La ville du Luxembourg a list&eacute; tous ses parcs : <a href=\"https:\/\/www.vdl.lu\/fr\/visiter\/loisirs-et-nature\/parcs\">cliquez ici pour les d&eacute;couvrir <\/a><\/li>\n<li>D&eacute;couvrez la Sarre et les nombreuses promenades &agrave; faire &#8211; <a href=\"https:\/\/www.visiter-la-sarre.fr\/Experience\">cliquez ici pour plus d&rsquo;informations <\/a><\/li>\n<li>Le Sentier Sarre- Hunsruck &#8211; <a href=\"https:\/\/www.saar-hunsrueck-steig.de\/fr\/\">toutes les informations ici  <\/a> <\/li>\n<li>Si vous &ecirc;tes &agrave; la recherche d&rsquo;une pause estivale avec vos enfants, ne manquez pas l<a href=\"https:\/\/www.luxembourg-belge.be\/diffusio\/fr\/voir-faire\/sports-detente\/piscine-baignade\/saint-leger\/le-lac-de-conchibois_TFO8872.php\">e lac de Conchibois et les espaces verts environnants !<\/a><\/li>\n<\/ul>\n<figure><img decoding=\"async\" src=\"https:\/\/yoopies.lu\/c\/wp-content\/uploads\/sites\/11\/2022\/07\/163ced42-6409-487c-b11d-8e28ddd0eeb3-kidssummer5.jpg\" \/><\/figure>\n<p><h2><strong>Id&eacute;es d&rsquo;activit&eacute;s en famille ou entre amis<\/strong><\/h2>\n<ul>\n<li> Faire du Karting <\/li>\n<li> Bowling<\/li>\n<li>Cin&eacute;ma<\/li>\n<li>Mini-golf<\/li>\n<li>Escape-game<\/li>\n<li>Visite d&rsquo;un march&eacute; de rue<\/li>\n<li>faire un puzzle de plus de 1.000 pi&egrave;ces<\/li>\n<li>Apprendre &agrave; jongler<\/li>\n<li>Construire une cabane dans les arbres<\/li>\n<li>Ecrire et illustrer une histoire<\/li>\n<li>Faire un album-photos <\/li>\n<li>Construire une forteresse avec des bo&icirc;tes en carton vides<\/li>\n<li>Peindre des dessins &agrave; la craie dans la cour ou sur le trottoir<\/li>\n<li>Peindre des toiles vides<\/li>\n<li>Apprendre &agrave; faire voler un cerf-volant<\/li>\n<li>Visiter une biblioth&egrave;que et emprunter des livres<\/li>\n<li>&nbsp;Faire un pique-nique<\/li>\n<li>Fabriquer des glaces &agrave; la maison<\/li>\n<li>Apprendre &agrave; cuisiner<\/li>\n<li>Et &agrave; faire des g&acirc;teaux!<\/li>\n<li>Des jeux de soci&eacute;t&eacute;<\/li>\n<li>Faire la f&ecirc;te ! <\/li>\n<\/ul>\n<p>La liste est longue&#8230; &agrave; votre tour de la compl&eacute;ter ! <\/p>\n<\/p>\n<figure><img decoding=\"async\" src=\"https:\/\/yoopies.lu\/c\/wp-content\/uploads\/sites\/11\/2022\/07\/251e67ef-6560-47f1-932f-1cea2c68258a-holidays28829.jpg\" \/><\/figure>\n<p><h2><strong>Les &eacute;v&eacute;nements de l&rsquo;&eacute;t&eacute;<\/strong><\/h2>\n<\/p>\n<ul>\n<li><strong>La Schueberfouer : <\/strong>La plus grande f&ecirc;te forraine du Luxembourg et de la grande r&eacute;gion! <br \/>\nD&eacute;couvrez le programme complet : <a href=\"https:\/\/www.vdl.lu\/fr\/visiter\/loisirs-et-divertissement\/fetes-foires-et-evenements\/schueberfouer\/programme\">Programme | Ville de Luxembourg (vdl.lu)<\/a>\n<\/li>\n<li><strong>V&euml;losummer <\/strong>Du samedi 30&nbsp;juillet au dimanche 28 ao&ucirc;t 2022 se tiendra la 3e &eacute;dition du &laquo;&nbsp;V&euml;losummer&nbsp;&raquo;, un programme cyclo-touristique estival &agrave; travers le pays.<br \/>\nToute les informations ici : <a href=\"https:\/\/www.visitluxembourg.com\/fr\/velosummer\">Visit Luxembourg: V&euml;losummer<\/a>\n<\/li>\n<li><strong>Restaurant plein air et activit&eacute;s<\/strong> tout au long de l&rsquo;&eacute;t&eacute;: <a href=\"https:\/\/www.facebook.com\/kyosk.lu\/\">Kyosk | Facebook<\/a>\n<\/li>\n<li><strong>Summer dream festival <\/strong>: <a href=\"https:\/\/www.jugendinfo.lu\/agenda\/\">Agenda | Jugendinfo<\/a><\/li>\n<\/ul>\n<figure><img decoding=\"async\" src=\"https:\/\/yoopies.lu\/c\/wp-content\/uploads\/sites\/11\/2022\/07\/50e643e6-d440-4d20-b3eb-0187d7c4e119-childcarecleaningtutoringanimalcareelderlycare28529.jpg\" \/><\/figure>\n<p><h2><strong>Prendre du temps pour soi<\/strong><\/h2>\n<\/p>\n<p>Entre le boulot, les courses, les t&acirc;ches m&eacute;nag&egrave;res, les enfants ou activit&eacute;s prenantes, il n&rsquo;est pas toujours &eacute;vident de se consacrer du temps.<\/p>\n<p>Yoopies, la plateforme de service &agrave; domicile vous permet de vous soulager et de penser enfin &agrave; vous!<\/p>\n<p>T&acirc;ches m&eacute;nag&egrave;res, gardes d&rsquo;enfants ou animaux, aide aux personnes d&eacute;pendantes et cours particuliers&#8230; il y en a pour tout le monde ! <\/p>\n<p>L&rsquo;inscription est gratuite et le site peut m&ecirc;me se charger des contrats et papiers administratifs pour vous.<\/p>\n<p>Vous trouverez plus d&rsquo;informations ici :<a href=\"https:\/\/yoopies.lu\/c\/a-propos-de-yoopies\"> Cliquez ici<\/a><\/p>\n<p>Pour vous inscrire<a href=\"https:\/\/yoopies.lu\/registration\"> c&rsquo;est ici ! <\/a><\/p>\n<\/p>\n<p><a class=\"button\" href=\"https:\/\/yoopies.lu\/\">D\u00e9couvrez YOOPIES ! <\/a><\/p>\n","protected":false},"excerpt":{"rendered":"<p>Au Luxembourg, il y a tout, du cin&eacute;ma au parc d&rsquo;attractions, en passant par les &hellip; <\/p>\n","protected":false},"author":10,"featured_media":0,"parent":0,"menu_order":0,"comment_status":"closed","ping_status":"closed","template":"","meta":{"_acf_changed":false,"footnotes":""},"class_list":["post-258","page","type-page","status-publish","hentry"],"acf":[],"yoast_head":"<!-- This site is optimized with the Yoast SEO plugin v26.9 - https:\/\/yoast.com\/product\/yoast-seo-wordpress\/ -->\n<title>S&#039;occuper et s&#039;amuser en famille au Luxembourg, en \u00e9t\u00e9<\/title>\n<meta name=\"description\" content=\"Une liste d&#039;id\u00e9es d&#039;activit\u00e9s pour occuper votre \u00e9t\u00e9 en famille au Luxembourg et aux alentours ! Des id\u00e9es pour s&#039;amuser et se divertir avec vos enfants!\" \/>\n<meta name=\"robots\" content=\"index, follow, max-snippet:-1, max-image-preview:large, max-video-preview:-1\" \/>\n<link rel=\"canonical\" href=\"https:\/\/yoopies.lu\/c\/que-faire-lete-au-luxembourg\/\" \/>\n<meta property=\"og:locale\" content=\"fr_FR\" \/>\n<meta property=\"og:type\" content=\"article\" \/>\n<meta property=\"og:title\" content=\"S&#039;occuper et s&#039;amuser en famille au Luxembourg, en \u00e9t\u00e9\" \/>\n<meta property=\"og:description\" content=\"Une liste d&#039;id\u00e9es d&#039;activit\u00e9s pour occuper votre \u00e9t\u00e9 en famille au Luxembourg et aux alentours ! Des id\u00e9es pour s&#039;amuser et se divertir avec vos enfants!\" \/>\n<meta property=\"og:url\" content=\"https:\/\/yoopies.lu\/c\/que-faire-lete-au-luxembourg\/\" \/>\n<meta property=\"og:site_name\" content=\"Yoopies Luxembourg\" \/>\n<meta property=\"article:modified_time\" content=\"2025-06-12T08:47:40+00:00\" \/>\n<meta property=\"og:image\" content=\"https:\/\/yoopies.lu\/c\/wp-content\/uploads\/sites\/11\/2022\/07\/35914a97-8c00-4622-ac68-25afe3ebee89-holidays28129.jpg\" \/>\n<meta name=\"twitter:card\" content=\"summary_large_image\" \/>\n<meta name=\"twitter:label1\" content=\"Dur\u00e9e de lecture estim\u00e9e\" \/>\n\t<meta name=\"twitter:data1\" content=\"7 minutes\" \/>\n<script type=\"application\/ld+json\" class=\"yoast-schema-graph\">{\"@context\":\"https:\/\/schema.org\",\"@graph\":[{\"@type\":\"WebPage\",\"@id\":\"https:\/\/yoopies.lu\/c\/que-faire-lete-au-luxembourg\/\",\"url\":\"https:\/\/yoopies.lu\/c\/que-faire-lete-au-luxembourg\/\",\"name\":\"S'occuper et s'amuser en famille au Luxembourg, en \u00e9t\u00e9\",\"isPartOf\":{\"@id\":\"https:\/\/yoopies.lu\/c\/#website\"},\"primaryImageOfPage\":{\"@id\":\"https:\/\/yoopies.lu\/c\/que-faire-lete-au-luxembourg\/#primaryimage\"},\"image\":{\"@id\":\"https:\/\/yoopies.lu\/c\/que-faire-lete-au-luxembourg\/#primaryimage\"},\"thumbnailUrl\":\"https:\/\/yoopies.lu\/c\/wp-content\/uploads\/sites\/11\/2022\/07\/35914a97-8c00-4622-ac68-25afe3ebee89-holidays28129.jpg\",\"datePublished\":\"2022-07-26T17:35:17+00:00\",\"dateModified\":\"2025-06-12T08:47:40+00:00\",\"description\":\"Une liste d'id\u00e9es d'activit\u00e9s pour occuper votre \u00e9t\u00e9 en famille au Luxembourg et aux alentours ! Des id\u00e9es pour s'amuser et se divertir avec vos enfants!\",\"breadcrumb\":{\"@id\":\"https:\/\/yoopies.lu\/c\/que-faire-lete-au-luxembourg\/#breadcrumb\"},\"inLanguage\":\"fr-FR\",\"potentialAction\":[{\"@type\":\"ReadAction\",\"target\":[\"https:\/\/yoopies.lu\/c\/que-faire-lete-au-luxembourg\/\"]}]},{\"@type\":\"ImageObject\",\"inLanguage\":\"fr-FR\",\"@id\":\"https:\/\/yoopies.lu\/c\/que-faire-lete-au-luxembourg\/#primaryimage\",\"url\":\"https:\/\/yoopies.lu\/c\/wp-content\/uploads\/sites\/11\/2022\/07\/35914a97-8c00-4622-ac68-25afe3ebee89-holidays28129.jpg\",\"contentUrl\":\"https:\/\/yoopies.lu\/c\/wp-content\/uploads\/sites\/11\/2022\/07\/35914a97-8c00-4622-ac68-25afe3ebee89-holidays28129.jpg\",\"width\":1200,\"height\":675},{\"@type\":\"BreadcrumbList\",\"@id\":\"https:\/\/yoopies.lu\/c\/que-faire-lete-au-luxembourg\/#breadcrumb\",\"itemListElement\":[{\"@type\":\"ListItem\",\"position\":1,\"name\":\"Home\",\"item\":\"https:\/\/yoopies.lu\/c\/\"},{\"@type\":\"ListItem\",\"position\":2,\"name\":\"Que faire l&rsquo;\u00e9t\u00e9 au Luxembourg ?\"}]},{\"@type\":\"WebSite\",\"@id\":\"https:\/\/yoopies.lu\/c\/#website\",\"url\":\"https:\/\/yoopies.lu\/c\/\",\"name\":\"Yoopies Luxembourg\",\"description\":\"\",\"potentialAction\":[{\"@type\":\"SearchAction\",\"target\":{\"@type\":\"EntryPoint\",\"urlTemplate\":\"https:\/\/yoopies.lu\/c\/?s={search_term_string}\"},\"query-input\":{\"@type\":\"PropertyValueSpecification\",\"valueRequired\":true,\"valueName\":\"search_term_string\"}}],\"inLanguage\":\"fr-FR\"}]}<\/script>\n<!-- \/ Yoast SEO plugin. -->","yoast_head_json":{"title":"S'occuper et s'amuser en famille au Luxembourg, en \u00e9t\u00e9","description":"Une liste d'id\u00e9es d'activit\u00e9s pour occuper votre \u00e9t\u00e9 en famille au Luxembourg et aux alentours ! Des id\u00e9es pour s'amuser et se divertir avec vos enfants!","robots":{"index":"index","follow":"follow","max-snippet":"max-snippet:-1","max-image-preview":"max-image-preview:large","max-video-preview":"max-video-preview:-1"},"canonical":"https:\/\/yoopies.lu\/c\/que-faire-lete-au-luxembourg\/","og_locale":"fr_FR","og_type":"article","og_title":"S'occuper et s'amuser en famille au Luxembourg, en \u00e9t\u00e9","og_description":"Une liste d'id\u00e9es d'activit\u00e9s pour occuper votre \u00e9t\u00e9 en famille au Luxembourg et aux alentours ! Des id\u00e9es pour s'amuser et se divertir avec vos enfants!","og_url":"https:\/\/yoopies.lu\/c\/que-faire-lete-au-luxembourg\/","og_site_name":"Yoopies Luxembourg","article_modified_time":"2025-06-12T08:47:40+00:00","og_image":[{"url":"https:\/\/yoopies.lu\/c\/wp-content\/uploads\/sites\/11\/2022\/07\/35914a97-8c00-4622-ac68-25afe3ebee89-holidays28129.jpg","type":"","width":"","height":""}],"twitter_card":"summary_large_image","twitter_misc":{"Dur\u00e9e de lecture estim\u00e9e":"7 minutes"},"schema":{"@context":"https:\/\/schema.org","@graph":[{"@type":"WebPage","@id":"https:\/\/yoopies.lu\/c\/que-faire-lete-au-luxembourg\/","url":"https:\/\/yoopies.lu\/c\/que-faire-lete-au-luxembourg\/","name":"S'occuper et s'amuser en famille au Luxembourg, en \u00e9t\u00e9","isPartOf":{"@id":"https:\/\/yoopies.lu\/c\/#website"},"primaryImageOfPage":{"@id":"https:\/\/yoopies.lu\/c\/que-faire-lete-au-luxembourg\/#primaryimage"},"image":{"@id":"https:\/\/yoopies.lu\/c\/que-faire-lete-au-luxembourg\/#primaryimage"},"thumbnailUrl":"https:\/\/yoopies.lu\/c\/wp-content\/uploads\/sites\/11\/2022\/07\/35914a97-8c00-4622-ac68-25afe3ebee89-holidays28129.jpg","datePublished":"2022-07-26T17:35:17+00:00","dateModified":"2025-06-12T08:47:40+00:00","description":"Une liste d'id\u00e9es d'activit\u00e9s pour occuper votre \u00e9t\u00e9 en famille au Luxembourg et aux alentours ! Des id\u00e9es pour s'amuser et se divertir avec vos enfants!","breadcrumb":{"@id":"https:\/\/yoopies.lu\/c\/que-faire-lete-au-luxembourg\/#breadcrumb"},"inLanguage":"fr-FR","potentialAction":[{"@type":"ReadAction","target":["https:\/\/yoopies.lu\/c\/que-faire-lete-au-luxembourg\/"]}]},{"@type":"ImageObject","inLanguage":"fr-FR","@id":"https:\/\/yoopies.lu\/c\/que-faire-lete-au-luxembourg\/#primaryimage","url":"https:\/\/yoopies.lu\/c\/wp-content\/uploads\/sites\/11\/2022\/07\/35914a97-8c00-4622-ac68-25afe3ebee89-holidays28129.jpg","contentUrl":"https:\/\/yoopies.lu\/c\/wp-content\/uploads\/sites\/11\/2022\/07\/35914a97-8c00-4622-ac68-25afe3ebee89-holidays28129.jpg","width":1200,"height":675},{"@type":"BreadcrumbList","@id":"https:\/\/yoopies.lu\/c\/que-faire-lete-au-luxembourg\/#breadcrumb","itemListElement":[{"@type":"ListItem","position":1,"name":"Home","item":"https:\/\/yoopies.lu\/c\/"},{"@type":"ListItem","position":2,"name":"Que faire l&rsquo;\u00e9t\u00e9 au Luxembourg ?"}]},{"@type":"WebSite","@id":"https:\/\/yoopies.lu\/c\/#website","url":"https:\/\/yoopies.lu\/c\/","name":"Yoopies Luxembourg","description":"","potentialAction":[{"@type":"SearchAction","target":{"@type":"EntryPoint","urlTemplate":"https:\/\/yoopies.lu\/c\/?s={search_term_string}"},"query-input":{"@type":"PropertyValueSpecification","valueRequired":true,"valueName":"search_term_string"}}],"inLanguage":"fr-FR"}]}},"_links":{"self":[{"href":"https:\/\/yoopies.lu\/c\/wp-json\/wp\/v2\/pages\/258","targetHints":{"allow":["GET"]}}],"collection":[{"href":"https:\/\/yoopies.lu\/c\/wp-json\/wp\/v2\/pages"}],"about":[{"href":"https:\/\/yoopies.lu\/c\/wp-json\/wp\/v2\/types\/page"}],"author":[{"embeddable":true,"href":"https:\/\/yoopies.lu\/c\/wp-json\/wp\/v2\/users\/10"}],"replies":[{"embeddable":true,"href":"https:\/\/yoopies.lu\/c\/wp-json\/wp\/v2\/comments?post=258"}],"version-history":[{"count":1,"href":"https:\/\/yoopies.lu\/c\/wp-json\/wp\/v2\/pages\/258\/revisions"}],"predecessor-version":[{"id":269,"href":"https:\/\/yoopies.lu\/c\/wp-json\/wp\/v2\/pages\/258\/revisions\/269"}],"wp:attachment":[{"href":"https:\/\/yoopies.lu\/c\/wp-json\/wp\/v2\/media?parent=258"}],"curies":[{"name":"wp","href":"https:\/\/api.w.org\/{rel}","templated":true}]}}