{"id":308,"date":"2022-03-30T15:34:06","date_gmt":"2022-03-30T15:34:06","guid":{"rendered":"https:\/\/blog.yoopies.lu\/baby-sitting-informations\/"},"modified":"2025-06-12T08:47:39","modified_gmt":"2025-06-12T08:47:39","slug":"baby-sitting-informations","status":"publish","type":"page","link":"https:\/\/yoopies.lu\/c\/baby-sitting-informations\/","title":{"rendered":"Baby-sitting &#8211; Informations utiles"},"content":{"rendered":"<p><p><strong>Vous cherchez un intervenant pour du baby sitting ? Vous avez besoin d&rsquo;informations pour trouver la perle rare pour votre enfant ? Vous &ecirc;tes alors sur la bonne page ! On vous explique tout dans nos articles<\/strong><\/p>\n<\/p>\n<figure><img decoding=\"async\" src=\"https:\/\/yoopies.lu\/c\/wp-content\/uploads\/sites\/11\/2022\/03\/e13e6361-22f3-4a34-8691-fd6005723a3d-pexels-andrea-piacquadio-3822696.jpg\" \/><\/figure>\n<p><h2><strong>Une baby-sitter ? Pourquoi ? <\/strong><\/h2>\n<\/p>\n<p>La pr&eacute;sence des enfants dans une famille peut rendre les journ&eacute;es charg&eacute;es et g&eacute;n&eacute;ralement, il est plus difficile de trouver du temps pour soi, ne serait-ce que pour un loisir.  Entre les devoirs &agrave; la maison, l&#8217;emploi du temps des enfants, le t&eacute;l&eacute;travail, les repas &agrave; pr&eacute;parer, les courses &agrave; faire, les disputes des enfants &agrave; g&eacute;rer, le m&eacute;nage etc&#8230; De nombreux parents se sentent d&eacute;bord&eacute;s. Pour &eacute;vacuer ce stress, et pour r&eacute;ussir &agrave; souffler un peu, la solution est de faire appel &agrave; une baby-sitter pour de la garde d&rsquo;enfants.\ud83d\udc86&zwj;\u2640\ufe0f<\/p>\n<p>Chez Yoopies, on a de nombreux intervenants disponibles, alors trouvez celle qui r&eacute;pondra au mieux &agrave; vos besoins ! <\/p>\n<\/p>\n<h2><strong>D&eacute;terminez vos besoins et fixez des crit&egrave;res ! \ud83d\udc69&zwj;\ud83d\udc66<\/strong><\/h2>\n<\/p>\n<p>Vous pouvez avoir besoin d&rsquo;une baby-sitter dans diverses situations : <\/p>\n<ul>\n<li>Il peut s&rsquo;agir de quelques heures de baby-sitting lorsque vous devez assister &agrave; une soir&eacute;e ou un &eacute;v&eacute;nement,<\/li>\n<li>Du baby-sitting pour aller chercher vos enfants &agrave; l&rsquo;&eacute;cole lorsque vous avez un impr&eacute;vu,<\/li>\n<li>De la garde d&rsquo;enfants pour conduire aux diverses activit&eacute;s extra-scolaires des enfants les mercredis et\/ou pendant les vacances,<\/li>\n<li>Du baby sitting pour divertir les enfants pendant que vous t&eacute;l&eacute;travaillez dans la pi&egrave;ce d&rsquo;&agrave; c&ocirc;t&eacute;.<\/li>\n<\/ul>\n<p>Une fois que vous avez d&eacute;termin&eacute; vos besoins, inscrivez-vous sur <a href=\"https:\/\/yoopies.lu\/\">Yoopies<\/a> en quelques clics pour poster une annonce, &eacute;crire votre lettre de motivation et commencer vos recherches. Vous aurez besoin d&rsquo;une annonce avec une&nbsp;description claire et pr&eacute;cise de vos attentes ! Ces crit&egrave;res peuvent, par exemple, comprendre votre zone g&eacute;ographique, vos disponibilit&eacute;s, les langues &agrave; savoir parler, si votre enfant a des besoins sp&eacute;cifiques etc. <\/p>\n<p>Fixez ensuite votre prix par heure. Lorsque votre annonce est pr&ecirc;te, recherchez la personne qu&rsquo;il vous faut en utilisant les&nbsp;filtres qui vous correspondent. Vous avez m&ecirc;me la possibilit&eacute; de filtrer par avis, recommandations, et commentaires.<\/p>\n<p><strong>Yoopies r&eacute;pond &agrave; vos questions dans les articles r&eacute;dig&eacute;s par nos experts. Tous nos guides officiels sont tenus &agrave; jour afin que vous soyez toujours inform&eacute;s des actualit&eacute;s.<\/strong><\/p>\n<\/p>\n<p><h2><strong>Comment fixer le salaire d&rsquo;une baby-sitter ?<\/strong><\/h2>\n<\/p>\n<p>Le salaire pourra varier selon le nombre d&rsquo;enfants &agrave; charge, les horaires, les t&acirc;ches &agrave; effectuer, la p&eacute;riode de l&rsquo;ann&eacute;e.<\/p>\n<p>Voici un ordre d&rsquo;id&eacute;e du co&ucirc;t de la vie au Luxembourg : <a href=\"https:\/\/coutdelavie.com\/salaires-a-luxembourg\/\">\ud83e\udd47Salaires &agrave; Luxembourg, donn&eacute;es 2021 (coutdelavie.com)<\/a><\/p>\n<p>Comptez en moyenne entre 7 et 10&euro;\/h pour un enfant, avec une surcharge de 0.50-1&euro;\/h par enfant suppl&eacute;mentaire. Les tarifs varient selon les services offerts : si l&#8217;employ&eacute;e doit conduire vos enfants quelque part, vous devrez prendre en charge les frais d&rsquo;essence. S&rsquo;il ne s&rsquo;agit que d&rsquo;une garde de nuit, les tarifs sont au plus bas. Mettez-vous d&rsquo;accord sur le salaire horaire avant de confier vos enfants &#8211; <\/p>\n<p><em>Source : <a href=\"https:\/\/www.easyexpat.com\/fr\/guides\/luxembourg\/luxembourg\/pratique\/babysitting.htm\">Garde d&rsquo;enfants, Babysitting &agrave; Luxembourg, Vie Pratique au Luxembourg &#8211; EasyExpat.com<\/a><\/em><\/p>\n<\/p>\n<h4><strong>\ud83d\udc40Quelles aides pour la garde d&rsquo;enfant &agrave; domicile ?<\/strong><\/h4>\n<p>Pour vous aider &agrave; payer le salaire de votre baby-sitter et les charges associ&eacute;es, il existe diff&eacute;rents types d&rsquo;aides financi&egrave;res :<\/p>\n<ul>\n<li><strong>Les ch&egrave;ques-services:&nbsp;<\/strong><\/li>\n<\/ul>\n<p>Avec les ch&egrave;ques-service, vous pouvez r&eacute;gler les frais de garde de votre enfant (apr&egrave;s l&rsquo;&eacute;cole) tout en profitant de tarifs plus avantageux. Le montant du ch&egrave;que d&eacute;pend de vos revenus. Tous les parents d&rsquo;enfants en bas &acirc;ge peuvent b&eacute;n&eacute;ficier de ch&egrave;ques-service gratuits &agrave; hauteur de 3h par semaine, puis de 21h\/sem. &agrave; taux r&eacute;duit.<\/p>\n<p>Il faut pour cela &ecirc;tre domicili&eacute; dans le pays et parents d&rsquo;enfants de moins de 12 ans scolaris&eacute;s. C&rsquo;est aux parents d&rsquo;effectuer leur demande de <em>carte d&rsquo;adh&eacute;sion<\/em> (valable un an, renouvelable chaque ann&eacute;e) aupr&egrave;s de leur mairie de r&eacute;sidence.<\/p>\n<ul>\n<li><strong>Le \u00ab\u00a0Krank Kanner Doheem\u00a0\u00bb<\/strong><\/li>\n<\/ul>\n<p>Sur demande, le \u00ab\u00a0Krank Kanner Doheem\u00a0\u00bb s&rsquo;occupe d&rsquo;un enfant malade &agrave; domicile pendant que les parents poursuivent leur travail. Le service envoie un membre du personnel &agrave; la maison pour s&rsquo;occuper de l&rsquo;enfant. Il est n&eacute;cessaire de s&rsquo;inscrire &agrave; l&rsquo;avance dans une base de donn&eacute;es du service via le formulaire d&rsquo;inscription. Toute personne qui &eacute;l&egrave;ve seule un enfant est prioritaire.&nbsp;<\/p>\n<p>Le revenu net du m&eacute;nage sert de base au calcul des frais de garde d&rsquo;enfants par le \u00ab\u00a0Service Krank Kanner Doheem\u00a0\u00bb.&nbsp;<\/p>\n<\/p>\n<p><a class=\"button\" href=\"https:\/\/yoopies.lu\/baby-sitting\">Trouvez votre baby-sitter en cliquant ici ! <\/a><\/p>\n","protected":false},"excerpt":{"rendered":"<p>Vous cherchez un intervenant pour du baby sitting ? Vous avez besoin d&rsquo;informations pour trouver &hellip; <\/p>\n","protected":false},"author":10,"featured_media":310,"parent":0,"menu_order":0,"comment_status":"closed","ping_status":"closed","template":"","meta":{"_acf_changed":false,"footnotes":""},"class_list":["post-308","page","type-page","status-publish","has-post-thumbnail","hentry"],"acf":[],"yoast_head":"<!-- This site is optimized with the Yoast SEO plugin v26.9 - https:\/\/yoast.com\/product\/yoast-seo-wordpress\/ -->\n<title>Baby-sitting - Informations utiles<\/title>\n<meta name=\"description\" content=\"Vous cherchez un intervenant pour du baby-sitting \u00e0 domicile. Toutes les informations et r\u00e9ponses \u00e0 vos questions dans nos articles.\" \/>\n<meta name=\"robots\" content=\"index, follow, max-snippet:-1, max-image-preview:large, max-video-preview:-1\" \/>\n<link rel=\"canonical\" href=\"https:\/\/yoopies.lu\/c\/baby-sitting-informations\/\" \/>\n<meta property=\"og:locale\" content=\"fr_FR\" \/>\n<meta property=\"og:type\" content=\"article\" \/>\n<meta property=\"og:title\" content=\"Baby-sitting - Informations utiles\" \/>\n<meta property=\"og:description\" content=\"Vous cherchez un intervenant pour du baby-sitting \u00e0 domicile. Toutes les informations et r\u00e9ponses \u00e0 vos questions dans nos articles.\" \/>\n<meta property=\"og:url\" content=\"https:\/\/yoopies.lu\/c\/baby-sitting-informations\/\" \/>\n<meta property=\"og:site_name\" content=\"Yoopies Luxembourg\" \/>\n<meta property=\"article:modified_time\" content=\"2025-06-12T08:47:39+00:00\" \/>\n<meta property=\"og:image\" content=\"https:\/\/yoopies.lu\/c\/wp-content\/uploads\/sites\/11\/2022\/03\/e13e6361-22f3-4a34-8691-fd6005723a3d-pexels-andrea-piacquadio-3822696-1.jpg\" \/>\n\t<meta property=\"og:image:width\" content=\"1200\" \/>\n\t<meta property=\"og:image:height\" content=\"800\" \/>\n\t<meta property=\"og:image:type\" content=\"image\/jpeg\" \/>\n<meta name=\"twitter:card\" content=\"summary_large_image\" \/>\n<meta name=\"twitter:label1\" content=\"Dur\u00e9e de lecture estim\u00e9e\" \/>\n\t<meta name=\"twitter:data1\" content=\"4 minutes\" \/>\n<script type=\"application\/ld+json\" class=\"yoast-schema-graph\">{\"@context\":\"https:\/\/schema.org\",\"@graph\":[{\"@type\":\"WebPage\",\"@id\":\"https:\/\/yoopies.lu\/c\/baby-sitting-informations\/\",\"url\":\"https:\/\/yoopies.lu\/c\/baby-sitting-informations\/\",\"name\":\"Baby-sitting - Informations utiles\",\"isPartOf\":{\"@id\":\"https:\/\/yoopies.lu\/c\/#website\"},\"primaryImageOfPage\":{\"@id\":\"https:\/\/yoopies.lu\/c\/baby-sitting-informations\/#primaryimage\"},\"image\":{\"@id\":\"https:\/\/yoopies.lu\/c\/baby-sitting-informations\/#primaryimage\"},\"thumbnailUrl\":\"https:\/\/yoopies.lu\/c\/wp-content\/uploads\/sites\/11\/2022\/03\/e13e6361-22f3-4a34-8691-fd6005723a3d-pexels-andrea-piacquadio-3822696-1.jpg\",\"datePublished\":\"2022-03-30T15:34:06+00:00\",\"dateModified\":\"2025-06-12T08:47:39+00:00\",\"description\":\"Vous cherchez un intervenant pour du baby-sitting \u00e0 domicile. Toutes les informations et r\u00e9ponses \u00e0 vos questions dans nos articles.\",\"breadcrumb\":{\"@id\":\"https:\/\/yoopies.lu\/c\/baby-sitting-informations\/#breadcrumb\"},\"inLanguage\":\"fr-FR\",\"potentialAction\":[{\"@type\":\"ReadAction\",\"target\":[\"https:\/\/yoopies.lu\/c\/baby-sitting-informations\/\"]}]},{\"@type\":\"ImageObject\",\"inLanguage\":\"fr-FR\",\"@id\":\"https:\/\/yoopies.lu\/c\/baby-sitting-informations\/#primaryimage\",\"url\":\"https:\/\/yoopies.lu\/c\/wp-content\/uploads\/sites\/11\/2022\/03\/e13e6361-22f3-4a34-8691-fd6005723a3d-pexels-andrea-piacquadio-3822696-1.jpg\",\"contentUrl\":\"https:\/\/yoopies.lu\/c\/wp-content\/uploads\/sites\/11\/2022\/03\/e13e6361-22f3-4a34-8691-fd6005723a3d-pexels-andrea-piacquadio-3822696-1.jpg\",\"width\":1200,\"height\":800},{\"@type\":\"BreadcrumbList\",\"@id\":\"https:\/\/yoopies.lu\/c\/baby-sitting-informations\/#breadcrumb\",\"itemListElement\":[{\"@type\":\"ListItem\",\"position\":1,\"name\":\"Home\",\"item\":\"https:\/\/yoopies.lu\/c\/\"},{\"@type\":\"ListItem\",\"position\":2,\"name\":\"Baby-sitting &#8211; Informations utiles\"}]},{\"@type\":\"WebSite\",\"@id\":\"https:\/\/yoopies.lu\/c\/#website\",\"url\":\"https:\/\/yoopies.lu\/c\/\",\"name\":\"Yoopies Luxembourg\",\"description\":\"\",\"potentialAction\":[{\"@type\":\"SearchAction\",\"target\":{\"@type\":\"EntryPoint\",\"urlTemplate\":\"https:\/\/yoopies.lu\/c\/?s={search_term_string}\"},\"query-input\":{\"@type\":\"PropertyValueSpecification\",\"valueRequired\":true,\"valueName\":\"search_term_string\"}}],\"inLanguage\":\"fr-FR\"}]}<\/script>\n<!-- \/ Yoast SEO plugin. -->","yoast_head_json":{"title":"Baby-sitting - Informations utiles","description":"Vous cherchez un intervenant pour du baby-sitting \u00e0 domicile. Toutes les informations et r\u00e9ponses \u00e0 vos questions dans nos articles.","robots":{"index":"index","follow":"follow","max-snippet":"max-snippet:-1","max-image-preview":"max-image-preview:large","max-video-preview":"max-video-preview:-1"},"canonical":"https:\/\/yoopies.lu\/c\/baby-sitting-informations\/","og_locale":"fr_FR","og_type":"article","og_title":"Baby-sitting - Informations utiles","og_description":"Vous cherchez un intervenant pour du baby-sitting \u00e0 domicile. Toutes les informations et r\u00e9ponses \u00e0 vos questions dans nos articles.","og_url":"https:\/\/yoopies.lu\/c\/baby-sitting-informations\/","og_site_name":"Yoopies Luxembourg","article_modified_time":"2025-06-12T08:47:39+00:00","og_image":[{"width":1200,"height":800,"url":"https:\/\/yoopies.lu\/c\/wp-content\/uploads\/sites\/11\/2022\/03\/e13e6361-22f3-4a34-8691-fd6005723a3d-pexels-andrea-piacquadio-3822696-1.jpg","type":"image\/jpeg"}],"twitter_card":"summary_large_image","twitter_misc":{"Dur\u00e9e de lecture estim\u00e9e":"4 minutes"},"schema":{"@context":"https:\/\/schema.org","@graph":[{"@type":"WebPage","@id":"https:\/\/yoopies.lu\/c\/baby-sitting-informations\/","url":"https:\/\/yoopies.lu\/c\/baby-sitting-informations\/","name":"Baby-sitting - Informations utiles","isPartOf":{"@id":"https:\/\/yoopies.lu\/c\/#website"},"primaryImageOfPage":{"@id":"https:\/\/yoopies.lu\/c\/baby-sitting-informations\/#primaryimage"},"image":{"@id":"https:\/\/yoopies.lu\/c\/baby-sitting-informations\/#primaryimage"},"thumbnailUrl":"https:\/\/yoopies.lu\/c\/wp-content\/uploads\/sites\/11\/2022\/03\/e13e6361-22f3-4a34-8691-fd6005723a3d-pexels-andrea-piacquadio-3822696-1.jpg","datePublished":"2022-03-30T15:34:06+00:00","dateModified":"2025-06-12T08:47:39+00:00","description":"Vous cherchez un intervenant pour du baby-sitting \u00e0 domicile. Toutes les informations et r\u00e9ponses \u00e0 vos questions dans nos articles.","breadcrumb":{"@id":"https:\/\/yoopies.lu\/c\/baby-sitting-informations\/#breadcrumb"},"inLanguage":"fr-FR","potentialAction":[{"@type":"ReadAction","target":["https:\/\/yoopies.lu\/c\/baby-sitting-informations\/"]}]},{"@type":"ImageObject","inLanguage":"fr-FR","@id":"https:\/\/yoopies.lu\/c\/baby-sitting-informations\/#primaryimage","url":"https:\/\/yoopies.lu\/c\/wp-content\/uploads\/sites\/11\/2022\/03\/e13e6361-22f3-4a34-8691-fd6005723a3d-pexels-andrea-piacquadio-3822696-1.jpg","contentUrl":"https:\/\/yoopies.lu\/c\/wp-content\/uploads\/sites\/11\/2022\/03\/e13e6361-22f3-4a34-8691-fd6005723a3d-pexels-andrea-piacquadio-3822696-1.jpg","width":1200,"height":800},{"@type":"BreadcrumbList","@id":"https:\/\/yoopies.lu\/c\/baby-sitting-informations\/#breadcrumb","itemListElement":[{"@type":"ListItem","position":1,"name":"Home","item":"https:\/\/yoopies.lu\/c\/"},{"@type":"ListItem","position":2,"name":"Baby-sitting &#8211; Informations utiles"}]},{"@type":"WebSite","@id":"https:\/\/yoopies.lu\/c\/#website","url":"https:\/\/yoopies.lu\/c\/","name":"Yoopies Luxembourg","description":"","potentialAction":[{"@type":"SearchAction","target":{"@type":"EntryPoint","urlTemplate":"https:\/\/yoopies.lu\/c\/?s={search_term_string}"},"query-input":{"@type":"PropertyValueSpecification","valueRequired":true,"valueName":"search_term_string"}}],"inLanguage":"fr-FR"}]}},"_links":{"self":[{"href":"https:\/\/yoopies.lu\/c\/wp-json\/wp\/v2\/pages\/308","targetHints":{"allow":["GET"]}}],"collection":[{"href":"https:\/\/yoopies.lu\/c\/wp-json\/wp\/v2\/pages"}],"about":[{"href":"https:\/\/yoopies.lu\/c\/wp-json\/wp\/v2\/types\/page"}],"author":[{"embeddable":true,"href":"https:\/\/yoopies.lu\/c\/wp-json\/wp\/v2\/users\/10"}],"replies":[{"embeddable":true,"href":"https:\/\/yoopies.lu\/c\/wp-json\/wp\/v2\/comments?post=308"}],"version-history":[{"count":1,"href":"https:\/\/yoopies.lu\/c\/wp-json\/wp\/v2\/pages\/308\/revisions"}],"predecessor-version":[{"id":311,"href":"https:\/\/yoopies.lu\/c\/wp-json\/wp\/v2\/pages\/308\/revisions\/311"}],"wp:featuredmedia":[{"embeddable":true,"href":"https:\/\/yoopies.lu\/c\/wp-json\/wp\/v2\/media\/310"}],"wp:attachment":[{"href":"https:\/\/yoopies.lu\/c\/wp-json\/wp\/v2\/media?parent=308"}],"curies":[{"name":"wp","href":"https:\/\/api.w.org\/{rel}","templated":true}]}}