{"id":327,"date":"2022-03-09T13:07:10","date_gmt":"2022-03-09T13:07:10","guid":{"rendered":"https:\/\/blog.yoopies.lu\/soutien-scolaire-informations-familles\/"},"modified":"2025-06-12T08:47:40","modified_gmt":"2025-06-12T08:47:40","slug":"soutien-scolaire-informations-familles","status":"publish","type":"page","link":"https:\/\/yoopies.lu\/c\/soutien-scolaire-informations-familles\/","title":{"rendered":"Soutien scolaire"},"content":{"rendered":"<figure><img decoding=\"async\" src=\"https:\/\/yoopies.lu\/c\/wp-content\/uploads\/sites\/11\/2022\/03\/70d12eba-758a-4138-ae03-b38d5d1c1f42-pexels-ivan-samkov-4240606.jpg\" \/><\/figure>\n<p><p>De nombreux parents se disent que leur enfant devrait certainement suivre des cours de soutien scolaire pour remonter leurs notes et avoir une meilleure m&eacute;thodologie de travail. Bien que cette pratique soit devenue un v&eacute;ritable r&eacute;flexe aujourd&rsquo;hui, savent-ils exactement de quoi ils parlent&nbsp;? Soutien scolaire, cours particuliers, aide aux devoirs&#8230; il existe plusieurs solutions pour rem&eacute;dier aux difficult&eacute;s ou faire une remise &agrave; niveau mais connaissez-vous la diff&eacute;rence entre ses termes ? <\/p>\n<\/p>\n<p><h2><strong>Le soutien scolaire <\/strong><\/h2>\n<\/p>\n<p>Les cours de soutien scolaire repr&eacute;sentent une <strong>aide personnalis&eacute;e<\/strong>, ponctuelle ou sur une longue dur&eacute;e, prodigu&eacute;e &agrave; des &eacute;l&egrave;ves ayant des difficult&eacute;s.  C&rsquo;est une aide qui compl&egrave;te l&rsquo;enseignement de l&rsquo;Education Nationale. \ud83d\udcda<\/p>\n<p>Le soutien scolaire, est une notion large englobant, avant tout, deux services&nbsp;: <strong>l&rsquo;aide dans les cours et les exercices et la remise &agrave; niveau. <\/strong>C&rsquo;est<strong> <\/strong>ce duo l&agrave;<strong> <\/strong>qui permettra de remonter notes et moyennes. Tout ce qui concerne la pr&eacute;paration aux grands concours ne rel&egrave;ve pas du soutien scolaire.<\/p>\n<p>Le soutien scolaire permet de r&eacute;pondre &agrave; plusieurs manques : <\/p>\n<ul>\n<li>Vous &ecirc;tes parents et vous travaillez tous les deux ? Malgr&eacute; la volont&eacute; importante de favoriser la r&eacute;ussite scolaire de votre enfant, vous manquez le plus souvent de temps pour leurs devoirs. Vous n&rsquo;avez pas physiquement le temps d&rsquo;aider votre enfant, le soir apr&egrave;s l&rsquo;&eacute;cole.<\/li>\n<li>Vous manquez de comp&eacute;tences pour aider votre enfant sur une mati&egrave;re scientifique ou des langues par exemple. <\/li>\n<li>Votre enfant a simplement besoin d&rsquo;une p&eacute;dagogie diff&eacute;rente de la votre ou celle qu&rsquo;il trouve &agrave; l&rsquo;&eacute;cole pour vaincre ses blocages.  En effet, le professeur de soutien scolaire s&rsquo;adapte &agrave; l&rsquo;&eacute;l&egrave;ve et non l&rsquo;inverse ce qui permet d&rsquo;une part d&rsquo;installer une relation de confiance, et d&rsquo;autre part de lui offrir des cours &laquo;&nbsp;sur mesure&nbsp;&raquo; pour progresser. <\/li>\n<\/ul>\n<p><h2><strong>Les cours particuliers <\/strong><\/h2>\n<\/p>\n<p>Les cours particuliers, &agrave; la diff&eacute;rence du soutien scolaire, s&rsquo;inscrivent dans un contexte plus l&eacute;ger. Le but premier est le <strong>d&eacute;sir d&rsquo;apprendre<\/strong>.<\/p>\n<p>Les cours particuliers sont soutenus pour des &eacute;l&egrave;ves d&eacute;sireux d&rsquo;<strong>approfondir leurs connaissances<\/strong>, voire m&ecirc;me pour les pr&eacute;parer &agrave; un examen ou &agrave; un concours. Le professeur accompagne l&rsquo;&eacute;l&egrave;ve, gr&acirc;ce &agrave; un enseignement personnalis&eacute;, vers de nouvelles connaissances. Il apporte &agrave; l&rsquo;&eacute;l&egrave;ve r&eacute;flexion, responsabilisation et m&eacute;thodologies. \ud83d\udc69&zwj;\ud83c\udfeb<\/p>\n<p>Les adultes peuvent aussi avoir recours aux cours particuliers, &agrave; titre personnel et ludique (pour apprendre un instrument de musique, apprendre &agrave; dessiner, etc.) ou encore &agrave; titre professionnel (par exemple pour apprendre une nouvelle langue).<\/p>\n<h2><\/h2>\n<\/p>\n<p><h2><strong>L&rsquo;aide aux devoirs <\/strong><\/h2>\n<\/p>\n<p>Les devoirs &agrave; la maison repr&eacute;sentent une partie importante &agrave; ne pas n&eacute;gliger durant l&rsquo;ann&eacute;e scolaire. Une grande partie de la compr&eacute;hension du cours se fait gr&acirc;ce aux devoirs ! Beaucoup d&rsquo;&eacute;l&egrave;ves ont du mal &agrave; faire leurs devoirs en rentrant de l&rsquo;&eacute;cole. Pas facile de se forcer &agrave; s&rsquo;asseoir et &agrave; travailler encore.<\/p>\n<p>L&rsquo;aide aux devoirs concerne le plus souvent les &eacute;l&egrave;ves de primaire et de coll&egrave;ge. Elle repr&eacute;sente un des deux objectifs du soutien scolaire. <\/p>\n<p>Elle permet d&rsquo;accompagner les enfants dans la r&eacute;alisation des devoirs du soir. Cette aide peut &ecirc;tre effectu&eacute;e par un proche, un &eacute;tudiant, un professeur ou encore gr&acirc;ce &agrave; des ressources p&eacute;dagogiques en ligne. \ud83d\udcbb<\/p>\n<p>L&rsquo;aide aux devoirs peut &ecirc;tre effectu&eacute; de diff&eacute;rentes fa&ccedil;ons : <\/p>\n<p>&#8211; d&rsquo;accompagnement scolaire<\/p>\n<p>&#8211; d&rsquo;assistance scolaire personnalis&eacute;e pour la r&eacute;vision des mati&egrave;res<\/p>\n<p>&#8211; de cours en ligne (ressources p&eacute;dagogiques, logiciels &eacute;ducatifs, assistances num&eacute;riques comme le CNED&#8230;) <\/p>\n<p>&#8211; de soutien scolaire &agrave; domicile par un professeur ou un &eacute;tudiant <\/p>\n<\/p>\n<p><a class=\"button\" href=\"https:\/\/yoopies.lu\/soutien-scolaire\">Trouvez votre professeur de soutien scolaire en cliquant ici ! <\/a><\/p>\n<p><p>Aujourd&rsquo;hui, g&eacute;rer les devoirs des enfants et votre travail en m&ecirc;me temps est devenu tr&egrave;s compliqu&eacute; ! Si vous rentrez tard du boulot, savoir que votre enfant est avec un professeur particulier et fait ses devoirs peut vous &ecirc;tre rassurant. Vous savez qu&rsquo;une personne exp&eacute;riment&eacute;e s&rsquo;occupe des devoirs de votre enfant et veille &agrave; son l&rsquo;&eacute;volution scolaire. <\/p>\n<p>Votre temps libre avec vos enfants pourra alors &ecirc;tre consacr&eacute; &agrave; des activit&eacute;s plus agr&eacute;ables que les devoirs ! <\/p><\/p>\n","protected":false},"excerpt":{"rendered":"<p>De nombreux parents se disent que leur enfant devrait certainement suivre des cours de soutien &hellip; <\/p>\n","protected":false},"author":10,"featured_media":329,"parent":0,"menu_order":0,"comment_status":"closed","ping_status":"closed","template":"","meta":{"_acf_changed":false,"footnotes":""},"class_list":["post-327","page","type-page","status-publish","has-post-thumbnail","hentry"],"acf":[],"yoast_head":"<!-- This site is optimized with the Yoast SEO plugin v26.9 - https:\/\/yoast.com\/product\/yoast-seo-wordpress\/ -->\n<title>Soutien scolaire - Informations aux familles<\/title>\n<meta name=\"description\" content=\"Vous recherchez un intervenant pour du soutien scolaire \u00e0 domicile. Toutes les informations et r\u00e9ponses \u00e0 vos questions dans nos articles.\" \/>\n<meta name=\"robots\" content=\"index, follow, max-snippet:-1, max-image-preview:large, max-video-preview:-1\" \/>\n<link rel=\"canonical\" href=\"https:\/\/yoopies.lu\/c\/soutien-scolaire-informations-familles\/\" \/>\n<meta property=\"og:locale\" content=\"fr_FR\" \/>\n<meta property=\"og:type\" content=\"article\" \/>\n<meta property=\"og:title\" content=\"Soutien scolaire - Informations aux familles\" \/>\n<meta property=\"og:description\" content=\"Vous recherchez un intervenant pour du soutien scolaire \u00e0 domicile. Toutes les informations et r\u00e9ponses \u00e0 vos questions dans nos articles.\" \/>\n<meta property=\"og:url\" content=\"https:\/\/yoopies.lu\/c\/soutien-scolaire-informations-familles\/\" \/>\n<meta property=\"og:site_name\" content=\"Yoopies Luxembourg\" \/>\n<meta property=\"article:modified_time\" content=\"2025-06-12T08:47:40+00:00\" \/>\n<meta property=\"og:image\" content=\"https:\/\/yoopies.lu\/c\/wp-content\/uploads\/sites\/11\/2022\/03\/8185b314-5cf0-452e-81f3-5397136efce7-pexels-edward-jenner-4031818.jpg\" \/>\n\t<meta property=\"og:image:width\" content=\"1200\" \/>\n\t<meta property=\"og:image:height\" content=\"800\" \/>\n\t<meta property=\"og:image:type\" content=\"image\/jpeg\" \/>\n<meta name=\"twitter:card\" content=\"summary_large_image\" \/>\n<meta name=\"twitter:label1\" content=\"Dur\u00e9e de lecture estim\u00e9e\" \/>\n\t<meta name=\"twitter:data1\" content=\"4 minutes\" \/>\n<script type=\"application\/ld+json\" class=\"yoast-schema-graph\">{\"@context\":\"https:\/\/schema.org\",\"@graph\":[{\"@type\":\"WebPage\",\"@id\":\"https:\/\/yoopies.lu\/c\/soutien-scolaire-informations-familles\/\",\"url\":\"https:\/\/yoopies.lu\/c\/soutien-scolaire-informations-familles\/\",\"name\":\"Soutien scolaire - Informations aux familles\",\"isPartOf\":{\"@id\":\"https:\/\/yoopies.lu\/c\/#website\"},\"primaryImageOfPage\":{\"@id\":\"https:\/\/yoopies.lu\/c\/soutien-scolaire-informations-familles\/#primaryimage\"},\"image\":{\"@id\":\"https:\/\/yoopies.lu\/c\/soutien-scolaire-informations-familles\/#primaryimage\"},\"thumbnailUrl\":\"https:\/\/yoopies.lu\/c\/wp-content\/uploads\/sites\/11\/2022\/03\/8185b314-5cf0-452e-81f3-5397136efce7-pexels-edward-jenner-4031818.jpg\",\"datePublished\":\"2022-03-09T13:07:10+00:00\",\"dateModified\":\"2025-06-12T08:47:40+00:00\",\"description\":\"Vous recherchez un intervenant pour du soutien scolaire \u00e0 domicile. Toutes les informations et r\u00e9ponses \u00e0 vos questions dans nos articles.\",\"breadcrumb\":{\"@id\":\"https:\/\/yoopies.lu\/c\/soutien-scolaire-informations-familles\/#breadcrumb\"},\"inLanguage\":\"fr-FR\",\"potentialAction\":[{\"@type\":\"ReadAction\",\"target\":[\"https:\/\/yoopies.lu\/c\/soutien-scolaire-informations-familles\/\"]}]},{\"@type\":\"ImageObject\",\"inLanguage\":\"fr-FR\",\"@id\":\"https:\/\/yoopies.lu\/c\/soutien-scolaire-informations-familles\/#primaryimage\",\"url\":\"https:\/\/yoopies.lu\/c\/wp-content\/uploads\/sites\/11\/2022\/03\/8185b314-5cf0-452e-81f3-5397136efce7-pexels-edward-jenner-4031818.jpg\",\"contentUrl\":\"https:\/\/yoopies.lu\/c\/wp-content\/uploads\/sites\/11\/2022\/03\/8185b314-5cf0-452e-81f3-5397136efce7-pexels-edward-jenner-4031818.jpg\",\"width\":1200,\"height\":800},{\"@type\":\"BreadcrumbList\",\"@id\":\"https:\/\/yoopies.lu\/c\/soutien-scolaire-informations-familles\/#breadcrumb\",\"itemListElement\":[{\"@type\":\"ListItem\",\"position\":1,\"name\":\"Home\",\"item\":\"https:\/\/yoopies.lu\/c\/\"},{\"@type\":\"ListItem\",\"position\":2,\"name\":\"Soutien scolaire\"}]},{\"@type\":\"WebSite\",\"@id\":\"https:\/\/yoopies.lu\/c\/#website\",\"url\":\"https:\/\/yoopies.lu\/c\/\",\"name\":\"Yoopies Luxembourg\",\"description\":\"\",\"potentialAction\":[{\"@type\":\"SearchAction\",\"target\":{\"@type\":\"EntryPoint\",\"urlTemplate\":\"https:\/\/yoopies.lu\/c\/?s={search_term_string}\"},\"query-input\":{\"@type\":\"PropertyValueSpecification\",\"valueRequired\":true,\"valueName\":\"search_term_string\"}}],\"inLanguage\":\"fr-FR\"}]}<\/script>\n<!-- \/ Yoast SEO plugin. -->","yoast_head_json":{"title":"Soutien scolaire - Informations aux familles","description":"Vous recherchez un intervenant pour du soutien scolaire \u00e0 domicile. Toutes les informations et r\u00e9ponses \u00e0 vos questions dans nos articles.","robots":{"index":"index","follow":"follow","max-snippet":"max-snippet:-1","max-image-preview":"max-image-preview:large","max-video-preview":"max-video-preview:-1"},"canonical":"https:\/\/yoopies.lu\/c\/soutien-scolaire-informations-familles\/","og_locale":"fr_FR","og_type":"article","og_title":"Soutien scolaire - Informations aux familles","og_description":"Vous recherchez un intervenant pour du soutien scolaire \u00e0 domicile. Toutes les informations et r\u00e9ponses \u00e0 vos questions dans nos articles.","og_url":"https:\/\/yoopies.lu\/c\/soutien-scolaire-informations-familles\/","og_site_name":"Yoopies Luxembourg","article_modified_time":"2025-06-12T08:47:40+00:00","og_image":[{"width":1200,"height":800,"url":"https:\/\/yoopies.lu\/c\/wp-content\/uploads\/sites\/11\/2022\/03\/8185b314-5cf0-452e-81f3-5397136efce7-pexels-edward-jenner-4031818.jpg","type":"image\/jpeg"}],"twitter_card":"summary_large_image","twitter_misc":{"Dur\u00e9e de lecture estim\u00e9e":"4 minutes"},"schema":{"@context":"https:\/\/schema.org","@graph":[{"@type":"WebPage","@id":"https:\/\/yoopies.lu\/c\/soutien-scolaire-informations-familles\/","url":"https:\/\/yoopies.lu\/c\/soutien-scolaire-informations-familles\/","name":"Soutien scolaire - Informations aux familles","isPartOf":{"@id":"https:\/\/yoopies.lu\/c\/#website"},"primaryImageOfPage":{"@id":"https:\/\/yoopies.lu\/c\/soutien-scolaire-informations-familles\/#primaryimage"},"image":{"@id":"https:\/\/yoopies.lu\/c\/soutien-scolaire-informations-familles\/#primaryimage"},"thumbnailUrl":"https:\/\/yoopies.lu\/c\/wp-content\/uploads\/sites\/11\/2022\/03\/8185b314-5cf0-452e-81f3-5397136efce7-pexels-edward-jenner-4031818.jpg","datePublished":"2022-03-09T13:07:10+00:00","dateModified":"2025-06-12T08:47:40+00:00","description":"Vous recherchez un intervenant pour du soutien scolaire \u00e0 domicile. Toutes les informations et r\u00e9ponses \u00e0 vos questions dans nos articles.","breadcrumb":{"@id":"https:\/\/yoopies.lu\/c\/soutien-scolaire-informations-familles\/#breadcrumb"},"inLanguage":"fr-FR","potentialAction":[{"@type":"ReadAction","target":["https:\/\/yoopies.lu\/c\/soutien-scolaire-informations-familles\/"]}]},{"@type":"ImageObject","inLanguage":"fr-FR","@id":"https:\/\/yoopies.lu\/c\/soutien-scolaire-informations-familles\/#primaryimage","url":"https:\/\/yoopies.lu\/c\/wp-content\/uploads\/sites\/11\/2022\/03\/8185b314-5cf0-452e-81f3-5397136efce7-pexels-edward-jenner-4031818.jpg","contentUrl":"https:\/\/yoopies.lu\/c\/wp-content\/uploads\/sites\/11\/2022\/03\/8185b314-5cf0-452e-81f3-5397136efce7-pexels-edward-jenner-4031818.jpg","width":1200,"height":800},{"@type":"BreadcrumbList","@id":"https:\/\/yoopies.lu\/c\/soutien-scolaire-informations-familles\/#breadcrumb","itemListElement":[{"@type":"ListItem","position":1,"name":"Home","item":"https:\/\/yoopies.lu\/c\/"},{"@type":"ListItem","position":2,"name":"Soutien scolaire"}]},{"@type":"WebSite","@id":"https:\/\/yoopies.lu\/c\/#website","url":"https:\/\/yoopies.lu\/c\/","name":"Yoopies Luxembourg","description":"","potentialAction":[{"@type":"SearchAction","target":{"@type":"EntryPoint","urlTemplate":"https:\/\/yoopies.lu\/c\/?s={search_term_string}"},"query-input":{"@type":"PropertyValueSpecification","valueRequired":true,"valueName":"search_term_string"}}],"inLanguage":"fr-FR"}]}},"_links":{"self":[{"href":"https:\/\/yoopies.lu\/c\/wp-json\/wp\/v2\/pages\/327","targetHints":{"allow":["GET"]}}],"collection":[{"href":"https:\/\/yoopies.lu\/c\/wp-json\/wp\/v2\/pages"}],"about":[{"href":"https:\/\/yoopies.lu\/c\/wp-json\/wp\/v2\/types\/page"}],"author":[{"embeddable":true,"href":"https:\/\/yoopies.lu\/c\/wp-json\/wp\/v2\/users\/10"}],"replies":[{"embeddable":true,"href":"https:\/\/yoopies.lu\/c\/wp-json\/wp\/v2\/comments?post=327"}],"version-history":[{"count":1,"href":"https:\/\/yoopies.lu\/c\/wp-json\/wp\/v2\/pages\/327\/revisions"}],"predecessor-version":[{"id":330,"href":"https:\/\/yoopies.lu\/c\/wp-json\/wp\/v2\/pages\/327\/revisions\/330"}],"wp:featuredmedia":[{"embeddable":true,"href":"https:\/\/yoopies.lu\/c\/wp-json\/wp\/v2\/media\/329"}],"wp:attachment":[{"href":"https:\/\/yoopies.lu\/c\/wp-json\/wp\/v2\/media?parent=327"}],"curies":[{"name":"wp","href":"https:\/\/api.w.org\/{rel}","templated":true}]}}