{"id":335,"date":"2022-09-19T21:06:52","date_gmt":"2022-09-19T21:06:52","guid":{"rendered":"https:\/\/blog.yoopies.lu\/baby-sitting-informations\/idees-dactivites-a-faire-apres-lecole\/"},"modified":"2025-06-12T08:47:39","modified_gmt":"2025-06-12T08:47:39","slug":"idees-dactivites-a-faire-apres-lecole","status":"publish","type":"page","link":"https:\/\/yoopies.lu\/c\/baby-sitting-informations\/idees-dactivites-a-faire-apres-lecole\/","title":{"rendered":"Id\u00e9es d&rsquo;activit\u00e9s \u00e0 faire apr\u00e8s l&rsquo;\u00e9cole"},"content":{"rendered":"<figure><img decoding=\"async\" src=\"https:\/\/yoopies.lu\/c\/wp-content\/uploads\/sites\/11\/2022\/09\/bc9be124-6dac-4ac1-9801-3c35406af4d9-22.jpg\" \/><\/figure>\n<p><p>Il est facile d&rsquo;oublier que les enfants sont de petits adultes avec leurs propres int&eacute;r&ecirc;ts et activit&eacute;s. <\/p>\n<p>Ils sont peut-&ecirc;tre encore &agrave; l&rsquo;&eacute;cole, mais cela ne veut pas dire qu&rsquo;ils ne peuvent pas s&rsquo;amuser apr&egrave;s l&rsquo;&eacute;cole &eacute;galement. <\/p>\n<p>Des activit&eacute;s cr&eacute;atives pour les enfants apr&egrave;s l&rsquo;&eacute;cole permettent non seulement de les divertir et de les faire sortir de la maison, mais aussi de les aider &agrave; d&eacute;velopper une s&eacute;rie de comp&eacute;tences importantes pour la vie. <\/p>\n<p>Que votre enfant soit un artiste en herbe ou qu&rsquo;il adore jouer aux jeux vid&eacute;o, il existe de nombreuses activit&eacute;s cr&eacute;atives extrascolaires pour les enfants qui leur permettent de s&rsquo;impliquer dans quelque chose de nouveau et de passionnant en dehors de la maison. <\/p>\n<p>Nous vous pr&eacute;sentons ici tout ce que vous devez savoir sur les activit&eacute;s cr&eacute;atives pour enfants apr&egrave;s l&rsquo;&eacute;cole.<\/p>\n<\/p>\n<figure><img decoding=\"async\" src=\"https:\/\/yoopies.lu\/c\/wp-content\/uploads\/sites\/11\/2022\/09\/14995473-8106-451d-be3b-3467b466ad05-21.jpg\" \/><\/figure>\n<p><h2><strong>Les activit&eacute;s extra-scolaire <\/strong><\/h2>\n<p><strong>Qu&rsquo;est-ce qu&rsquo;une activit&eacute; extra-scolaire?<\/strong><\/p>\n<p>Une activit&eacute; extra-scolaire n&rsquo;est pas un moyen de faire bouger, mais plut&ocirc;t un moyen de faire passer le temps et d&rsquo;&eacute;viter l&rsquo;ennui de l&rsquo;enfant. En effet, le fait de rester longtemps assis en salle de classe peut-&ecirc;tre lourd pour l&rsquo;enfant, il est donc important qu&rsquo;il se lib&egrave;re l&rsquo;esprit et le corps. <\/p>\n<p><strong>Pourquoi les activit&eacute;s extra-scolaires sont-elles si importantes ?<\/strong><\/p>\n<p>Parce que les activit&eacute;s extra-scolaires ont un r&ocirc;le tr&egrave;s important dans la transmission des connaissances ! Les enfants qui s&rsquo;amusent bien apr&egrave;s l&rsquo;&eacute;cole font preuve de plus de concentration et de rigueur pendant les cours. D&egrave;s lors, ils peuvent apprendre mieux et plus rapidement.<\/p>\n<p>Les activit&eacute;s extrascolaires aident les enfants &agrave; &eacute;vacuer le stress apr&egrave;s l&rsquo;&eacute;cole. Il peut s&rsquo;agir de pratiquer un sport ou de faire de l&rsquo;art. Il est important de s&rsquo;amuser apr&egrave;s l&rsquo;&eacute;cole avec vos enfants. Il leur sera plus facile de passer de l&rsquo;&eacute;cole &agrave; autre chose.<\/p>\n<p>Des &eacute;tudes ont montr&eacute; que les jeux sont un excellent moyen d&rsquo;occuper les enfants apr&egrave;s l&rsquo;&eacute;cole. Jouer &agrave; un jeu peut &ecirc;tre aussi simple que vous le souhaitez ou aussi approfondi que vous le voulez. Il peut &eacute;galement s&rsquo;agir d&rsquo;une activit&eacute; physique ou d&rsquo;une activit&eacute; n&eacute;cessitant une stimulation mentale.<\/p>\n<\/p>\n<figure><img decoding=\"async\" src=\"https:\/\/yoopies.lu\/c\/wp-content\/uploads\/sites\/11\/2022\/09\/779bab5c-e3cf-4aa3-a7b7-8ba3ff73bb1c-23.jpg\" \/><\/figure>\n<p><h2><\/h2>\n<h2><strong>Comment choisir l&rsquo;activit&eacute; extra-scolaire de votre enfant ?<\/strong><\/h2>\n<\/p>\n<p>Le principal crit&egrave;re de choix d&rsquo;une activit&eacute; extra-scolaire est avant tout le d&eacute;sir de l&rsquo;enfant. Il doit s&rsquo;agir du souhait de l&rsquo;enfant et non d&rsquo;un choix des parents. L&rsquo;enfant a besoin de jouer, de s&rsquo;amuser, de se d&eacute;tendre et les activit&eacute;s extrascolaires ne doivent pas &ecirc;tre une source de stress. Les activit&eacute;s extrascolaires doivent &ecirc;tre int&eacute;ressantes pour l&rsquo;enfant et non un fardeau. Si un enfant trouve une activit&eacute; ennuyeuse ou contraignante, elle ne sera pas agr&eacute;able et il est peu probable qu&rsquo;il la poursuive. <\/p>\n<\/p>\n<p>Toutes les activit&eacute;s extrascolaires ne conviennent pas &agrave; tous les enfants ! Et il vaut mieux &ecirc;tre trop prudent que de risquer de passer &agrave; c&ocirc;t&eacute; d&rsquo;une passion ! Pour prendre la bonne d&eacute;cision, il est important de prendre en consid&eacute;ration l&rsquo;&acirc;ge de votre enfant, ses aptitudes, ses pr&eacute;f&eacute;rences et la disponibilit&eacute; des activit&eacute;s. Les activit&eacute;s extrascolaires qui int&eacute;ressent votre enfant doivent &ecirc;tre la priorit&eacute;.<\/p>\n<\/p>\n<p>Il existe beaucoup d&rsquo;activit&eacute;s extra-scolaires &agrave; faire apr&egrave;s l&rsquo;&eacute;cole. Mais <strong>comment d&eacute;terminer<\/strong> ce qui convient le mieux &agrave; votre enfant ?<\/p>\n<p>Voici <strong>5 questions<\/strong> &agrave; vous poser avant de choisir une activit&eacute; extra-scolaire pour votre enfant :<\/p>\n<p>1. Quand est-ce le mieux ?<\/p>\n<p>2. Quel &acirc;ge avez-vous votre enfant ?<\/p>\n<p>3. As-tu d&eacute;j&agrave; essay&eacute; une activit&eacute; pr&eacute;c&eacute;demment ?<\/p>\n<p>4. Quels sont tes objectifs &agrave; long terme ?<\/p>\n<p>5. Y a-t-il un type d&rsquo;activit&eacute; qui te pla&icirc;t particuli&egrave;rement?<\/p>\n<\/p>\n<figure><img decoding=\"async\" src=\"https:\/\/yoopies.lu\/c\/wp-content\/uploads\/sites\/11\/2022\/09\/e18e526c-3f43-4d2b-ab27-3c253ded4344-24.jpg\" \/><\/figure>\n<p><h2><strong>Quelles activit&eacute;s choisir ?<\/strong><\/h2>\n<\/p>\n<p><strong>Les sports individuels:<\/strong><\/p>\n<p>Dans certains sports, comme le tennis ou le badminton, l&rsquo;enfant peut s&rsquo;essayer &agrave; plusieurs disciplines avant de se concentrer sur celles-ci &agrave; l&rsquo;adolescence. Courir, sauter, lancer, il d&eacute;veloppe au maximum sa motricit&eacute; tout en se d&eacute;pensant.  <\/p>\n<p>Les sports porteurs comme le ski ou le v&eacute;lo sont &eacute;galement excellents pour d&eacute;velopper l &lsquo;&eacute;quilibre et le sens de la trajectoire. Les clubs de BMX, par exemple, proposent de commencer la draisienne d&egrave;s l&rsquo;&acirc;ge de 2 ans afin d&rsquo;apprendre les r&egrave;gles de la route. <\/p>\n<p>L&rsquo;&eacute;quitation, &agrave; travers les centres &eacute;questres, est un classique qui permet aux enfants de nouer une relation privil&eacute;gi&eacute;e avec les animaux. <\/p>\n<p>Les sports de combat, ou arts martiaux, sont excellents pour apprendre aux enfants &agrave; bien canaliser leur &eacute;nergie tout en respectant les autres.<\/p>\n<p>&#8211;&nbsp;&nbsp;<strong>Les sports collectifs<\/strong><\/p>\n<p>Ils sont parfaits pour d&eacute;velopper l&rsquo;esprit d&rsquo;&eacute;quipe de vos enfants ! <\/p>\n<p>Les id&eacute;es ne manquent pas : Football, basketball, handball, volley, rugby&#8230; ! <\/p>\n<p>De nombreux clubs permettent de faire des s&eacute;ances d&rsquo;essai, et &agrave; l&rsquo;&eacute;cole aussi, vos enfants pourront d&eacute;couvrir de nouvelles activit&eacute;s qui leur permettront de choisir l&rsquo;activit&eacute; id&eacute;ale.<\/p>\n<p>&#8211;&nbsp;&nbsp;<strong>Les activit&eacute;s artistique, d&rsquo;expression corporelles<\/strong><\/p>\n<p>On y retrouve bien &eacute;videmment&nbsp;<strong>la danse<\/strong>&nbsp;ou&nbsp;<strong>la gymnastique<\/strong>. Ces activit&eacute;s, bien que consid&eacute;r&eacute;es comme des sports, poss&egrave;dent une composante artistique tr&egrave;s importante. Elles s&rsquo;adressent tout autant aux filles qu&rsquo;aux gar&ccedil;ons et sont un bon moyen d&rsquo;allier activit&eacute; physique, ma&icirc;trise technique et amusement. Ce sont aussi des activit&eacute;s qui vont d&eacute;velopper harmonieusement les muscles de l&rsquo;ensemble du corps, travailler&nbsp;<strong>la souplesse et l&rsquo;&eacute;quilibre<\/strong>. Activit&eacute; extrascolaire originale, la capoeira est une danse venue du Br&eacute;sil. La capoeira d&eacute;veloppe chez l&rsquo;enfant les capacit&eacute;s psychomotrices gr&acirc;ce &agrave; des jeux ludiques alliant mouvements, rythmes et chansons. La capoeira aide ainsi bien s&ucirc;r &agrave; am&eacute;liorer l&rsquo;agilit&eacute; et la souplesse.<\/p>\n<p>&#8211;&nbsp;&nbsp;<strong>La musique<\/strong><\/p>\n<p>Piano, guitare, violon, chant, batterie&hellip; pour choisir un instrument de musique, on a l&rsquo;embarras du choix ! Les activit&eacute;s musicales permettent de d&eacute;velopper &agrave; la fois le sens du rythme et l&rsquo;ou&iuml;e, mais &eacute;galement la concentration, la m&eacute;moire, la rigueur et<strong>&nbsp;la motricit&eacute; fine<\/strong>. La musique d&eacute;veloppe aussi la cr&eacute;ativit&eacute; chez les enfants. Si vous souhaitez mettre le v&ocirc;tre &agrave; un instrument, choisissez-en un qu&rsquo;il pourra pratiquer r&eacute;guli&egrave;rement &agrave; la maison, en dehors des cours, et qui est en accord avec les contraintes du foyer (prix, insonorisation des pi&egrave;ces, place disponible, etc.).&nbsp;<strong>Le chant&nbsp;<\/strong>peut &ecirc;tre &eacute;galement une bonne activit&eacute; extra-scolaire pour l&rsquo;enfant. Aujourd&rsquo;hui, de nombreux cours de chants, dans des acad&eacute;mies ou autres, sont dispens&eacute;s.<\/p>\n<p>&#8211;&nbsp;<strong>Les arts plastiques<\/strong><\/p>\n<p>Dessin, sculpture, peinture, sont autant d&rsquo;activit&eacute;s qui permettront de d&eacute;velopper la cr&eacute;ativit&eacute; de votre enfant&nbsp;<strong>lors d&rsquo;un temps calme&nbsp;<\/strong>o&ugrave; il devra se concentrer, observer et imaginer. Elles permettent &eacute;galement de d&eacute;velopper la pr&eacute;cision des gestes et la motricit&eacute; fine.<\/p>\n<p>&#8211;&nbsp;<strong>Le th&eacute;&acirc;tre<\/strong><\/p>\n<p>Se d&eacute;guiser, jouer&nbsp;<strong>la com&eacute;die<\/strong>, devenir le h&eacute;ros d&rsquo;une histoire. Vos enfants font d&eacute;j&agrave; un peu tout &ccedil;a au quotidien&hellip; Alors pourquoi ne pas les inscrire au th&eacute;&acirc;tre&nbsp;pour qu&rsquo;ils en fassent une activit&eacute; &agrave; part enti&egrave;re&nbsp;? Le th&eacute;&acirc;tre est un excellent moyen de le laisser s&rsquo;exprimer, tout en travailler&nbsp;<strong>sa m&eacute;moire<\/strong>&nbsp;et son esprit d&rsquo;&eacute;quipe. En se mettant en sc&egrave;ne, il renforcera aussi sa confiance en lui tout en s&rsquo;amusant.<\/p>\n<p>Source : <a href=\"https:\/\/www.parents.fr\/enfant\/education-et-vie-sociale\/vie-sociale\/loisirs\/activites-extrascolaires-laquelle-choisir-pour-mon-enfant-919379\">Activit&eacute;s extrascolaires : laquelle choisir pour mon enfant&nbsp;? | PARENTS.fr<\/a><\/p><\/p>\n","protected":false},"excerpt":{"rendered":"<p>Il est facile d&rsquo;oublier que les enfants sont de petits adultes avec leurs propres int&eacute;r&ecirc;ts &hellip; <\/p>\n","protected":false},"author":10,"featured_media":340,"parent":308,"menu_order":0,"comment_status":"closed","ping_status":"closed","template":"","meta":{"_acf_changed":false,"footnotes":""},"class_list":["post-335","page","type-page","status-publish","has-post-thumbnail","hentry"],"acf":[],"yoast_head":"<!-- This site is optimized with the Yoast SEO plugin v26.9 - https:\/\/yoast.com\/product\/yoast-seo-wordpress\/ -->\n<title>Id\u00e9es d&#039;activit\u00e9s extra-scolaire pour la rentr\u00e9e 2022<\/title>\n<meta name=\"description\" content=\"Voici quelques activit\u00e9s amusantes pour les enfants de tous \u00e2ges pour s&#039;amuser apr\u00e8s l&#039;\u00e9cole, \u00e0 la rentr\u00e9e et durant toute l&#039;ann\u00e9e scolaire!\" \/>\n<meta name=\"robots\" content=\"index, follow, max-snippet:-1, max-image-preview:large, max-video-preview:-1\" \/>\n<link rel=\"canonical\" href=\"https:\/\/yoopies.lu\/c\/baby-sitting-informations\/idees-dactivites-a-faire-apres-lecole\/\" \/>\n<meta property=\"og:locale\" content=\"fr_FR\" \/>\n<meta property=\"og:type\" content=\"article\" \/>\n<meta property=\"og:title\" content=\"Id\u00e9es d&#039;activit\u00e9s extra-scolaire pour la rentr\u00e9e 2022\" \/>\n<meta property=\"og:description\" content=\"Voici quelques activit\u00e9s amusantes pour les enfants de tous \u00e2ges pour s&#039;amuser apr\u00e8s l&#039;\u00e9cole, \u00e0 la rentr\u00e9e et durant toute l&#039;ann\u00e9e scolaire!\" \/>\n<meta property=\"og:url\" content=\"https:\/\/yoopies.lu\/c\/baby-sitting-informations\/idees-dactivites-a-faire-apres-lecole\/\" \/>\n<meta property=\"og:site_name\" content=\"Yoopies Luxembourg\" \/>\n<meta property=\"article:modified_time\" content=\"2025-06-12T08:47:39+00:00\" \/>\n<meta property=\"og:image\" content=\"https:\/\/yoopies.lu\/c\/wp-content\/uploads\/sites\/11\/2022\/09\/be4b151b-a037-4b9f-b6d3-c480ba1e1f4d-games28229.jpg\" \/>\n\t<meta property=\"og:image:width\" content=\"1200\" \/>\n\t<meta property=\"og:image:height\" content=\"1006\" \/>\n\t<meta property=\"og:image:type\" content=\"image\/jpeg\" \/>\n<meta name=\"twitter:card\" content=\"summary_large_image\" \/>\n<meta name=\"twitter:label1\" content=\"Dur\u00e9e de lecture estim\u00e9e\" \/>\n\t<meta name=\"twitter:data1\" content=\"7 minutes\" \/>\n<script type=\"application\/ld+json\" class=\"yoast-schema-graph\">{\"@context\":\"https:\/\/schema.org\",\"@graph\":[{\"@type\":\"WebPage\",\"@id\":\"https:\/\/yoopies.lu\/c\/baby-sitting-informations\/idees-dactivites-a-faire-apres-lecole\/\",\"url\":\"https:\/\/yoopies.lu\/c\/baby-sitting-informations\/idees-dactivites-a-faire-apres-lecole\/\",\"name\":\"Id\u00e9es d'activit\u00e9s extra-scolaire pour la rentr\u00e9e 2022\",\"isPartOf\":{\"@id\":\"https:\/\/yoopies.lu\/c\/#website\"},\"primaryImageOfPage\":{\"@id\":\"https:\/\/yoopies.lu\/c\/baby-sitting-informations\/idees-dactivites-a-faire-apres-lecole\/#primaryimage\"},\"image\":{\"@id\":\"https:\/\/yoopies.lu\/c\/baby-sitting-informations\/idees-dactivites-a-faire-apres-lecole\/#primaryimage\"},\"thumbnailUrl\":\"https:\/\/yoopies.lu\/c\/wp-content\/uploads\/sites\/11\/2022\/09\/be4b151b-a037-4b9f-b6d3-c480ba1e1f4d-games28229.jpg\",\"datePublished\":\"2022-09-19T21:06:52+00:00\",\"dateModified\":\"2025-06-12T08:47:39+00:00\",\"description\":\"Voici quelques activit\u00e9s amusantes pour les enfants de tous \u00e2ges pour s'amuser apr\u00e8s l'\u00e9cole, \u00e0 la rentr\u00e9e et durant toute l'ann\u00e9e scolaire!\",\"breadcrumb\":{\"@id\":\"https:\/\/yoopies.lu\/c\/baby-sitting-informations\/idees-dactivites-a-faire-apres-lecole\/#breadcrumb\"},\"inLanguage\":\"fr-FR\",\"potentialAction\":[{\"@type\":\"ReadAction\",\"target\":[\"https:\/\/yoopies.lu\/c\/baby-sitting-informations\/idees-dactivites-a-faire-apres-lecole\/\"]}]},{\"@type\":\"ImageObject\",\"inLanguage\":\"fr-FR\",\"@id\":\"https:\/\/yoopies.lu\/c\/baby-sitting-informations\/idees-dactivites-a-faire-apres-lecole\/#primaryimage\",\"url\":\"https:\/\/yoopies.lu\/c\/wp-content\/uploads\/sites\/11\/2022\/09\/be4b151b-a037-4b9f-b6d3-c480ba1e1f4d-games28229.jpg\",\"contentUrl\":\"https:\/\/yoopies.lu\/c\/wp-content\/uploads\/sites\/11\/2022\/09\/be4b151b-a037-4b9f-b6d3-c480ba1e1f4d-games28229.jpg\",\"width\":1200,\"height\":1006},{\"@type\":\"BreadcrumbList\",\"@id\":\"https:\/\/yoopies.lu\/c\/baby-sitting-informations\/idees-dactivites-a-faire-apres-lecole\/#breadcrumb\",\"itemListElement\":[{\"@type\":\"ListItem\",\"position\":1,\"name\":\"Home\",\"item\":\"https:\/\/yoopies.lu\/c\/\"},{\"@type\":\"ListItem\",\"position\":2,\"name\":\"Baby-sitting &#8211; Informations utiles\",\"item\":\"https:\/\/yoopies.lu\/c\/baby-sitting-informations\/\"},{\"@type\":\"ListItem\",\"position\":3,\"name\":\"Id\u00e9es d&rsquo;activit\u00e9s \u00e0 faire apr\u00e8s l&rsquo;\u00e9cole\"}]},{\"@type\":\"WebSite\",\"@id\":\"https:\/\/yoopies.lu\/c\/#website\",\"url\":\"https:\/\/yoopies.lu\/c\/\",\"name\":\"Yoopies Luxembourg\",\"description\":\"\",\"potentialAction\":[{\"@type\":\"SearchAction\",\"target\":{\"@type\":\"EntryPoint\",\"urlTemplate\":\"https:\/\/yoopies.lu\/c\/?s={search_term_string}\"},\"query-input\":{\"@type\":\"PropertyValueSpecification\",\"valueRequired\":true,\"valueName\":\"search_term_string\"}}],\"inLanguage\":\"fr-FR\"}]}<\/script>\n<!-- \/ Yoast SEO plugin. -->","yoast_head_json":{"title":"Id\u00e9es d'activit\u00e9s extra-scolaire pour la rentr\u00e9e 2022","description":"Voici quelques activit\u00e9s amusantes pour les enfants de tous \u00e2ges pour s'amuser apr\u00e8s l'\u00e9cole, \u00e0 la rentr\u00e9e et durant toute l'ann\u00e9e scolaire!","robots":{"index":"index","follow":"follow","max-snippet":"max-snippet:-1","max-image-preview":"max-image-preview:large","max-video-preview":"max-video-preview:-1"},"canonical":"https:\/\/yoopies.lu\/c\/baby-sitting-informations\/idees-dactivites-a-faire-apres-lecole\/","og_locale":"fr_FR","og_type":"article","og_title":"Id\u00e9es d'activit\u00e9s extra-scolaire pour la rentr\u00e9e 2022","og_description":"Voici quelques activit\u00e9s amusantes pour les enfants de tous \u00e2ges pour s'amuser apr\u00e8s l'\u00e9cole, \u00e0 la rentr\u00e9e et durant toute l'ann\u00e9e scolaire!","og_url":"https:\/\/yoopies.lu\/c\/baby-sitting-informations\/idees-dactivites-a-faire-apres-lecole\/","og_site_name":"Yoopies Luxembourg","article_modified_time":"2025-06-12T08:47:39+00:00","og_image":[{"width":1200,"height":1006,"url":"https:\/\/yoopies.lu\/c\/wp-content\/uploads\/sites\/11\/2022\/09\/be4b151b-a037-4b9f-b6d3-c480ba1e1f4d-games28229.jpg","type":"image\/jpeg"}],"twitter_card":"summary_large_image","twitter_misc":{"Dur\u00e9e de lecture estim\u00e9e":"7 minutes"},"schema":{"@context":"https:\/\/schema.org","@graph":[{"@type":"WebPage","@id":"https:\/\/yoopies.lu\/c\/baby-sitting-informations\/idees-dactivites-a-faire-apres-lecole\/","url":"https:\/\/yoopies.lu\/c\/baby-sitting-informations\/idees-dactivites-a-faire-apres-lecole\/","name":"Id\u00e9es d'activit\u00e9s extra-scolaire pour la rentr\u00e9e 2022","isPartOf":{"@id":"https:\/\/yoopies.lu\/c\/#website"},"primaryImageOfPage":{"@id":"https:\/\/yoopies.lu\/c\/baby-sitting-informations\/idees-dactivites-a-faire-apres-lecole\/#primaryimage"},"image":{"@id":"https:\/\/yoopies.lu\/c\/baby-sitting-informations\/idees-dactivites-a-faire-apres-lecole\/#primaryimage"},"thumbnailUrl":"https:\/\/yoopies.lu\/c\/wp-content\/uploads\/sites\/11\/2022\/09\/be4b151b-a037-4b9f-b6d3-c480ba1e1f4d-games28229.jpg","datePublished":"2022-09-19T21:06:52+00:00","dateModified":"2025-06-12T08:47:39+00:00","description":"Voici quelques activit\u00e9s amusantes pour les enfants de tous \u00e2ges pour s'amuser apr\u00e8s l'\u00e9cole, \u00e0 la rentr\u00e9e et durant toute l'ann\u00e9e scolaire!","breadcrumb":{"@id":"https:\/\/yoopies.lu\/c\/baby-sitting-informations\/idees-dactivites-a-faire-apres-lecole\/#breadcrumb"},"inLanguage":"fr-FR","potentialAction":[{"@type":"ReadAction","target":["https:\/\/yoopies.lu\/c\/baby-sitting-informations\/idees-dactivites-a-faire-apres-lecole\/"]}]},{"@type":"ImageObject","inLanguage":"fr-FR","@id":"https:\/\/yoopies.lu\/c\/baby-sitting-informations\/idees-dactivites-a-faire-apres-lecole\/#primaryimage","url":"https:\/\/yoopies.lu\/c\/wp-content\/uploads\/sites\/11\/2022\/09\/be4b151b-a037-4b9f-b6d3-c480ba1e1f4d-games28229.jpg","contentUrl":"https:\/\/yoopies.lu\/c\/wp-content\/uploads\/sites\/11\/2022\/09\/be4b151b-a037-4b9f-b6d3-c480ba1e1f4d-games28229.jpg","width":1200,"height":1006},{"@type":"BreadcrumbList","@id":"https:\/\/yoopies.lu\/c\/baby-sitting-informations\/idees-dactivites-a-faire-apres-lecole\/#breadcrumb","itemListElement":[{"@type":"ListItem","position":1,"name":"Home","item":"https:\/\/yoopies.lu\/c\/"},{"@type":"ListItem","position":2,"name":"Baby-sitting &#8211; Informations utiles","item":"https:\/\/yoopies.lu\/c\/baby-sitting-informations\/"},{"@type":"ListItem","position":3,"name":"Id\u00e9es d&rsquo;activit\u00e9s \u00e0 faire apr\u00e8s l&rsquo;\u00e9cole"}]},{"@type":"WebSite","@id":"https:\/\/yoopies.lu\/c\/#website","url":"https:\/\/yoopies.lu\/c\/","name":"Yoopies Luxembourg","description":"","potentialAction":[{"@type":"SearchAction","target":{"@type":"EntryPoint","urlTemplate":"https:\/\/yoopies.lu\/c\/?s={search_term_string}"},"query-input":{"@type":"PropertyValueSpecification","valueRequired":true,"valueName":"search_term_string"}}],"inLanguage":"fr-FR"}]}},"_links":{"self":[{"href":"https:\/\/yoopies.lu\/c\/wp-json\/wp\/v2\/pages\/335","targetHints":{"allow":["GET"]}}],"collection":[{"href":"https:\/\/yoopies.lu\/c\/wp-json\/wp\/v2\/pages"}],"about":[{"href":"https:\/\/yoopies.lu\/c\/wp-json\/wp\/v2\/types\/page"}],"author":[{"embeddable":true,"href":"https:\/\/yoopies.lu\/c\/wp-json\/wp\/v2\/users\/10"}],"replies":[{"embeddable":true,"href":"https:\/\/yoopies.lu\/c\/wp-json\/wp\/v2\/comments?post=335"}],"version-history":[{"count":1,"href":"https:\/\/yoopies.lu\/c\/wp-json\/wp\/v2\/pages\/335\/revisions"}],"predecessor-version":[{"id":341,"href":"https:\/\/yoopies.lu\/c\/wp-json\/wp\/v2\/pages\/335\/revisions\/341"}],"up":[{"embeddable":true,"href":"https:\/\/yoopies.lu\/c\/wp-json\/wp\/v2\/pages\/308"}],"wp:featuredmedia":[{"embeddable":true,"href":"https:\/\/yoopies.lu\/c\/wp-json\/wp\/v2\/media\/340"}],"wp:attachment":[{"href":"https:\/\/yoopies.lu\/c\/wp-json\/wp\/v2\/media?parent=335"}],"curies":[{"name":"wp","href":"https:\/\/api.w.org\/{rel}","templated":true}]}}