{"id":49,"date":"2024-06-13T09:37:13","date_gmt":"2024-06-13T09:37:13","guid":{"rendered":"https:\/\/blog.yoopies.lu\/annonces-cours-particuliers\/"},"modified":"2025-06-12T08:47:39","modified_gmt":"2025-06-12T08:47:39","slug":"annonces-cours-particuliers","status":"publish","type":"page","link":"https:\/\/yoopies.lu\/c\/annonces-cours-particuliers\/","title":{"rendered":"Annonces de cours particuliers : comment vendre son savoir ?"},"content":{"rendered":"<p><h2><strong>Sommaire : <\/strong><\/h2>\n<ul>\n<li><a target=\"_blank\" rel=\"noopener\" href=\"https:\/\/#h2-2\">Comment donner des cours particuliers &agrave; domicile ?<\/a><\/li>\n<li><a target=\"_blank\" rel=\"noopener\" href=\"https:\/\/#h2-3\">O&ugrave; mettre l&rsquo;annonce de cours particulier ?<\/a><\/li>\n<li><a target=\"_blank\" rel=\"noopener\" href=\"https:\/\/#h2-4\">Des exemples d&rsquo;annonce de cours particuliers pour vous aider !<\/a>\n<\/li>\n<\/ul>\n<h4><\/h4>\n<h2><strong>Comment donner des cours particuliers &agrave; domicile ? <\/strong>\ud83d\udcdd <\/h2>\n<\/p>\n<p>Vous cherchez &agrave; <a target=\"_blank\" rel=\"noopener\" href=\"https:\/\/yoopies.lu\/c\/donner-des-cours-a-domicile1\">donner des cours particuliers &agrave; domicile ou en visioconf&eacute;rence <\/a>? Comment s&rsquo;y prendre pour faire de l&rsquo;aide aux devoirs ? Vous poss&eacute;dez un savoir que vous aimeriez transmettre &agrave; des &eacute;l&egrave;ves ? Rien de plus simple aujourd&rsquo;hui. Le site Yoopies vous permet de trouver votre job en quelques clics, selon vos disponibilit&eacute;s, et gr&acirc;ce au syst&egrave;me de g&eacute;olocalisation. Les familles et les &eacute;tudiants postent chaque jour des annonces sur yoopies.fr pour des<a target=\"_blank\" rel=\"noopener\" href=\"https:\/\/yoopies.lu\/cours-maths\/paris\"> cours de maths<\/a> ou des <a target=\"_blank\" rel=\"noopener\" href=\"https:\/\/yoopies.lu\/cours-anglais\">cours d&rsquo;anglais<\/a> par exemple, et afin de trouver la perle rare ! <\/p>\n<p>La recherche est rapide et vous pourrez postuler en quelques clics sur Yoopies !<\/p>\n<\/p>\n<p class=\"highlighted\">\n<p><strong>\ud83d\udca1 Bon &agrave; savoir : Q<\/strong>ui donne des cours de soutien ? Qui peut donner des cours particuliers ? Qui peut faire de l&rsquo;aide aux devoirs ? Les proches, les &eacute;tudiants, les enseignants dipl&ocirc;m&eacute;s, ou des professionnels. <\/p>\n<\/p>\n<p><p class=\"block-img\"><img decoding=\"async\" src=\"https:\/\/yoopies.lu\/c\/wp-content\/uploads\/sites\/11\/2024\/06\/d129d6ef-f204-4576-88fd-df3dcc5e42fe_pexels-gabby-k-6238039.jpg\" alt=\"\"><\/p>\n<p>Mais pour en arriver l&agrave;,&nbsp;il faut savoir se vendre. Vous souhaitez attiser la curiosit&eacute; des parents et des &eacute;tudiants pour vous faire confiance&nbsp;? <\/p>\n<p>Vous vous demandez comment faire ? Vous souhaitez conna&icirc;tre les &eacute;l&eacute;ments indispensables pour<a target=\"_blank\" rel=\"noopener\" href=\"https:\/\/yoopies.lu\/c\/donner-des-cours-a-domicile1\"> donner des cours particuliers<\/a> et trouver des &eacute;l&egrave;ves ? Vous vous demandez quelle est la meilleure mani&egrave;re de se mettre en valeur ? <strong>Vos r&eacute;ponses, et bien plus encore, sont toutes dans cet article ! <\/strong><\/p>\n<p>Pour cela, il faut d&rsquo;abord commencer par la r&eacute;daction d&rsquo;une annonce&hellip; bien r&eacute;dig&eacute;e ! C&rsquo;est la premi&egrave;re chose que les &eacute;l&egrave;ves et les parents verront.<\/p>\n<\/p>\n<h2><strong>O&ugrave; mettre l&rsquo;annonce de cours particulier ? \ud83e\udd14<\/strong><\/h2>\n<\/p>\n<p>C&rsquo;est simple : Vous cr&eacute;ez une annonce dans votre espace personnel avec une petite photo, votre tarif horaire de soutien scolaire, vos disponibilit&eacute;s et vos coordonn&eacute;es. En r&eacute;pondant aux demandes des familles par un petit message, vous profitez de la r&eacute;servation et du paiement s&eacute;curis&eacute; en ligne d&egrave;s la fin de votre cours. Yoopies vous notifie m&ecirc;me par e-mail d&egrave;s que quelqu&rsquo;un s&rsquo;int&eacute;resse &agrave; votre profil.<\/p>\n<\/p>\n<p><strong>Vous avez besoin d&rsquo;un petit coup de main pour cr&eacute;er une annonce sur Yoopies et attirer l&rsquo;&oelig;il des parents ? Cette page est pour vous !<\/strong><\/p>\n<\/p>\n<p>Sachez que les familles ont besoin de se sentir rassur&eacute;es d&egrave;s le d&eacute;but. Votre annonce doit leur permettre de vous faire confiance. Donnez leur bonne impression d&egrave;s le d&eacute;but car la premi&egrave;re impression est toujours la plus importante.<\/p>\n<p>La description de votre profil est importante ici : vous &ecirc;tes une ado ? Une &eacute;tudiante &agrave; l&rsquo;universit&eacute; ? Vous avez 16 ans? 18 ans ? 24 ans ? Parlez ensuite de vos qualit&eacute;s et de votre amour pour le partage de votre savoir. Le cours particulier est un job qui demande du s&eacute;rieux, du dynamisme et une organisation. Rajouter le niveau scolaire dont vous voulez vous occuper : cela permettra aux familles de vous trouver plus vite. Indiquez &eacute;galement vos disponibilit&eacute;s : cours particuliers plut&ocirc;t occasionnels ? Cours particuliers r&eacute;guliers ? Durant la semaine, le week-end ou les deux ?<\/p>\n<p>Votre but est de rassurer la famille. Montrez-leur que vous &ecirc;tes la perle rare ! Une fois la description de votre profil finie, il est temps de parler de vos exp&eacute;riences. Avez-vous des dipl&ocirc;mes dans une sp&eacute;cialit&eacute; ? Vous souhaitez &ecirc;tre professeur particulier pour des cours de maths ? des cours d&rsquo;anglais ? cours de dessin ou encore cours de piano ? <\/p>\n<p>Avez-vous eu d&rsquo;autres &eacute;l&egrave;ves ? Comment avez-vous v&eacute;cu cette exp&eacute;rience ? Quels sont vos points forts ? C&rsquo;est une partie tr&egrave;s importante donc prenez le temps de bien la r&eacute;diger. Plus votre annonce est compl&egrave;te, plus vous serez contact&eacute; rapidement.<\/p>\n<\/p>\n<p class=\"block-img\"><img decoding=\"async\" src=\"https:\/\/yoopies.lu\/c\/wp-content\/uploads\/sites\/11\/2024\/06\/45823913-a8ea-40e2-a366-2801d4fea0c2_pexels-andrea-piacquadio-3769995.jpg\" alt=\"\"><\/p>\n<h2><strong>Des exemples d&rsquo;annonce de cours particuliers vous aideront peut-&ecirc;tre un peu plus ?\u270d<\/strong><\/h2>\n<p>Pour vous aider &agrave; &eacute;crire votre annonce de cours particuliers, votre annonce de soutien scolaire, trois exemples d&rsquo;annonces d&rsquo;&eacute;tudiants vous attendent. Inspirez-vous en ! <\/p>\n<h3><strong>Voici un premier exemple d&rsquo;annonce d&rsquo;une &eacute;tudiante pour des cours particuliers sur Yoopies ! \ud83d\udcaf<\/strong><\/h3>\n<\/p>\n<p>&laquo;&nbsp;Bonjour Madame, Monsieur,<br \/>\nActuellement &eacute;tudiante en premi&egrave;re ann&eacute;e &agrave; l&rsquo;Universit&eacute; Am&eacute;ricaine de Paris, je suis passionn&eacute;e par les m&eacute;tiers impliquant un fort relationnel. &Agrave; l&rsquo;&eacute;coute et dot&eacute;e d&rsquo;une patience incontestable, je me sens tout &agrave; fait comp&eacute;tente pour donner des cours particuliers, ou du soutien scolaire qui requiert un suivi et un accompagnement pour les devoirs de vos enfants. Mon exp&eacute;rience en garde d&rsquo;enfant a su aiguiser mon sens des responsabilit&eacute;s et ma capacit&eacute; &agrave; concentrer toute mon attention sur les enfants que je garde. Ma passion pour les m&eacute;tiers consistant &agrave; aider et soutenir ceux en besoin ont pouss&eacute; mon int&eacute;r&ecirc;t pour des &eacute;tudes de politique &agrave; l&rsquo;international dont je poursuis avec l&rsquo;ambition de travailler dans le domaine de l&rsquo;humanitaire. En effet, s&rsquo;occuper des autres a toujours &eacute;t&eacute; quelque chose de naturel pour moi, c&rsquo;est pourquoi appliquer ma personnalit&eacute; &agrave; mes &eacute;tudes et ma vie professionnelle fut une &eacute;vidence. J&rsquo;ai notamment pendant longtemps voulu poursuivre des &eacute;tudes dans l&rsquo;&eacute;ducation afin de devenir Professeur des &Eacute;coles. Toutefois mon int&eacute;r&ecirc;t pour la politique et l&rsquo;humanitaire a pris priorit&eacute; sur ce r&ecirc;ve.<br \/>\nJe poss&egrave;de un Baccalaur&eacute;at en fili&egrave;re sciences &eacute;conomique et sociale. J&rsquo;ai obtenu ce dipl&ocirc;me avec une mention tr&egrave;s bien avant de commencer les &eacute;tudes sup&eacute;rieures. Pour cette raison je suis capable de donner des cours &agrave; domicile et pouvoir apporter une aide qualitative &agrave; votre enfant. Je peux vous proposer des cours de maths, des cours d&rsquo;&eacute;conomie, des cours de langues et bien plus. &Eacute;tant &eacute;tudiante &agrave; l&rsquo;Universit&eacute; Am&eacute;ricaine de Paris et compl&egrave;tement bilingue (Fran&ccedil;ais-Anglais), je saurais parfaitement aider votre enfant gr&acirc;ce &agrave; des cours d&rsquo;anglais et des cours de fran&ccedil;ais si ses besoins sont recentr&eacute;s sur ces mati&egrave;res scolaires en particulier. S&eacute;rieuse et motiv&eacute;e, je suis disponible de suite et serais heureuse d&rsquo;aider votre enfant.<\/p>\n<\/p>\n<h3><strong>Allez, un deuxi&egrave;me exemple d&rsquo;annonce pour vous ! \ud83d\udccc<\/strong><\/h3>\n<\/p>\n<p>Bonjour,<\/p>\n<p>J&rsquo;habite &agrave; Paris. Etudiante en math&eacute;matiques, je me demandais o&ugrave; mettre mon annonce de cours particuliers pour donner des cours de maths ainsi que des cours d&rsquo;anglais ? Je me permets d&rsquo;&eacute;crire ma lettre de motivation sur Yoopies. Je donne des cours d&rsquo;anglais depuis plus de 3 ans maintenant, et je serais ravie de pouvoir aider vos enfants. Je pr&eacute;pare mes cours, je les personnalise par rapport au niveau de l&rsquo;enfant.<br \/>\nJe suis une personne &agrave; l&rsquo;&eacute;coute et je m&rsquo;assure toujours &agrave; ce que mes &eacute;l&egrave;ves soient &agrave; l&rsquo;aise en face de moi. La communication entre professeurs et &eacute;l&egrave;ves est pour moi la plus importante. Je peux donner des cours de soutien scolaire le week-end ou en soir&eacute;e durant la semaine, selon mes disponibilit&eacute;s pour tous niveaux. J&rsquo;aimerais utiliser mon temps libre afin de faire de l&rsquo;aide aux devoirs aux jeunes dans l&rsquo;apprentissage, la compr&eacute;hension de leurs le&ccedil;ons, et la r&eacute;alisation de leurs devoirs afin de leur apporter un soutien scolaire personnalis&eacute;. <br \/>\nN&rsquo;h&eacute;sitez pas &agrave; me contacter si vous avez des questions!\n<\/p>\n<\/p>\n<h3><strong>Annonce de cours particuliers incompl&egrave;te \u26d4 : les erreurs &agrave; ne pas faire. <\/strong><\/h3>\n<\/p>\n<p>&laquo;&nbsp;Bonjour, je suis disponible pour des cours de primaire et coll&egrave;ge dans diff&eacute;rentes mati&egrave;res. Merci de me contacter&nbsp;&raquo;<\/p>\n<\/p>\n<p>Dans le dernier exemple d&rsquo;annonce, malheureusement, rien n&rsquo;attire l&rsquo;attention de la famille recherchant une personne fiable pour des cours particuliers. Le site Yoopies vous propose durant la cr&eacute;ation de votre annonce, diff&eacute;rents crit&egrave;res vous permettant d&rsquo;apporter plus d&rsquo;informations : le permis, le PSC1, le nombre d&rsquo;ann&eacute;es d&rsquo;exp&eacute;rience&hellip; Yoopies vous assure qu&rsquo;il n&rsquo;y aura pas de mauvaise annonce !<\/p>\n<p> Selon les mati&egrave;res et les domaines, on rep&egrave;re des points communs entre les annonces :<\/p>\n<ul>\n<li>Soyez pr&eacute;cis&nbsp;dans la description des concepts li&eacute;s &agrave; la mati&egrave;re<\/li>\n<li>&Eacute;voquer&nbsp;des difficult&eacute;s potentielles&nbsp;que pourraient conna&icirc;tre les &eacute;l&egrave;ves en difficult&eacute;<\/li>\n<li>&Eacute;num&eacute;rer les r&eacute;alisations&nbsp;que vous avez d&eacute;j&agrave; men&eacute;es, ou que vous souhaiteriez mener <\/li>\n<li>Parler des avantages que les &eacute;l&egrave;ves pourraient obtenir gr&acirc;ce &agrave; vous : fiches de cours, banques d&rsquo;exercices, entra&icirc;nements intensifs, sujets d&rsquo;examens, suivi r&eacute;gulier, remise &agrave; niveau s&eacute;rieuse, obtention de meilleures notes et moyennes. <\/li>\n<li>&Eacute;voquer le tarif dans votre annonce :&nbsp;une absence de renseignements concrets pourraient refroidir les parents ou l&rsquo;&eacute;l&egrave;ve,<\/li>\n<li>Parler de&nbsp;votre parcours, de votre exp&eacute;rience, de vos dipl&ocirc;mes pour mettre en avant votre qualification dans le domaine\n<\/li>\n<\/ul>\n<p><strong>Vous avez tout ce qu&rsquo;il faut, avec tous ces conseils, pour bien r&eacute;diger votre annonce. Prenez bien votre temps, c&rsquo;est tr&egrave;s important ! <\/strong><\/p>\n<p>La r&eacute;daction de votre lettre de motivation vous permettra de trouver des &eacute;l&egrave;ves en cours particuliers tr&egrave;s rapidement et ainsi de vous pr&eacute;parer &agrave; votre premier cours de soutien scolaire. <\/p>\n<\/p>\n<p><a class=\"button\" href=\"https:\/\/yoopies.lu\/cours-particulier\">Inscrivez-vous et r\u00e9digez votre annonce sur Yoopies ! <\/a><\/p>\n","protected":false},"excerpt":{"rendered":"<p>Sommaire : Comment donner des cours particuliers &agrave; domicile ? O&ugrave; mettre l&rsquo;annonce de cours &hellip; <\/p>\n","protected":false},"author":10,"featured_media":52,"parent":0,"menu_order":0,"comment_status":"closed","ping_status":"closed","template":"","meta":{"_acf_changed":false,"footnotes":""},"class_list":["post-49","page","type-page","status-publish","has-post-thumbnail","hentry"],"acf":[],"yoast_head":"<!-- This site is optimized with the Yoast SEO plugin v26.9 - https:\/\/yoast.com\/product\/yoast-seo-wordpress\/ -->\n<title>Comment r\u00e9diger une annonce de cours particuliers ?<\/title>\n<meta name=\"description\" content=\"Vous avez besoin d&#039;aide pour r\u00e9diger votre annonce de cours particuliers ? Vous trouverez tous les conseils et astuces dans cet article r\u00e9dig\u00e9 par nos experts.\" \/>\n<meta name=\"robots\" content=\"index, follow, max-snippet:-1, max-image-preview:large, max-video-preview:-1\" \/>\n<link rel=\"canonical\" href=\"https:\/\/yoopies.lu\/c\/annonces-cours-particuliers\/\" \/>\n<meta property=\"og:locale\" content=\"fr_FR\" \/>\n<meta property=\"og:type\" content=\"article\" \/>\n<meta property=\"og:title\" content=\"Comment r\u00e9diger une annonce de cours particuliers ?\" \/>\n<meta property=\"og:description\" content=\"Vous avez besoin d&#039;aide pour r\u00e9diger votre annonce de cours particuliers ? Vous trouverez tous les conseils et astuces dans cet article r\u00e9dig\u00e9 par nos experts.\" \/>\n<meta property=\"og:url\" content=\"https:\/\/yoopies.lu\/c\/annonces-cours-particuliers\/\" \/>\n<meta property=\"og:site_name\" content=\"Yoopies Luxembourg\" \/>\n<meta property=\"article:modified_time\" content=\"2025-06-12T08:47:39+00:00\" \/>\n<meta property=\"og:image\" content=\"https:\/\/yoopies.lu\/c\/wp-content\/uploads\/sites\/11\/2024\/06\/d129d6ef-f204-4576-88fd-df3dcc5e42fe-pexels-gabby-k-6238039.jpg\" \/>\n\t<meta property=\"og:image:width\" content=\"1200\" \/>\n\t<meta property=\"og:image:height\" content=\"1800\" \/>\n\t<meta property=\"og:image:type\" content=\"image\/jpeg\" \/>\n<meta name=\"twitter:card\" content=\"summary_large_image\" \/>\n<meta name=\"twitter:label1\" content=\"Dur\u00e9e de lecture estim\u00e9e\" \/>\n\t<meta name=\"twitter:data1\" content=\"9 minutes\" \/>\n<script type=\"application\/ld+json\" class=\"yoast-schema-graph\">{\"@context\":\"https:\/\/schema.org\",\"@graph\":[{\"@type\":\"WebPage\",\"@id\":\"https:\/\/yoopies.lu\/c\/annonces-cours-particuliers\/\",\"url\":\"https:\/\/yoopies.lu\/c\/annonces-cours-particuliers\/\",\"name\":\"Comment r\u00e9diger une annonce de cours particuliers ?\",\"isPartOf\":{\"@id\":\"https:\/\/yoopies.lu\/c\/#website\"},\"primaryImageOfPage\":{\"@id\":\"https:\/\/yoopies.lu\/c\/annonces-cours-particuliers\/#primaryimage\"},\"image\":{\"@id\":\"https:\/\/yoopies.lu\/c\/annonces-cours-particuliers\/#primaryimage\"},\"thumbnailUrl\":\"https:\/\/yoopies.lu\/c\/wp-content\/uploads\/sites\/11\/2024\/06\/d129d6ef-f204-4576-88fd-df3dcc5e42fe-pexels-gabby-k-6238039.jpg\",\"datePublished\":\"2024-06-13T09:37:13+00:00\",\"dateModified\":\"2025-06-12T08:47:39+00:00\",\"description\":\"Vous avez besoin d'aide pour r\u00e9diger votre annonce de cours particuliers ? Vous trouverez tous les conseils et astuces dans cet article r\u00e9dig\u00e9 par nos experts.\",\"breadcrumb\":{\"@id\":\"https:\/\/yoopies.lu\/c\/annonces-cours-particuliers\/#breadcrumb\"},\"inLanguage\":\"fr-FR\",\"potentialAction\":[{\"@type\":\"ReadAction\",\"target\":[\"https:\/\/yoopies.lu\/c\/annonces-cours-particuliers\/\"]}]},{\"@type\":\"ImageObject\",\"inLanguage\":\"fr-FR\",\"@id\":\"https:\/\/yoopies.lu\/c\/annonces-cours-particuliers\/#primaryimage\",\"url\":\"https:\/\/yoopies.lu\/c\/wp-content\/uploads\/sites\/11\/2024\/06\/d129d6ef-f204-4576-88fd-df3dcc5e42fe-pexels-gabby-k-6238039.jpg\",\"contentUrl\":\"https:\/\/yoopies.lu\/c\/wp-content\/uploads\/sites\/11\/2024\/06\/d129d6ef-f204-4576-88fd-df3dcc5e42fe-pexels-gabby-k-6238039.jpg\",\"width\":1200,\"height\":1800},{\"@type\":\"BreadcrumbList\",\"@id\":\"https:\/\/yoopies.lu\/c\/annonces-cours-particuliers\/#breadcrumb\",\"itemListElement\":[{\"@type\":\"ListItem\",\"position\":1,\"name\":\"Home\",\"item\":\"https:\/\/yoopies.lu\/c\/\"},{\"@type\":\"ListItem\",\"position\":2,\"name\":\"Annonces de cours particuliers : comment vendre son savoir ?\"}]},{\"@type\":\"WebSite\",\"@id\":\"https:\/\/yoopies.lu\/c\/#website\",\"url\":\"https:\/\/yoopies.lu\/c\/\",\"name\":\"Yoopies Luxembourg\",\"description\":\"\",\"potentialAction\":[{\"@type\":\"SearchAction\",\"target\":{\"@type\":\"EntryPoint\",\"urlTemplate\":\"https:\/\/yoopies.lu\/c\/?s={search_term_string}\"},\"query-input\":{\"@type\":\"PropertyValueSpecification\",\"valueRequired\":true,\"valueName\":\"search_term_string\"}}],\"inLanguage\":\"fr-FR\"}]}<\/script>\n<!-- \/ Yoast SEO plugin. -->","yoast_head_json":{"title":"Comment r\u00e9diger une annonce de cours particuliers ?","description":"Vous avez besoin d'aide pour r\u00e9diger votre annonce de cours particuliers ? Vous trouverez tous les conseils et astuces dans cet article r\u00e9dig\u00e9 par nos experts.","robots":{"index":"index","follow":"follow","max-snippet":"max-snippet:-1","max-image-preview":"max-image-preview:large","max-video-preview":"max-video-preview:-1"},"canonical":"https:\/\/yoopies.lu\/c\/annonces-cours-particuliers\/","og_locale":"fr_FR","og_type":"article","og_title":"Comment r\u00e9diger une annonce de cours particuliers ?","og_description":"Vous avez besoin d'aide pour r\u00e9diger votre annonce de cours particuliers ? Vous trouverez tous les conseils et astuces dans cet article r\u00e9dig\u00e9 par nos experts.","og_url":"https:\/\/yoopies.lu\/c\/annonces-cours-particuliers\/","og_site_name":"Yoopies Luxembourg","article_modified_time":"2025-06-12T08:47:39+00:00","og_image":[{"width":1200,"height":1800,"url":"https:\/\/yoopies.lu\/c\/wp-content\/uploads\/sites\/11\/2024\/06\/d129d6ef-f204-4576-88fd-df3dcc5e42fe-pexels-gabby-k-6238039.jpg","type":"image\/jpeg"}],"twitter_card":"summary_large_image","twitter_misc":{"Dur\u00e9e de lecture estim\u00e9e":"9 minutes"},"schema":{"@context":"https:\/\/schema.org","@graph":[{"@type":"WebPage","@id":"https:\/\/yoopies.lu\/c\/annonces-cours-particuliers\/","url":"https:\/\/yoopies.lu\/c\/annonces-cours-particuliers\/","name":"Comment r\u00e9diger une annonce de cours particuliers ?","isPartOf":{"@id":"https:\/\/yoopies.lu\/c\/#website"},"primaryImageOfPage":{"@id":"https:\/\/yoopies.lu\/c\/annonces-cours-particuliers\/#primaryimage"},"image":{"@id":"https:\/\/yoopies.lu\/c\/annonces-cours-particuliers\/#primaryimage"},"thumbnailUrl":"https:\/\/yoopies.lu\/c\/wp-content\/uploads\/sites\/11\/2024\/06\/d129d6ef-f204-4576-88fd-df3dcc5e42fe-pexels-gabby-k-6238039.jpg","datePublished":"2024-06-13T09:37:13+00:00","dateModified":"2025-06-12T08:47:39+00:00","description":"Vous avez besoin d'aide pour r\u00e9diger votre annonce de cours particuliers ? Vous trouverez tous les conseils et astuces dans cet article r\u00e9dig\u00e9 par nos experts.","breadcrumb":{"@id":"https:\/\/yoopies.lu\/c\/annonces-cours-particuliers\/#breadcrumb"},"inLanguage":"fr-FR","potentialAction":[{"@type":"ReadAction","target":["https:\/\/yoopies.lu\/c\/annonces-cours-particuliers\/"]}]},{"@type":"ImageObject","inLanguage":"fr-FR","@id":"https:\/\/yoopies.lu\/c\/annonces-cours-particuliers\/#primaryimage","url":"https:\/\/yoopies.lu\/c\/wp-content\/uploads\/sites\/11\/2024\/06\/d129d6ef-f204-4576-88fd-df3dcc5e42fe-pexels-gabby-k-6238039.jpg","contentUrl":"https:\/\/yoopies.lu\/c\/wp-content\/uploads\/sites\/11\/2024\/06\/d129d6ef-f204-4576-88fd-df3dcc5e42fe-pexels-gabby-k-6238039.jpg","width":1200,"height":1800},{"@type":"BreadcrumbList","@id":"https:\/\/yoopies.lu\/c\/annonces-cours-particuliers\/#breadcrumb","itemListElement":[{"@type":"ListItem","position":1,"name":"Home","item":"https:\/\/yoopies.lu\/c\/"},{"@type":"ListItem","position":2,"name":"Annonces de cours particuliers : comment vendre son savoir ?"}]},{"@type":"WebSite","@id":"https:\/\/yoopies.lu\/c\/#website","url":"https:\/\/yoopies.lu\/c\/","name":"Yoopies Luxembourg","description":"","potentialAction":[{"@type":"SearchAction","target":{"@type":"EntryPoint","urlTemplate":"https:\/\/yoopies.lu\/c\/?s={search_term_string}"},"query-input":{"@type":"PropertyValueSpecification","valueRequired":true,"valueName":"search_term_string"}}],"inLanguage":"fr-FR"}]}},"_links":{"self":[{"href":"https:\/\/yoopies.lu\/c\/wp-json\/wp\/v2\/pages\/49","targetHints":{"allow":["GET"]}}],"collection":[{"href":"https:\/\/yoopies.lu\/c\/wp-json\/wp\/v2\/pages"}],"about":[{"href":"https:\/\/yoopies.lu\/c\/wp-json\/wp\/v2\/types\/page"}],"author":[{"embeddable":true,"href":"https:\/\/yoopies.lu\/c\/wp-json\/wp\/v2\/users\/10"}],"replies":[{"embeddable":true,"href":"https:\/\/yoopies.lu\/c\/wp-json\/wp\/v2\/comments?post=49"}],"version-history":[{"count":1,"href":"https:\/\/yoopies.lu\/c\/wp-json\/wp\/v2\/pages\/49\/revisions"}],"predecessor-version":[{"id":53,"href":"https:\/\/yoopies.lu\/c\/wp-json\/wp\/v2\/pages\/49\/revisions\/53"}],"wp:featuredmedia":[{"embeddable":true,"href":"https:\/\/yoopies.lu\/c\/wp-json\/wp\/v2\/media\/52"}],"wp:attachment":[{"href":"https:\/\/yoopies.lu\/c\/wp-json\/wp\/v2\/media?parent=49"}],"curies":[{"name":"wp","href":"https:\/\/api.w.org\/{rel}","templated":true}]}}