{"id":88,"date":"2024-04-28T22:44:33","date_gmt":"2024-04-28T22:44:33","guid":{"rendered":"https:\/\/blog.yoopies.lu\/annonce-garde-animaux\/"},"modified":"2025-06-12T08:47:39","modified_gmt":"2025-06-12T08:47:39","slug":"annonce-garde-animaux","status":"publish","type":"page","link":"https:\/\/yoopies.lu\/c\/annonce-garde-animaux\/","title":{"rendered":"\u00c9crire une annonce pour \u00eatre garde d&rsquo;animaux"},"content":{"rendered":"<p><p>Vous cherchez &agrave; garder des animaux pr&egrave;s de votre domicile pour aider les parents ? Pet-sitter occasionnel, &eacute;tudiante ; le site Yoopies vous permet de trouver votre job de garde d&rsquo;animaux en quelques clics, selon vos disponibilit&eacute;s, et gr&acirc;ce au syst&egrave;me de g&eacute;olocalisation. Les familles postent chaque jour des annonces sur yoopies.lu, afin de trouver la perle rare ! <\/p>\n<p>La recherche est rapide et vous pourrez postuler en quelques clics sur Yoopies !<\/p>\n<p>C&rsquo;est simple : Vous cr&eacute;ez une annonce dans votre espace personnel avec une petite photo, votre tarif horaire, vos disponibilit&eacute;s et vos coordonn&eacute;es. En r&eacute;pondant aux demandes des familles par un petit message, vous profitez de la r&eacute;servation et du paiement s&eacute;curis&eacute; en ligne d&egrave;s la fin de votre garde d&rsquo;animaux.<\/p>\n<p>Yoopies vous notifie m&ecirc;me par e-mail d&egrave;s que quelqu&rsquo;un s&rsquo;int&eacute;resse &agrave; votre profil.<\/p>\n<p><strong>Vous avez besoin d&rsquo;un petit coup de main pour cr&eacute;er une annonce sur Yoopies et attirer l&rsquo;&oelig;il des parents ? Cette page est pour vous !<\/strong><\/p>\n<\/p>\n<p class=\"block-img\"><img decoding=\"async\" src=\"https:\/\/yoopies.lu\/c\/wp-content\/uploads\/sites\/11\/2024\/04\/de363c85-8801-4aa3-9e73-a9cdccb2147b_pexels-sam-lion-5732505-min.jpg\" alt=\"annonce garde d'animaux\"><\/p>\n<\/p>\n<h2><strong>La r&eacute;daction de votre annonce pour &ecirc;tre garde d&rsquo;animaux <\/strong><\/h2>\n<\/p>\n<p>Sachez que les familles vous confient leurs animaux, ils ont donc besoin de se sentir rassur&eacute;es d&egrave;s le d&eacute;but. Votre annonce doit leur permettre de vous faire confiance. Donnez leur bonne impression d&egrave;s le d&eacute;but ! La premi&egrave;re impression est toujours la plus importante.<\/p>\n<p>La description de votre profil est importante ici : vous &ecirc;tes un.e ado ? Un.e &eacute;tudiant.e ? Vous avez 18 ans ? 24 ans ? Ou plus ? Parlez ensuite de vos qualit&eacute;s et de votre amour pour les animaux. Le pet sitting est un job qui demande du s&eacute;rieux, du dynamisme et une organisation. Rajoutez le type d&rsquo;animal dont vous voulez vous occuper : cela permettra aux familles de vous trouver plus vite. Indiquez &eacute;galement vos disponibilit&eacute;s : pet sitting plut&ocirc;t occasionnel ? pet sitting r&eacute;gulier ? durant la semaine ou le week-end ou les deux ? durant les vacances d&rsquo;&eacute;t&eacute; ? <\/p>\n<p>Votre but est de rassurer la famille. Montrez-leur que vous &ecirc;tes la perle rare ! Une fois la description de votre profil finie, il est temps de parler de vos exp&eacute;riences avec les animaux, m&ecirc;me de ceux de vos proches. Avez-vous d&eacute;j&agrave; fait de la garde d&rsquo;animaux ? Si oui, combien de temps ? Pour quelle occasion ? Comment avez-vous v&eacute;cu cette exp&eacute;rience ? Avez-vous des dipl&ocirc;mes ? Quels sont vos points forts ? Le bain ? Les promenades ? Les visites ? C&rsquo;est une partie tr&egrave;s importante donc prenez le temps de bien la r&eacute;diger. Plus votre annonce est compl&egrave;te, plus vous serez contact&eacute; rapidement.<\/p>\n<\/p>\n<h4><strong>Des exemples d&rsquo;annonces de garde d&rsquo;animaux vous aideront peut-&ecirc;tre un peu plus ?<\/strong><\/h4>\n<\/p>\n<p><strong>Voici un exemple d&rsquo;annonce de garde d&rsquo;animaux pour vous : <\/strong><\/p>\n<p>Bonjour,<\/p>\n<p>Je suis XXX, &acirc;g&eacute;e de 23 ans, &eacute;tudiante v&eacute;t&eacute;rinaire.  <\/p>\n<p>Passionn&eacute;e d&rsquo;animaux, je vous propose mes services en tant que pet-sitter. S&eacute;rieuse et rigoureuse, je suis une personne de confiance et c&rsquo;est avec plaisir que je prends soin de garder des animaux pendant l&rsquo;absence de leur ma&icirc;tre. <\/p>\n<p>Je suis dispos&eacute;e &agrave; garder les animaux chez moi (rongeurs, chats, chiens, volatiles, poissons et reptiles) mais peux &eacute;galement me d&eacute;placer au domicile de la client&egrave;le. Ayant toujours &eacute;t&eacute; entour&eacute;e d&rsquo;animaux depuis mon plus jeune &acirc;ge, je saurais leur tenir compagnie, les sortir en balade, prendre soin de leur apporter de l&rsquo;affection et g&eacute;rer les repas. Je suis disponible tous les jours &agrave; partir de 17 heures, et &eacute;galement toute la journ&eacute;e les week-ends. <\/p>\n<p>S&eacute;rieuse, volontaire, dynamique et sociable, vous pouvez me laisser vos animaux en toute s&eacute;r&eacute;nit&eacute; car je saurai veiller &agrave; leur bien-&ecirc;tre comme si ils &eacute;taient les miens. Tr&egrave;s touch&eacute;e par la cause animale, je suis la personne id&eacute;ale &agrave; qui confier son animal de compagnie. <\/p>\n<p>Motiv&eacute;e &agrave; l&rsquo;id&eacute;e de vous proposer mes services, je me tiens &agrave; votre enti&egrave;re disposition pour toute autre information et convenir d&rsquo;un &eacute;ventuel entretien. <\/p>\n<p>Signature. <\/p>\n<\/p>\n<p><strong>Une deuxi&egrave;me annonce de garde d&rsquo;animaux vous aidera certainement un peu plus pour r&eacute;diger la v&ocirc;tre : <\/strong><\/p>\n<p>Bonjour, <\/p>\n<p>Je suis XXX, &acirc;g&eacute;e de 26 ans. Je suis actuellement en poste &agrave; mi-temps.<\/p>\n<p>Je suis donc disponible les matin&eacute;es pour garder votre ou vos petit(s) loulou(s) &agrave; votre domicile, du lundi au vendredi (+certains samedis). J&rsquo;aurai la possibilit&eacute; de rester la journ&eacute;e si n&eacute;cessaire les 2 premi&egrave;res semaines d&rsquo;ao&ucirc;t. Je peux &eacute;galement faire de simples visites ou promenades si besoin.<\/p>\n<p>V&eacute;ritable passionn&eacute;e des animaux, j&rsquo;en ai eu moi-m&ecirc;me de nombreux depuis enfant : chats, lapins, chiens, cochons d&rsquo;Inde&#8230; J&rsquo;ai eu la chance de suivre une formation qui m&rsquo;a permis d&rsquo;obtenir le Certificat de Capacit&eacute; pour les Animaux Domestiques. J&rsquo;ai &eacute;galement fait presque un an de b&eacute;n&eacute;volat dans un refuge. De nature douce et joviale, je serais ravie de profiter du plein air avec votre compagnon domestique lors de balades diverses, de le nettoyer, le nourrir et &eacute;videmment de donner autant d&rsquo;amour et de c&acirc;lins que n&eacute;cessaire. <br \/>\nDouce, s&eacute;rieuse et dynamique, je suis &agrave; l&rsquo;&eacute;coute de vos besoins et de ceux de votre animal pour qu&rsquo;il se sente le mieux possible en votre absence. Je vis dans l&rsquo;Essonne et j&rsquo;ai la possibilit&eacute; de me d&eacute;placer dans (presque) toute la r&eacute;gion parisienne.<\/p>\n<p>Mes points forts sont : <\/p>\n<ul>\n<li>R&egrave;gles et consignes de s&eacute;curit&eacute;<\/li>\n<li>Planifier des rendez-vous<\/li>\n<li>R&egrave;gles d&rsquo;hygi&egrave;ne et de propret&eacute;<\/li>\n<li>Autonomie<\/li>\n<li>Sens de l&rsquo;organisation<\/li>\n<\/ul>\n<p>N&rsquo;h&eacute;sitez pas &agrave; me contacter si vous souhaitez plus d&rsquo;informations, &agrave; bient&ocirc;t !<\/p>\n<\/p>\n<p><strong>Jamais deux sans trois ! <\/strong><\/p>\n<p>Bonjour,<br \/>\nJe suis une r&eacute;elle amoureuse des animaux !<\/p>\n<p>J&rsquo;ai toujours eu des animaux (chiens, chats, serpents, poissons en aquarium (eau douce), tortues de terre, cochons d&rsquo;inde, gerbilles, souris, rats, lapins&#8230;) et j&rsquo;adore interagir avec eux. Je suis particuli&egrave;rement &agrave; l&rsquo;aise avec les chats. Je ne prom&egrave;ne pas les chiens mais je peux m&rsquo;occuper de vos NACs. Je suis une femme digne de confiance et vous pouvez &ecirc;tre s&ucirc;r que je ferai tout pour que votre animal soit le plus heureux possible malgr&eacute; votre absence. Vous recevrez, &agrave; chaque visite, des photos et vid&eacute;os si vous le souhaitez pour vous rassurer et vous faire plaisir.<\/p>\n<p>Je suis donc ravie de vous proposer mes services en tant que pet-Sitter pour prendre soin de vos compagnons &agrave; 4 pattes durant vos vacances ou pour des sorties hebdomadaires et\/ou quotidiennes. Ma situation professionnelle en tant qu&rsquo;animatrice &agrave; l&rsquo;&eacute;cole me permet d&rsquo;avoir des horaires flexibles durant l&rsquo;ann&eacute;e scolaire et d&rsquo;&ecirc;tre totalement libre de Juin &agrave; Septembre.<\/p>\n<p>Je peux rester une heure minimum chez vous, le temps de m&rsquo;occuper correctement de l&rsquo;eau, la nourriture, l&rsquo;hygi&egrave;ne \/ la liti&egrave;re, le brossage, les c&acirc;lins et la conversation. J&rsquo;habite Paris centre et je me d&eacute;place tr&egrave;s facilement en transports en commun. Je propose de m&rsquo;occuper de vos plantes d&rsquo;int&eacute;rieur ou de balcon et de monter votre courrier, sans co&ucirc;t suppl&eacute;mentaire, &eacute;videmment. Nous pouvons nous rencontrer en amont avec plaisir.<\/p>\n<p>A bient&ocirc;t, je l&rsquo;esp&egrave;re.<\/p>\n<\/p>\n<p><strong>Vous avez tout ce qu&rsquo;il faut, avec tous ces conseils, pour bien r&eacute;diger votre annonce de garde d&rsquo;animaux. <\/strong><\/p>\n<p><strong>Prenez bien votre temps, c&rsquo;est tr&egrave;s important ! <\/strong><\/p>\n<\/p>\n<p><a class=\"button\" href=\"https:\/\/yoopies.lu\/pet-sitter\">Vous aimez\u00a0garder les animaux\u00a0? R\u00e9digez votre annonce d\u00e8s maintenant ! <\/a><\/p>\n<p><p>Consultez &eacute;galement les articles <a target=\"_blank\" rel=\"noopener\" href=\"https:\/\/yoopies.lu\/c\/annonce-baby-sitting-lettre-de-motivation-garde-d-enfant\">baby sitting annonce<\/a> ; <a target=\"_blank\" rel=\"noopener\" href=\"https:\/\/yoopies.lu\/c\/annonce-assistante-maternelle\">annonce assistante maternelle<\/a> ;<a target=\"_blank\" rel=\"noopener\" href=\"https:\/\/yoopies.lu\/c\/annonce-garde-animaux\"> annonce cours particuliers<\/a> ; <a target=\"_blank\" rel=\"noopener\" href=\"https:\/\/yoopies.lu\/c\/lettre-de-motivation-aide-a-domicile\">annonce dame de compagnie<\/a> et <a target=\"_blank\" rel=\"noopener\" href=\"https:\/\/yoopies.lu\/c\/annonces-aide-menagere\">annonce femme de m&eacute;nage<\/a><\/p><\/p>\n","protected":false},"excerpt":{"rendered":"<p>Vous cherchez &agrave; garder des animaux pr&egrave;s de votre domicile pour aider les parents ? &hellip; <\/p>\n","protected":false},"author":10,"featured_media":90,"parent":0,"menu_order":0,"comment_status":"closed","ping_status":"closed","template":"","meta":{"_acf_changed":false,"footnotes":""},"class_list":["post-88","page","type-page","status-publish","has-post-thumbnail","hentry"],"acf":[],"yoast_head":"<!-- This site is optimized with the Yoast SEO plugin v26.9 - https:\/\/yoast.com\/product\/yoast-seo-wordpress\/ -->\n<title>Comment r\u00e9diger une annonce pour \u00eatre garde d&#039;animaux ?<\/title>\n<meta name=\"description\" content=\"Vous \u00eates passionn\u00e9(e) par les animaux\u00a0? R\u00e9digez votre annonce d\u00e8s maintenant en suivant tous les conseils de cet article pour \u00eatre garde d&#039;animaux !\" \/>\n<meta name=\"robots\" content=\"index, follow, max-snippet:-1, max-image-preview:large, max-video-preview:-1\" \/>\n<link rel=\"canonical\" href=\"https:\/\/yoopies.lu\/c\/annonce-garde-animaux\/\" \/>\n<meta property=\"og:locale\" content=\"fr_FR\" \/>\n<meta property=\"og:type\" content=\"article\" \/>\n<meta property=\"og:title\" content=\"Comment r\u00e9diger une annonce pour \u00eatre garde d&#039;animaux ?\" \/>\n<meta property=\"og:description\" content=\"Vous \u00eates passionn\u00e9(e) par les animaux\u00a0? R\u00e9digez votre annonce d\u00e8s maintenant en suivant tous les conseils de cet article pour \u00eatre garde d&#039;animaux !\" \/>\n<meta property=\"og:url\" content=\"https:\/\/yoopies.lu\/c\/annonce-garde-animaux\/\" \/>\n<meta property=\"og:site_name\" content=\"Yoopies Luxembourg\" \/>\n<meta property=\"article:modified_time\" content=\"2025-06-12T08:47:39+00:00\" \/>\n<meta property=\"og:image\" content=\"https:\/\/yoopies.lu\/c\/wp-content\/uploads\/sites\/11\/2024\/04\/de363c85-8801-4aa3-9e73-a9cdccb2147b-pexels-sam-lion-5732505-min.jpg\" \/>\n\t<meta property=\"og:image:width\" content=\"1200\" \/>\n\t<meta property=\"og:image:height\" content=\"800\" \/>\n\t<meta property=\"og:image:type\" content=\"image\/jpeg\" \/>\n<meta name=\"twitter:card\" content=\"summary_large_image\" \/>\n<meta name=\"twitter:label1\" content=\"Dur\u00e9e de lecture estim\u00e9e\" \/>\n\t<meta name=\"twitter:data1\" content=\"7 minutes\" \/>\n<script type=\"application\/ld+json\" class=\"yoast-schema-graph\">{\"@context\":\"https:\/\/schema.org\",\"@graph\":[{\"@type\":\"WebPage\",\"@id\":\"https:\/\/yoopies.lu\/c\/annonce-garde-animaux\/\",\"url\":\"https:\/\/yoopies.lu\/c\/annonce-garde-animaux\/\",\"name\":\"Comment r\u00e9diger une annonce pour \u00eatre garde d'animaux ?\",\"isPartOf\":{\"@id\":\"https:\/\/yoopies.lu\/c\/#website\"},\"primaryImageOfPage\":{\"@id\":\"https:\/\/yoopies.lu\/c\/annonce-garde-animaux\/#primaryimage\"},\"image\":{\"@id\":\"https:\/\/yoopies.lu\/c\/annonce-garde-animaux\/#primaryimage\"},\"thumbnailUrl\":\"https:\/\/yoopies.lu\/c\/wp-content\/uploads\/sites\/11\/2024\/04\/de363c85-8801-4aa3-9e73-a9cdccb2147b-pexels-sam-lion-5732505-min.jpg\",\"datePublished\":\"2024-04-28T22:44:33+00:00\",\"dateModified\":\"2025-06-12T08:47:39+00:00\",\"description\":\"Vous \u00eates passionn\u00e9(e) par les animaux\u00a0? R\u00e9digez votre annonce d\u00e8s maintenant en suivant tous les conseils de cet article pour \u00eatre garde d'animaux !\",\"breadcrumb\":{\"@id\":\"https:\/\/yoopies.lu\/c\/annonce-garde-animaux\/#breadcrumb\"},\"inLanguage\":\"fr-FR\",\"potentialAction\":[{\"@type\":\"ReadAction\",\"target\":[\"https:\/\/yoopies.lu\/c\/annonce-garde-animaux\/\"]}]},{\"@type\":\"ImageObject\",\"inLanguage\":\"fr-FR\",\"@id\":\"https:\/\/yoopies.lu\/c\/annonce-garde-animaux\/#primaryimage\",\"url\":\"https:\/\/yoopies.lu\/c\/wp-content\/uploads\/sites\/11\/2024\/04\/de363c85-8801-4aa3-9e73-a9cdccb2147b-pexels-sam-lion-5732505-min.jpg\",\"contentUrl\":\"https:\/\/yoopies.lu\/c\/wp-content\/uploads\/sites\/11\/2024\/04\/de363c85-8801-4aa3-9e73-a9cdccb2147b-pexels-sam-lion-5732505-min.jpg\",\"width\":1200,\"height\":800},{\"@type\":\"BreadcrumbList\",\"@id\":\"https:\/\/yoopies.lu\/c\/annonce-garde-animaux\/#breadcrumb\",\"itemListElement\":[{\"@type\":\"ListItem\",\"position\":1,\"name\":\"Home\",\"item\":\"https:\/\/yoopies.lu\/c\/\"},{\"@type\":\"ListItem\",\"position\":2,\"name\":\"\u00c9crire une annonce pour \u00eatre garde d&rsquo;animaux\"}]},{\"@type\":\"WebSite\",\"@id\":\"https:\/\/yoopies.lu\/c\/#website\",\"url\":\"https:\/\/yoopies.lu\/c\/\",\"name\":\"Yoopies Luxembourg\",\"description\":\"\",\"potentialAction\":[{\"@type\":\"SearchAction\",\"target\":{\"@type\":\"EntryPoint\",\"urlTemplate\":\"https:\/\/yoopies.lu\/c\/?s={search_term_string}\"},\"query-input\":{\"@type\":\"PropertyValueSpecification\",\"valueRequired\":true,\"valueName\":\"search_term_string\"}}],\"inLanguage\":\"fr-FR\"}]}<\/script>\n<!-- \/ Yoast SEO plugin. -->","yoast_head_json":{"title":"Comment r\u00e9diger une annonce pour \u00eatre garde d'animaux ?","description":"Vous \u00eates passionn\u00e9(e) par les animaux\u00a0? R\u00e9digez votre annonce d\u00e8s maintenant en suivant tous les conseils de cet article pour \u00eatre garde d'animaux !","robots":{"index":"index","follow":"follow","max-snippet":"max-snippet:-1","max-image-preview":"max-image-preview:large","max-video-preview":"max-video-preview:-1"},"canonical":"https:\/\/yoopies.lu\/c\/annonce-garde-animaux\/","og_locale":"fr_FR","og_type":"article","og_title":"Comment r\u00e9diger une annonce pour \u00eatre garde d'animaux ?","og_description":"Vous \u00eates passionn\u00e9(e) par les animaux\u00a0? R\u00e9digez votre annonce d\u00e8s maintenant en suivant tous les conseils de cet article pour \u00eatre garde d'animaux !","og_url":"https:\/\/yoopies.lu\/c\/annonce-garde-animaux\/","og_site_name":"Yoopies Luxembourg","article_modified_time":"2025-06-12T08:47:39+00:00","og_image":[{"width":1200,"height":800,"url":"https:\/\/yoopies.lu\/c\/wp-content\/uploads\/sites\/11\/2024\/04\/de363c85-8801-4aa3-9e73-a9cdccb2147b-pexels-sam-lion-5732505-min.jpg","type":"image\/jpeg"}],"twitter_card":"summary_large_image","twitter_misc":{"Dur\u00e9e de lecture estim\u00e9e":"7 minutes"},"schema":{"@context":"https:\/\/schema.org","@graph":[{"@type":"WebPage","@id":"https:\/\/yoopies.lu\/c\/annonce-garde-animaux\/","url":"https:\/\/yoopies.lu\/c\/annonce-garde-animaux\/","name":"Comment r\u00e9diger une annonce pour \u00eatre garde d'animaux ?","isPartOf":{"@id":"https:\/\/yoopies.lu\/c\/#website"},"primaryImageOfPage":{"@id":"https:\/\/yoopies.lu\/c\/annonce-garde-animaux\/#primaryimage"},"image":{"@id":"https:\/\/yoopies.lu\/c\/annonce-garde-animaux\/#primaryimage"},"thumbnailUrl":"https:\/\/yoopies.lu\/c\/wp-content\/uploads\/sites\/11\/2024\/04\/de363c85-8801-4aa3-9e73-a9cdccb2147b-pexels-sam-lion-5732505-min.jpg","datePublished":"2024-04-28T22:44:33+00:00","dateModified":"2025-06-12T08:47:39+00:00","description":"Vous \u00eates passionn\u00e9(e) par les animaux\u00a0? R\u00e9digez votre annonce d\u00e8s maintenant en suivant tous les conseils de cet article pour \u00eatre garde d'animaux !","breadcrumb":{"@id":"https:\/\/yoopies.lu\/c\/annonce-garde-animaux\/#breadcrumb"},"inLanguage":"fr-FR","potentialAction":[{"@type":"ReadAction","target":["https:\/\/yoopies.lu\/c\/annonce-garde-animaux\/"]}]},{"@type":"ImageObject","inLanguage":"fr-FR","@id":"https:\/\/yoopies.lu\/c\/annonce-garde-animaux\/#primaryimage","url":"https:\/\/yoopies.lu\/c\/wp-content\/uploads\/sites\/11\/2024\/04\/de363c85-8801-4aa3-9e73-a9cdccb2147b-pexels-sam-lion-5732505-min.jpg","contentUrl":"https:\/\/yoopies.lu\/c\/wp-content\/uploads\/sites\/11\/2024\/04\/de363c85-8801-4aa3-9e73-a9cdccb2147b-pexels-sam-lion-5732505-min.jpg","width":1200,"height":800},{"@type":"BreadcrumbList","@id":"https:\/\/yoopies.lu\/c\/annonce-garde-animaux\/#breadcrumb","itemListElement":[{"@type":"ListItem","position":1,"name":"Home","item":"https:\/\/yoopies.lu\/c\/"},{"@type":"ListItem","position":2,"name":"\u00c9crire une annonce pour \u00eatre garde d&rsquo;animaux"}]},{"@type":"WebSite","@id":"https:\/\/yoopies.lu\/c\/#website","url":"https:\/\/yoopies.lu\/c\/","name":"Yoopies Luxembourg","description":"","potentialAction":[{"@type":"SearchAction","target":{"@type":"EntryPoint","urlTemplate":"https:\/\/yoopies.lu\/c\/?s={search_term_string}"},"query-input":{"@type":"PropertyValueSpecification","valueRequired":true,"valueName":"search_term_string"}}],"inLanguage":"fr-FR"}]}},"_links":{"self":[{"href":"https:\/\/yoopies.lu\/c\/wp-json\/wp\/v2\/pages\/88","targetHints":{"allow":["GET"]}}],"collection":[{"href":"https:\/\/yoopies.lu\/c\/wp-json\/wp\/v2\/pages"}],"about":[{"href":"https:\/\/yoopies.lu\/c\/wp-json\/wp\/v2\/types\/page"}],"author":[{"embeddable":true,"href":"https:\/\/yoopies.lu\/c\/wp-json\/wp\/v2\/users\/10"}],"replies":[{"embeddable":true,"href":"https:\/\/yoopies.lu\/c\/wp-json\/wp\/v2\/comments?post=88"}],"version-history":[{"count":1,"href":"https:\/\/yoopies.lu\/c\/wp-json\/wp\/v2\/pages\/88\/revisions"}],"predecessor-version":[{"id":91,"href":"https:\/\/yoopies.lu\/c\/wp-json\/wp\/v2\/pages\/88\/revisions\/91"}],"wp:featuredmedia":[{"embeddable":true,"href":"https:\/\/yoopies.lu\/c\/wp-json\/wp\/v2\/media\/90"}],"wp:attachment":[{"href":"https:\/\/yoopies.lu\/c\/wp-json\/wp\/v2\/media?parent=88"}],"curies":[{"name":"wp","href":"https:\/\/api.w.org\/{rel}","templated":true}]}}