{"id":96,"date":"2024-04-28T23:03:30","date_gmt":"2024-04-28T23:03:30","guid":{"rendered":"https:\/\/blog.yoopies.lu\/annonces-aide-menagere\/"},"modified":"2025-06-12T08:47:39","modified_gmt":"2025-06-12T08:47:39","slug":"annonces-aide-menagere","status":"publish","type":"page","link":"https:\/\/yoopies.lu\/c\/annonces-aide-menagere\/","title":{"rendered":"Comment \u00e9crire une annonce d&rsquo;aide m\u00e9nag\u00e8re ?"},"content":{"rendered":"<p><h4><strong>Vous souhaitez r&eacute;diger votre annonce pour devenir aide m&eacute;nag&egrave;re ?<\/strong><\/h4>\n<\/p>\n<p>Vous souhaitez <a target=\"_blank\" rel=\"noopener\" href=\"https:\/\/yoopies.lu\/emploi-femme-de-menage\">&ecirc;tre aide m&eacute;nag&egrave;re ou femme de m&eacute;nage &agrave; domicile <\/a>? Vous poss&eacute;dez les comp&eacute;tences et le savoir-&ecirc;tre pour exercer ce job ?  Rien de plus simple aujourd&rsquo;hui. Le site <a target=\"_self\" rel=\"noopener\" href=\"https:\/\/yoopies.lu\/\">Yoopies<\/a> vous permet de trouver votre job en quelques clics, selon vos disponibilit&eacute;s, et gr&acirc;ce au syst&egrave;me de g&eacute;olocalisation. Les familles postent chaque jour des annonces sur yoopies.fr, afin de trouver la perle rare ! <\/p>\n<p>La recherche est rapide et vous pourrez postuler en quelques clics sur Yoopies ! <\/p>\n<p class=\"block-img\"><img decoding=\"async\" src=\"https:\/\/yoopies.lu\/c\/wp-content\/uploads\/sites\/11\/2024\/04\/2f6aaa0b-0ff9-451f-b4bf-117382ce6222_c4ce062e-27af-425a-8020-f1b99d4a34cf_cleaning2Bmirror-1.jpg\" alt=\"aide m&eacute;nag&egrave;re\"><\/p>\n<p>Mais pour en arriver l&agrave;,&nbsp;il faut savoir se vendre. Vous souhaitez attiser la curiosit&eacute; des familles pour vous faire confiance&nbsp;? <strong>Vous avez besoin d&rsquo;un petit coup de main pour cr&eacute;er une annonce sur Yoopies et attirer l&rsquo;&oelig;il des familles ? Cette page est pour vous !<\/strong><\/p>\n<p>Vous vous demandez comment faire ? Vous souhaitez conna&icirc;tre les &eacute;l&eacute;ments indispensables pour cr&eacute;er votre annonce et trouver des familles? Vous vous demandez quelle est la meilleure mani&egrave;re de se mettre en valeur ? Vos r&eacute;ponses, et bien plus encore, sont toutes dans cet article ! <\/p>\n<p>Pour cela, il faut d&rsquo;abord commencer par la r&eacute;daction d&rsquo;une annonce&hellip; bien r&eacute;dig&eacute;e ! C&rsquo;est la premi&egrave;re chose que les familles verront.<\/p>\n<p>C&rsquo;est simple : Vous cr&eacute;ez une annonce dans votre espace personnel avec une petite photo, votre tarif horaire, vos disponibilit&eacute;s et vos coordonn&eacute;es. En r&eacute;pondant aux demandes des familles par un petit message, vous profitez de la r&eacute;servation et du paiement s&eacute;curis&eacute; en ligne d&egrave;s la fin de votre mission d&rsquo;aide m&eacute;nag&egrave;re. Yoopies vous notifie m&ecirc;me par e-mail d&egrave;s que quelqu&rsquo;un s&rsquo;int&eacute;resse &agrave; votre profil ! <\/p>\n<\/p>\n<h2><strong>Annonce d&rsquo;aide m&eacute;nag&egrave;re : comment &eacute;crire une lettre de motivation parfaite ?<\/strong><\/h2>\n<\/p>\n<p>Sachez que les familles ont besoin de se sentir rassur&eacute;es d&egrave;s le d&eacute;but. Votre annonce doit leur permettre de vous faire confiance. Donnez leur bonne impression d&egrave;s le d&eacute;but ! La premi&egrave;re impression est toujours la plus importante.<\/p>\n<p>La description de votre profil dans votre lettre de motivation est importante : vous &ecirc;tes un(e) &eacute;tudiant(e) &agrave; l&rsquo;universit&eacute; ? Vous &ecirc;tes maman ou papa ? Parlez ensuite de vos<a target=\"_blank\" rel=\"noopener\" href=\"https:\/\/yoopies.lu\/c\/qualites-aide-menagere\"> qualit&eacute;s <\/a>d&rsquo;aide m&eacute;nag&egrave;re et de votre int&eacute;r&ecirc;t pour le m&eacute;nage et la propret&eacute;. L&rsquo;aide m&eacute;nag&egrave;re parfaite est celle qui a l&rsquo;&oelig;il pour rep&eacute;rer la poussi&egrave;re, celle qui sait assurer un nettoyage parfait dans les moindres recoins, sans ab&icirc;mer les surfaces ni les objets tout en &eacute;tant rapide et efficace. La ma&icirc;trise de ces savoir-faire est indispensable, non seulement pour gagner du temps mais &eacute;galement pour &eacute;conomiser les efforts inutiles et limiter les mauvais mouvements du corps. <\/p>\n<p>Faire du m&eacute;nage est un job qui demande du s&eacute;rieux, du dynamisme et une organisation. Indiquez ensuite vos disponibilit&eacute;s : aide m&eacute;nag&egrave;re plut&ocirc;t occasionnels ? aide m&eacute;nag&egrave;re r&eacute;guliers ? aide m&eacute;nag&egrave;re durant la semaine, le week-end ou les deux ? aide m&eacute;nag&egrave;re pendant les vacances ? <\/p>\n<p>&Ecirc;tre aide m&eacute;nag&egrave;re requiert de nombreuses qualit&eacute;s : un comportement irr&eacute;prochable car vous entrez dans l&rsquo;intimit&eacute; de votre client, une grande discr&eacute;tion, et une pr&eacute;caution particuli&egrave;re pour prendre soin de l&rsquo;espace qui vous est confi&eacute;. Votre but est de rassurer la famille. Montrez-leur que vous &ecirc;tes la perle rare ! Une fois la description de votre profil finie, il est temps de parler de vos exp&eacute;riences. Avez-vous des dipl&ocirc;mes ? &Ecirc;tes-vous d&eacute;j&agrave; aide m&eacute;nag&egrave;re chez d&rsquo;autres familles ? Comment avez-vous v&eacute;cu cette exp&eacute;rience ? Quels sont vos points forts ? C&rsquo;est une partie tr&egrave;s importante donc prenez le temps de bien la r&eacute;diger. Plus votre annonce est compl&egrave;te, plus vous serez contact&eacute; rapidement.<\/p>\n<\/p>\n<h2><strong>Des exemples d&rsquo;annonces d&rsquo;aide m&eacute;nag&egrave;re pour mieux vous aider ! <\/strong><\/h2>\n<\/p>\n<p><strong>Voici un exemple d&rsquo;annonce d&rsquo;une femme souhaitant &ecirc;tre aide m&eacute;nag&egrave;re sur <a target=\"_self\" rel=\"noopener\" href=\"https:\/\/yoopies.lu\/\">Yoopies<\/a> ! <\/strong><\/p>\n<p>\u00ab\u00a0Bonjour,<br \/>\nJe voudrais vous proposer ma candidature pour &ecirc;tre femme de m&eacute;nage afin que je puisse effectuer le m&eacute;nage ou repassage &agrave; votre domicile. Je suis disponible tous les vendredi et samedi la journ&eacute;e et &eacute;galement la semaine &agrave; partir de 15h30 -16h.<br \/>\nJe travaille dans un h&ocirc;tel et je connais parfaitement le travail de femme de chambre, de grand nettoyage et de niveau d&rsquo;exigence. Je poss&egrave;de 10 ans d&rsquo;exp&eacute;rience dans ce domaine. Actuellement, je suis un ch&ocirc;mage partiel et je suis disponible imm&eacute;diatement.<br \/>\nN&rsquo;h&eacute;sitez pas &agrave; me contacter si vous avez besoin de plus d&rsquo;informations de ma part.<br \/>\nTr&egrave;s cordialement\u00a0\u00bb<\/p>\n<\/p>\n<p><strong>Allez, un deuxi&egrave;me exemple d&rsquo;annonce pour vous !<\/strong><\/p>\n<p>Bonjour,<br \/>\nVous cherchez une femme de m&eacute;nage ? Je suis en micro entreprise sur Cubnezais, je vous offre mes services m&eacute;nage et repassage &agrave; domicile. Vous pouvez b&eacute;n&eacute;ficier d&rsquo;une r&eacute;duction d&rsquo;imp&ocirc;ts. Je travaille pour les particuliers et les professionnels. Je pratique le nettoyage des sols , vitres ,meubles ,etc&#8230; Je vous offre un petit service retouches<br \/>\nJe me d&eacute;place et je vous livre . J&rsquo;accepte d&rsquo;&ecirc;tre r&eacute;gl&eacute;e en ch&egrave;que emploi service.<br \/>\nN&rsquo;h&eacute;sitez pas &agrave; me contacter si vous avez besoin il est toujours possible de se rencontrer et de voir ensemble.<\/p>\n<\/p>\n<p><strong>Un petit dernier ? <\/strong><\/p>\n<p>Bonjour,<br \/>\nJe suis micro-entrepreneur en aide &agrave; domicile ayant d&eacute;j&agrave; de l&rsquo;exp&eacute;rience avec des entreprises ( h&ocirc;tel, ch&acirc;teau) et m&ecirc;me avec des particuliers je propose &agrave; mettre mes comp&eacute;tences et qualit&eacute;s en votre disposition. Je suis une femme qui a de l&rsquo;exp&eacute;rience dans l&rsquo;entretien d&rsquo;une maison car j&rsquo;ai travaill&eacute; pendant 30 ans dans un h&ocirc;tel en tant que femme de chambre. J&rsquo;avais 18 chambres &agrave; faire en une journ&eacute;e. Donc le m&eacute;nage &ccedil;a me connait. De plus je suis hyper maniaque chaque chose dans mon appartement est rang&eacute; de fa&ccedil;on &agrave; ce que ma maison respire.<\/p>\n<p> Je m&rsquo;occupe de t&acirc;ches suivantes :<br \/>\n* l&rsquo;entretien de la maison et de tout travaux m&eacute;nagers de la vie domestiques : m&eacute;nage et rangement (inf&eacute;rieur de la maison)<br \/>\n* Nettoyage des vitres<br \/>\n*Lavage &agrave; la main (linge d&eacute;licat);<br \/>\n*Vaisselle(lavage, rangement)<br \/>\n*servir &agrave; table<br \/>\n*Nettoyage des sanitaires<br \/>\n*Lavage du linge(trier, mettre en machine, &eacute;tendre)<br \/>\n*Repassage<br \/>\n*Cuisine( pr&eacute;paration des simples repas)<br \/>\n*Achat des courses<br \/>\nDisponibilit&eacute; du lundi au dimanche 7\/7 .<\/p>\n<p>N&rsquo;h&eacute;sitez plus &agrave; me contacter, c&rsquo;est moi la f&eacute;e du logis qu&rsquo;il vous faut pour faire briller votre appartement.<\/p>\n<\/p>\n<p><strong>Vous avez tout ce qu&rsquo;il faut, avec tous ces conseils, pour bien r&eacute;diger votre annonce. Prenez bien votre temps, c&rsquo;est tr&egrave;s important ! <\/strong><\/p>\n<p>Consultez &eacute;galement les articles <a target=\"_blank\" rel=\"noopener\" href=\"https:\/\/yoopies.lu\/c\/annonce-baby-sitting-lettre-de-motivation-garde-d-enfant\">baby sitting annonce<\/a> ;<a target=\"_blank\" rel=\"noopener\" href=\"https:\/\/yoopies.lu\/c\/annonce-assistante-maternelle\"> annonce assistante maternelle<\/a> ;<a target=\"_blank\" rel=\"noopener\" href=\"https:\/\/yoopies.lu\/c\/annonce-garde-animaux\"> annonce garde d&rsquo;animaux<\/a>, <a target=\"_blank\" rel=\"noopener\" href=\"https:\/\/yoopies.lu\/c\/lettre-de-motivation-aide-a-domicile\">annonce dame de compagnie<\/a> et <a target=\"_blank\" rel=\"noopener\" href=\"https:\/\/yoopies.lu\/c\/annonces-cours-particuliers\">annonce cours particuliers<\/a><\/p>\n<\/p>\n<p><a class=\"button\" href=\"https:\/\/yoopies.lu\/emploi-menage\">Devenez aide m\u00e9nag\u00e8re en un clic ! <\/a><\/p>\n<p><p><strong>A tr&egrave;s vite sur Yoopies ! <\/strong><\/p><\/p>\n","protected":false},"excerpt":{"rendered":"<p>Vous souhaitez r&eacute;diger votre annonce pour devenir aide m&eacute;nag&egrave;re ? Vous souhaitez &ecirc;tre aide m&eacute;nag&egrave;re &hellip; <\/p>\n","protected":false},"author":10,"featured_media":98,"parent":0,"menu_order":0,"comment_status":"closed","ping_status":"closed","template":"","meta":{"_acf_changed":false,"footnotes":""},"class_list":["post-96","page","type-page","status-publish","has-post-thumbnail","hentry"],"acf":[],"yoast_head":"<!-- This site is optimized with the Yoast SEO plugin v26.9 - https:\/\/yoast.com\/product\/yoast-seo-wordpress\/ -->\n<title>Annonces pour devenir aide m\u00e9nag\u00e8re<\/title>\n<meta name=\"description\" content=\"Vous avez besoin d\u2019un coup de main pour cr\u00e9er une annonce sur Yoopies et attirer l\u2019\u0153il des familles pour devenir aide m\u00e9nag\u00e8re ? Consultez notre article.\" \/>\n<meta name=\"robots\" content=\"index, follow, max-snippet:-1, max-image-preview:large, max-video-preview:-1\" \/>\n<link rel=\"canonical\" href=\"https:\/\/yoopies.lu\/c\/annonces-aide-menagere\/\" \/>\n<meta property=\"og:locale\" content=\"fr_FR\" \/>\n<meta property=\"og:type\" content=\"article\" \/>\n<meta property=\"og:title\" content=\"Annonces pour devenir aide m\u00e9nag\u00e8re\" \/>\n<meta property=\"og:description\" content=\"Vous avez besoin d\u2019un coup de main pour cr\u00e9er une annonce sur Yoopies et attirer l\u2019\u0153il des familles pour devenir aide m\u00e9nag\u00e8re ? Consultez notre article.\" \/>\n<meta property=\"og:url\" content=\"https:\/\/yoopies.lu\/c\/annonces-aide-menagere\/\" \/>\n<meta property=\"og:site_name\" content=\"Yoopies Luxembourg\" \/>\n<meta property=\"article:modified_time\" content=\"2025-06-12T08:47:39+00:00\" \/>\n<meta property=\"og:image\" content=\"https:\/\/yoopies.lu\/c\/wp-content\/uploads\/sites\/11\/2024\/04\/2f6aaa0b-0ff9-451f-b4bf-117382ce6222-c4ce062e-27af-425a-8020-f1b99d4a34cf-cleaning2bmirror.jpg\" \/>\n\t<meta property=\"og:image:width\" content=\"1200\" \/>\n\t<meta property=\"og:image:height\" content=\"401\" \/>\n\t<meta property=\"og:image:type\" content=\"image\/jpeg\" \/>\n<meta name=\"twitter:card\" content=\"summary_large_image\" \/>\n<meta name=\"twitter:label1\" content=\"Dur\u00e9e de lecture estim\u00e9e\" \/>\n\t<meta name=\"twitter:data1\" content=\"7 minutes\" \/>\n<script type=\"application\/ld+json\" class=\"yoast-schema-graph\">{\"@context\":\"https:\/\/schema.org\",\"@graph\":[{\"@type\":\"WebPage\",\"@id\":\"https:\/\/yoopies.lu\/c\/annonces-aide-menagere\/\",\"url\":\"https:\/\/yoopies.lu\/c\/annonces-aide-menagere\/\",\"name\":\"Annonces pour devenir aide m\u00e9nag\u00e8re\",\"isPartOf\":{\"@id\":\"https:\/\/yoopies.lu\/c\/#website\"},\"primaryImageOfPage\":{\"@id\":\"https:\/\/yoopies.lu\/c\/annonces-aide-menagere\/#primaryimage\"},\"image\":{\"@id\":\"https:\/\/yoopies.lu\/c\/annonces-aide-menagere\/#primaryimage\"},\"thumbnailUrl\":\"https:\/\/yoopies.lu\/c\/wp-content\/uploads\/sites\/11\/2024\/04\/2f6aaa0b-0ff9-451f-b4bf-117382ce6222-c4ce062e-27af-425a-8020-f1b99d4a34cf-cleaning2bmirror.jpg\",\"datePublished\":\"2024-04-28T23:03:30+00:00\",\"dateModified\":\"2025-06-12T08:47:39+00:00\",\"description\":\"Vous avez besoin d\u2019un coup de main pour cr\u00e9er une annonce sur Yoopies et attirer l\u2019\u0153il des familles pour devenir aide m\u00e9nag\u00e8re ? Consultez notre article.\",\"breadcrumb\":{\"@id\":\"https:\/\/yoopies.lu\/c\/annonces-aide-menagere\/#breadcrumb\"},\"inLanguage\":\"fr-FR\",\"potentialAction\":[{\"@type\":\"ReadAction\",\"target\":[\"https:\/\/yoopies.lu\/c\/annonces-aide-menagere\/\"]}]},{\"@type\":\"ImageObject\",\"inLanguage\":\"fr-FR\",\"@id\":\"https:\/\/yoopies.lu\/c\/annonces-aide-menagere\/#primaryimage\",\"url\":\"https:\/\/yoopies.lu\/c\/wp-content\/uploads\/sites\/11\/2024\/04\/2f6aaa0b-0ff9-451f-b4bf-117382ce6222-c4ce062e-27af-425a-8020-f1b99d4a34cf-cleaning2bmirror.jpg\",\"contentUrl\":\"https:\/\/yoopies.lu\/c\/wp-content\/uploads\/sites\/11\/2024\/04\/2f6aaa0b-0ff9-451f-b4bf-117382ce6222-c4ce062e-27af-425a-8020-f1b99d4a34cf-cleaning2bmirror.jpg\",\"width\":1200,\"height\":401},{\"@type\":\"BreadcrumbList\",\"@id\":\"https:\/\/yoopies.lu\/c\/annonces-aide-menagere\/#breadcrumb\",\"itemListElement\":[{\"@type\":\"ListItem\",\"position\":1,\"name\":\"Home\",\"item\":\"https:\/\/yoopies.lu\/c\/\"},{\"@type\":\"ListItem\",\"position\":2,\"name\":\"Comment \u00e9crire une annonce d&rsquo;aide m\u00e9nag\u00e8re ?\"}]},{\"@type\":\"WebSite\",\"@id\":\"https:\/\/yoopies.lu\/c\/#website\",\"url\":\"https:\/\/yoopies.lu\/c\/\",\"name\":\"Yoopies Luxembourg\",\"description\":\"\",\"potentialAction\":[{\"@type\":\"SearchAction\",\"target\":{\"@type\":\"EntryPoint\",\"urlTemplate\":\"https:\/\/yoopies.lu\/c\/?s={search_term_string}\"},\"query-input\":{\"@type\":\"PropertyValueSpecification\",\"valueRequired\":true,\"valueName\":\"search_term_string\"}}],\"inLanguage\":\"fr-FR\"}]}<\/script>\n<!-- \/ Yoast SEO plugin. -->","yoast_head_json":{"title":"Annonces pour devenir aide m\u00e9nag\u00e8re","description":"Vous avez besoin d\u2019un coup de main pour cr\u00e9er une annonce sur Yoopies et attirer l\u2019\u0153il des familles pour devenir aide m\u00e9nag\u00e8re ? Consultez notre article.","robots":{"index":"index","follow":"follow","max-snippet":"max-snippet:-1","max-image-preview":"max-image-preview:large","max-video-preview":"max-video-preview:-1"},"canonical":"https:\/\/yoopies.lu\/c\/annonces-aide-menagere\/","og_locale":"fr_FR","og_type":"article","og_title":"Annonces pour devenir aide m\u00e9nag\u00e8re","og_description":"Vous avez besoin d\u2019un coup de main pour cr\u00e9er une annonce sur Yoopies et attirer l\u2019\u0153il des familles pour devenir aide m\u00e9nag\u00e8re ? Consultez notre article.","og_url":"https:\/\/yoopies.lu\/c\/annonces-aide-menagere\/","og_site_name":"Yoopies Luxembourg","article_modified_time":"2025-06-12T08:47:39+00:00","og_image":[{"width":1200,"height":401,"url":"https:\/\/yoopies.lu\/c\/wp-content\/uploads\/sites\/11\/2024\/04\/2f6aaa0b-0ff9-451f-b4bf-117382ce6222-c4ce062e-27af-425a-8020-f1b99d4a34cf-cleaning2bmirror.jpg","type":"image\/jpeg"}],"twitter_card":"summary_large_image","twitter_misc":{"Dur\u00e9e de lecture estim\u00e9e":"7 minutes"},"schema":{"@context":"https:\/\/schema.org","@graph":[{"@type":"WebPage","@id":"https:\/\/yoopies.lu\/c\/annonces-aide-menagere\/","url":"https:\/\/yoopies.lu\/c\/annonces-aide-menagere\/","name":"Annonces pour devenir aide m\u00e9nag\u00e8re","isPartOf":{"@id":"https:\/\/yoopies.lu\/c\/#website"},"primaryImageOfPage":{"@id":"https:\/\/yoopies.lu\/c\/annonces-aide-menagere\/#primaryimage"},"image":{"@id":"https:\/\/yoopies.lu\/c\/annonces-aide-menagere\/#primaryimage"},"thumbnailUrl":"https:\/\/yoopies.lu\/c\/wp-content\/uploads\/sites\/11\/2024\/04\/2f6aaa0b-0ff9-451f-b4bf-117382ce6222-c4ce062e-27af-425a-8020-f1b99d4a34cf-cleaning2bmirror.jpg","datePublished":"2024-04-28T23:03:30+00:00","dateModified":"2025-06-12T08:47:39+00:00","description":"Vous avez besoin d\u2019un coup de main pour cr\u00e9er une annonce sur Yoopies et attirer l\u2019\u0153il des familles pour devenir aide m\u00e9nag\u00e8re ? Consultez notre article.","breadcrumb":{"@id":"https:\/\/yoopies.lu\/c\/annonces-aide-menagere\/#breadcrumb"},"inLanguage":"fr-FR","potentialAction":[{"@type":"ReadAction","target":["https:\/\/yoopies.lu\/c\/annonces-aide-menagere\/"]}]},{"@type":"ImageObject","inLanguage":"fr-FR","@id":"https:\/\/yoopies.lu\/c\/annonces-aide-menagere\/#primaryimage","url":"https:\/\/yoopies.lu\/c\/wp-content\/uploads\/sites\/11\/2024\/04\/2f6aaa0b-0ff9-451f-b4bf-117382ce6222-c4ce062e-27af-425a-8020-f1b99d4a34cf-cleaning2bmirror.jpg","contentUrl":"https:\/\/yoopies.lu\/c\/wp-content\/uploads\/sites\/11\/2024\/04\/2f6aaa0b-0ff9-451f-b4bf-117382ce6222-c4ce062e-27af-425a-8020-f1b99d4a34cf-cleaning2bmirror.jpg","width":1200,"height":401},{"@type":"BreadcrumbList","@id":"https:\/\/yoopies.lu\/c\/annonces-aide-menagere\/#breadcrumb","itemListElement":[{"@type":"ListItem","position":1,"name":"Home","item":"https:\/\/yoopies.lu\/c\/"},{"@type":"ListItem","position":2,"name":"Comment \u00e9crire une annonce d&rsquo;aide m\u00e9nag\u00e8re ?"}]},{"@type":"WebSite","@id":"https:\/\/yoopies.lu\/c\/#website","url":"https:\/\/yoopies.lu\/c\/","name":"Yoopies Luxembourg","description":"","potentialAction":[{"@type":"SearchAction","target":{"@type":"EntryPoint","urlTemplate":"https:\/\/yoopies.lu\/c\/?s={search_term_string}"},"query-input":{"@type":"PropertyValueSpecification","valueRequired":true,"valueName":"search_term_string"}}],"inLanguage":"fr-FR"}]}},"_links":{"self":[{"href":"https:\/\/yoopies.lu\/c\/wp-json\/wp\/v2\/pages\/96","targetHints":{"allow":["GET"]}}],"collection":[{"href":"https:\/\/yoopies.lu\/c\/wp-json\/wp\/v2\/pages"}],"about":[{"href":"https:\/\/yoopies.lu\/c\/wp-json\/wp\/v2\/types\/page"}],"author":[{"embeddable":true,"href":"https:\/\/yoopies.lu\/c\/wp-json\/wp\/v2\/users\/10"}],"replies":[{"embeddable":true,"href":"https:\/\/yoopies.lu\/c\/wp-json\/wp\/v2\/comments?post=96"}],"version-history":[{"count":1,"href":"https:\/\/yoopies.lu\/c\/wp-json\/wp\/v2\/pages\/96\/revisions"}],"predecessor-version":[{"id":99,"href":"https:\/\/yoopies.lu\/c\/wp-json\/wp\/v2\/pages\/96\/revisions\/99"}],"wp:featuredmedia":[{"embeddable":true,"href":"https:\/\/yoopies.lu\/c\/wp-json\/wp\/v2\/media\/98"}],"wp:attachment":[{"href":"https:\/\/yoopies.lu\/c\/wp-json\/wp\/v2\/media?parent=96"}],"curies":[{"name":"wp","href":"https:\/\/api.w.org\/{rel}","templated":true}]}}